{"id":861,"date":"2022-07-05T14:23:24","date_gmt":"2022-07-05T19:23:24","guid":{"rendered":"https:\/\/kpnsafety.com\/uy\/?post_type=product&#038;p=861"},"modified":"2026-03-31T17:19:59","modified_gmt":"2026-03-31T22:19:59","slug":"gafas-de-proteccion-con-ventilacion","status":"publish","type":"product","link":"https:\/\/www.kpnsafety.com\/py\/producto\/gafas-de-proteccion-con-ventilacion\/","title":{"rendered":"Gafas de protecci\u00f3n con ventilaci\u00f3n"},"content":{"rendered":"<p>[vc_row][vc_column][vc_column_text]<strong>General<\/strong><\/p>\n<ul>\n<li><strong>Peso<\/strong>: 140g.<\/li>\n<li><strong>Dimensiones<\/strong>: 22 x 9 cm.<\/li>\n<li><strong>\u00c1ngulo de visi\u00f3n<\/strong>: 220\u00ba.<\/li>\n<\/ul>\n<p><strong>Montura<\/strong><\/p>\n<ul>\n<li><strong>Materiales<\/strong>: PVC negro con banda de espuma ign\u00edfuga.<\/li>\n<li><strong>Cinta<\/strong>: Tejido el\u00e1stico a prueba de fuego.<\/li>\n<li><strong>Anchura<\/strong>: 25 mm.<\/li>\n<\/ul>\n<p><strong>Lentes<\/strong><\/p>\n<ul>\n<li><strong>Materiales<\/strong>: PC transparente + AC transparente.<\/li>\n<li><strong>Tratamiento<\/strong>: AS + AF.<\/li>\n<li><strong>Espesor<\/strong>: 2,8 + 0,5.<\/li>\n<li><strong>Clase \u00f3ptica<\/strong>: 1<\/li>\n<\/ul>\n<p>[\/vc_column_text][\/vc_column][\/vc_row][vc_row disable_element=\u00bbyes\u00bb][vc_column width=\u00bb1\/2&#8243;][vc_single_image image=\u00bb702&#8243; img_size=\u00bbfull\u00bb alignment=\u00bbcenter\u00bb][\/vc_column][vc_column width=\u00bb1\/2&#8243;][\/vc_column][\/vc_row]<\/p>\n","protected":false},"excerpt":{"rendered":"<p>Las gafas de protecci\u00f3n tienen un dise\u00f1o envolvente que permite una adaptaci\u00f3n perfecta a la cara. Contorno con espuma ergon\u00f3mica y antial\u00e9rgica que ofrece gran comodidad en el uso intensivo. Poseen sistema de fijaci\u00f3n r\u00e1pida y lente doble de policarbonato, interior anti-empa\u00f1amiento y exterior anti-ara\u00f1azos. Fabricados con materiales de alta calidad y robustos, proporcionan la protecci\u00f3n necesaria en las condiciones m\u00e1s extremas.<\/p>\n<p><em>Normas: EN 166, EN 170, EN 14458<\/em><\/p>\n<p>&nbsp;<\/p>\n<p><a class=\"accion\" href=\"https:\/\/kpnsafety.com\/py\/contacto\/\" target=\"_blank\" rel=\"noopener\">Solicitar presupuesto<\/a><\/p>\n<p><a class=\"accion\" href=\"https:\/\/api.whatsapp.com\/send?phone=59894351535\" target=\"_blank\" rel=\"noopener\">Contactar un consultor<\/a><\/p>\n","protected":false},"featured_media":768,"template":"","meta":[],"product_brand":[],"product_cat":[31,59,71],"product_tag":[],"class_list":{"0":"post-861","1":"product","2":"type-product","3":"status-publish","4":"has-post-thumbnail","6":"product_cat-proteccion-contra-incendios","7":"product_cat-incendios-forestales","8":"product_cat-epi-incendios-forestales-proteccion-contra-incendios","10":"first","11":"instock","12":"shipping-taxable","13":"product-type-simple"},"_links":{"self":[{"href":"https:\/\/www.kpnsafety.com\/py\/wp-json\/wp\/v2\/product\/861","targetHints":{"allow":["GET"]}}],"collection":[{"href":"https:\/\/www.kpnsafety.com\/py\/wp-json\/wp\/v2\/product"}],"about":[{"href":"https:\/\/www.kpnsafety.com\/py\/wp-json\/wp\/v2\/types\/product"}],"wp:featuredmedia":[{"embeddable":true,"href":"https:\/\/www.kpnsafety.com\/py\/wp-json\/wp\/v2\/media\/768"}],"wp:attachment":[{"href":"https:\/\/www.kpnsafety.com\/py\/wp-json\/wp\/v2\/media?parent=861"}],"wp:term":[{"taxonomy":"product_brand","embeddable":true,"href":"https:\/\/www.kpnsafety.com\/py\/wp-json\/wp\/v2\/product_brand?post=861"},{"taxonomy":"product_cat","embeddable":true,"href":"https:\/\/www.kpnsafety.com\/py\/wp-json\/wp\/v2\/product_cat?post=861"},{"taxonomy":"product_tag","embeddable":true,"href":"https:\/\/www.kpnsafety.com\/py\/wp-json\/wp\/v2\/product_tag?post=861"}],"curies":[{"name":"wp","href":"https:\/\/api.w.org\/{rel}","templated":true}]}}