{"id":879,"date":"2022-07-05T15:21:34","date_gmt":"2022-07-05T20:21:34","guid":{"rendered":"https:\/\/kpnsafety.com\/uy\/?post_type=product&#038;p=879"},"modified":"2025-02-07T15:15:28","modified_gmt":"2025-02-07T20:15:28","slug":"casco-moderno-cairns-664-invader","status":"publish","type":"product","link":"https:\/\/www.kpnsafety.com\/py\/producto\/casco-moderno-cairns-664-invader\/","title":{"rendered":"CASCO MODERNO CAIRNS 664 INVADER"},"content":{"rendered":"<p>[vc_row][vc_column][vc_column_text]El compuesto de fibra de vidrio sin corrosi\u00f3n a trav\u00e9s de este moderno casco de protecci\u00f3n contra incendios resiste el agrietamiento y el astillado. Disponible con el popular Defender Viewer de MSA, que se puede subir o bajar f\u00e1cilmente con una mano enguantada.<\/p>\n<p>Cuenta con sistema \u00fanico de liberaci\u00f3n de concha (SRL) , tiene incorporado un visor defender de 4\u201d,Protecci\u00f3n de nuca en material Nomex color amarillo. Cintas reflectivas color amarillo. Barboquejo material en Nomex. Cumple con la norma NFPA 1971 (estructural y de aproximidad). Tama\u00f1o: 16.2 a 21,3 cm[\/vc_column_text][\/vc_column][\/vc_row][vc_row disable_element=\u00bbyes\u00bb][vc_column width=\u00bb1\/2&#8243;][vc_single_image image=\u00bb702&#8243; img_size=\u00bbfull\u00bb alignment=\u00bbcenter\u00bb][\/vc_column][vc_column width=\u00bb1\/2&#8243;][\/vc_column][\/vc_row]<\/p>\n","protected":false},"excerpt":{"rendered":"<p>Dise\u00f1ado para adaptarse a una cualquier tama\u00f1oss de cabeza para un ajuste de m\u00e1scara SCBA, la carcasa proporciona una protecci\u00f3n superior contra el impacto y la temperatura. Cuenta con el sistema Shell Release System para escapar de los peligros de enganches de manera segura. El compuesto de fibra de vidrio sin corrosi\u00f3n resiste el agrietamiento y el astillado.<br \/>\nCUMPLE CON NFPA 1971 EDICION 2018<\/p>\n<p>&nbsp;<\/p>\n<p><a class=\"accion\" href=\"https:\/\/kpnsafety.com\/py\/contacto\/\" target=\"_blank\" rel=\"noopener\">Solicitar presupuesto<\/a><\/p>\n<p>&nbsp;<\/p>\n<p><a class=\"accion\" href=\"https:\/\/api.whatsapp.com\/send?phone=59894351535\" target=\"_blank\" rel=\"noopener\">Contactar un consultorhttps:\/\/api.whatsapp.com\/send?phone=59894351535<\/a><\/p>\n","protected":false},"featured_media":781,"template":"","meta":[],"product_brand":[],"product_cat":[31,64],"product_tag":[],"class_list":{"0":"post-879","1":"product","2":"type-product","3":"status-publish","4":"has-post-thumbnail","6":"product_cat-proteccion-contra-incendios","7":"product_cat-incendios-estructurales","9":"first","10":"instock","11":"shipping-taxable","12":"product-type-simple"},"_links":{"self":[{"href":"https:\/\/www.kpnsafety.com\/py\/wp-json\/wp\/v2\/product\/879","targetHints":{"allow":["GET"]}}],"collection":[{"href":"https:\/\/www.kpnsafety.com\/py\/wp-json\/wp\/v2\/product"}],"about":[{"href":"https:\/\/www.kpnsafety.com\/py\/wp-json\/wp\/v2\/types\/product"}],"wp:featuredmedia":[{"embeddable":true,"href":"https:\/\/www.kpnsafety.com\/py\/wp-json\/wp\/v2\/media\/781"}],"wp:attachment":[{"href":"https:\/\/www.kpnsafety.com\/py\/wp-json\/wp\/v2\/media?parent=879"}],"wp:term":[{"taxonomy":"product_brand","embeddable":true,"href":"https:\/\/www.kpnsafety.com\/py\/wp-json\/wp\/v2\/product_brand?post=879"},{"taxonomy":"product_cat","embeddable":true,"href":"https:\/\/www.kpnsafety.com\/py\/wp-json\/wp\/v2\/product_cat?post=879"},{"taxonomy":"product_tag","embeddable":true,"href":"https:\/\/www.kpnsafety.com\/py\/wp-json\/wp\/v2\/product_tag?post=879"}],"curies":[{"name":"wp","href":"https:\/\/api.w.org\/{rel}","templated":true}]}}