{"id":880,"date":"2022-07-05T15:23:14","date_gmt":"2022-07-05T20:23:14","guid":{"rendered":"https:\/\/kpnsafety.com\/uy\/?post_type=product&#038;p=880"},"modified":"2025-02-07T12:07:08","modified_gmt":"2025-02-07T17:07:08","slug":"casco-para-bomberos-cairns-xf1","status":"publish","type":"product","link":"https:\/\/www.kpnsafety.com\/py\/producto\/casco-para-bomberos-cairns-xf1\/","title":{"rendered":"CASCO PARA BOMBEROS CAIRNS\u00ae XF1"},"content":{"rendered":"<p>[vc_row][vc_column][vc_column_text]<\/p>\n<ul>\n<li>Iluminaci\u00f3n integrada frontal y lateral para mejorar el conocimiento de la situaci\u00f3n.<\/li>\n<li>Comunicaciones integradas con un auricular interno para maximizar la interacci\u00f3n del bombero.<\/li>\n<li>Es f\u00e1cil de desmontar, limpiar y volver a instalar los art\u00edculos blandos de los cascos contra incendios, lo que ayuda a los bomberos a cumplir con los programas de concientizaci\u00f3n sobre el c\u00e1ncer publicados por organizaciones como la Red de Apoyo contra el C\u00e1ncer para Bomberos (FCSN).<\/li>\n<\/ul>\n<p>[\/vc_column_text][\/vc_column][\/vc_row][vc_row disable_element=\u00bbyes\u00bb][vc_column width=\u00bb1\/2&#8243;][vc_single_image image=\u00bb702&#8243; img_size=\u00bbfull\u00bb alignment=\u00bbcenter\u00bb][\/vc_column][vc_column width=\u00bb1\/2&#8243;][\/vc_column][\/vc_row]<\/p>\n","protected":false},"excerpt":{"rendered":"<p>Dise\u00f1o jet-style, dise\u00f1ados pensando tanto en el confort como en la seguridad.<\/p>\n<p>Al no contar con su ala permite introducirse con mayor facilidad en espacios reducidos sin perder el casco. Cuenta con visor claro integrado, cubre cuello y sistema de iluminaci\u00f3n LED integrado. El dise\u00f1o modular facilita el desensamble para la inspecci\u00f3n completa, el cuidado y el mantenimiento.<\/p>\n<p>Cumplen con las normas NFPA 1971 y 1951<\/p>\n<p>&nbsp;<\/p>\n<p><a class=\"accion\" href=\"https:\/\/kpnsafety.com\/py\/contacto\/\" target=\"_blank\" rel=\"noopener\">Solicitar presupuesto<\/a><\/p>\n<p><a class=\"accion\" href=\"https:\/\/api.whatsapp.com\/send?phone=59894351535\" target=\"_blank\" rel=\"noopener\">Contactar un consultor<\/a><\/p>\n","protected":false},"featured_media":782,"template":"","meta":[],"product_brand":[],"product_cat":[31,64],"product_tag":[],"class_list":{"0":"post-880","1":"product","2":"type-product","3":"status-publish","4":"has-post-thumbnail","6":"product_cat-proteccion-contra-incendios","7":"product_cat-incendios-estructurales","9":"first","10":"instock","11":"shipping-taxable","12":"product-type-simple"},"_links":{"self":[{"href":"https:\/\/www.kpnsafety.com\/py\/wp-json\/wp\/v2\/product\/880","targetHints":{"allow":["GET"]}}],"collection":[{"href":"https:\/\/www.kpnsafety.com\/py\/wp-json\/wp\/v2\/product"}],"about":[{"href":"https:\/\/www.kpnsafety.com\/py\/wp-json\/wp\/v2\/types\/product"}],"wp:featuredmedia":[{"embeddable":true,"href":"https:\/\/www.kpnsafety.com\/py\/wp-json\/wp\/v2\/media\/782"}],"wp:attachment":[{"href":"https:\/\/www.kpnsafety.com\/py\/wp-json\/wp\/v2\/media?parent=880"}],"wp:term":[{"taxonomy":"product_brand","embeddable":true,"href":"https:\/\/www.kpnsafety.com\/py\/wp-json\/wp\/v2\/product_brand?post=880"},{"taxonomy":"product_cat","embeddable":true,"href":"https:\/\/www.kpnsafety.com\/py\/wp-json\/wp\/v2\/product_cat?post=880"},{"taxonomy":"product_tag","embeddable":true,"href":"https:\/\/www.kpnsafety.com\/py\/wp-json\/wp\/v2\/product_tag?post=880"}],"curies":[{"name":"wp","href":"https:\/\/api.w.org\/{rel}","templated":true}]}}