{"id":884,"date":"2022-07-05T15:32:37","date_gmt":"2022-07-05T20:32:37","guid":{"rendered":"https:\/\/kpnsafety.com\/uy\/?post_type=product&#038;p=884"},"modified":"2025-02-07T12:06:54","modified_gmt":"2025-02-07T17:06:54","slug":"hood-majestic-nfpa","status":"publish","type":"product","link":"https:\/\/www.kpnsafety.com\/py\/producto\/hood-majestic-nfpa\/","title":{"rendered":"HOOD MAJESTIC NFPA"},"content":{"rendered":"<p>[vc_row][vc_column][vc_column_text]<strong>ESTILO<\/strong>: 2 capas, dise\u00f1o de una pieza con hombros con muescas.<\/p>\n<p><strong>LONGITUD<\/strong>: Desde la parte superior de la cabeza hasta la parte inferior: 18 pulgadas<\/p>\n<p><strong>TAMA\u00d1O<\/strong>: Talla \u00fanica[\/vc_column_text][\/vc_column][\/vc_row][vc_row disable_element=\u00bbyes\u00bb][vc_column width=\u00bb1\/2&#8243;][vc_single_image image=\u00bb702&#8243; img_size=\u00bbfull\u00bb alignment=\u00bbcenter\u00bb][\/vc_column][vc_column width=\u00bb1\/2&#8243;][\/vc_column][\/vc_row]<\/p>\n","protected":false},"excerpt":{"rendered":"<p>El estilo PAC IA ofrece una opci\u00f3n econ\u00f3mica mientras cumple con los requisitos m\u00ednimos de NFPA. El hombro con muescas permite una ca\u00edda adecuada sin restringir el movimiento. CERTIFICACI\u00d3N: Cumple o supera la edici\u00f3n NFPA 1971- 2007 y cuenta con certificaci\u00f3n UL. Cumple o supera los est\u00e1ndares de Cal\/OSHA.<\/p>\n<p>&nbsp;<\/p>\n<p><a class=\"accion\" href=\"https:\/\/kpnsafety.com\/py\/contacto\/\" target=\"_blank\" rel=\"noopener\">Solicitar presupuesto<\/a><\/p>\n<p><a class=\"accion\" href=\"https:\/\/api.whatsapp.com\/send?phone=59894351535\" target=\"_blank\" rel=\"noopener\">Contactar un consultor<\/a><\/p>\n","protected":false},"featured_media":787,"template":"","meta":[],"product_brand":[],"product_cat":[31,64],"product_tag":[],"class_list":{"0":"post-884","1":"product","2":"type-product","3":"status-publish","4":"has-post-thumbnail","6":"product_cat-proteccion-contra-incendios","7":"product_cat-incendios-estructurales","9":"first","10":"instock","11":"shipping-taxable","12":"product-type-simple"},"_links":{"self":[{"href":"https:\/\/www.kpnsafety.com\/py\/wp-json\/wp\/v2\/product\/884","targetHints":{"allow":["GET"]}}],"collection":[{"href":"https:\/\/www.kpnsafety.com\/py\/wp-json\/wp\/v2\/product"}],"about":[{"href":"https:\/\/www.kpnsafety.com\/py\/wp-json\/wp\/v2\/types\/product"}],"wp:featuredmedia":[{"embeddable":true,"href":"https:\/\/www.kpnsafety.com\/py\/wp-json\/wp\/v2\/media\/787"}],"wp:attachment":[{"href":"https:\/\/www.kpnsafety.com\/py\/wp-json\/wp\/v2\/media?parent=884"}],"wp:term":[{"taxonomy":"product_brand","embeddable":true,"href":"https:\/\/www.kpnsafety.com\/py\/wp-json\/wp\/v2\/product_brand?post=884"},{"taxonomy":"product_cat","embeddable":true,"href":"https:\/\/www.kpnsafety.com\/py\/wp-json\/wp\/v2\/product_cat?post=884"},{"taxonomy":"product_tag","embeddable":true,"href":"https:\/\/www.kpnsafety.com\/py\/wp-json\/wp\/v2\/product_tag?post=884"}],"curies":[{"name":"wp","href":"https:\/\/api.w.org\/{rel}","templated":true}]}}