{"id":2,"date":"2021-12-13T09:23:47","date_gmt":"2021-12-13T14:23:47","guid":{"rendered":"https:\/\/kpnsafety.com\/uy\/?page_id=2"},"modified":"2024-06-11T13:03:33","modified_gmt":"2024-06-11T18:03:33","slug":"portada","status":"publish","type":"page","link":"https:\/\/www.kpnsafety.com\/uy\/portada\/","title":{"rendered":"Portada"},"content":{"rendered":"<p>[vc_section full_width=\u00bbstretch_row\u00bb full_height=\u00bbyes\u00bb content_placement=\u00bbmiddle\u00bb el_class=\u00bbsecTP\u00bb][vc_row content_placement=\u00bbmiddle\u00bb][vc_column width=\u00bb7\/12&#8243; el_class=\u00bbcolTexto\u00bb][vc_single_image image=\u00bb12&#8243; img_size=\u00bbfull\u00bb el_class=\u00bbimgTPLogo\u00bb][vc_column_text el_class=\u00bbtexto\u00bb]<\/p>\n<h1>Bienvenidos a KPN<\/h1>\n<p>Somos una compa\u00f1\u00eda especializada en la importaci\u00f3n, exportaci\u00f3n y comercializaci\u00f3n de equipos de seguridad para la industria el\u00e9ctrica, bomberil, estatal, militar, minera, petroqu\u00edmica y en general para todos los sectores econ\u00f3micos que requieran asesor\u00eda especializada en la protecci\u00f3n para sus trabajadores, con una experiencia en el mercado De m\u00e1s de 15 a\u00f1os.<\/p>\n<p>En nuestra l\u00ednea KPN Energy ofrecemos <a href=\"https:\/\/kpnenergy.com\/\">equipamiento de electromovilidad y energ\u00edas solares fotovoltaicas<\/a> de marcas con gran trayectoria a nivel mundial, certificados con los m\u00e1s altos est\u00e1ndares de calidad, innovaci\u00f3n y tecnolog\u00eda.[\/vc_column_text][vc_column_text el_class=\u00bbbloquePaises\u00bb]<strong>Selecciona tu regi\u00f3n<\/strong><\/p>\n<ul class=\"paises\">\n<li><a href=\"#\">Colombia<\/a><\/li>\n<li><a href=\"#\">Brasil<\/a><\/li>\n<li><a href=\"#\">Uruguay<\/a><\/li>\n<li><a href=\"#\">Ecuador<\/a><\/li>\n<li><a href=\"#\">Bolivia<\/a><\/li>\n<li><a href=\"#\">Per\u00fa<\/a><\/li>\n<li><a href=\"#\">United States<\/a><\/li>\n<li><a href=\"#\">Chile<\/a><\/li>\n<\/ul>\n<p>Ir a <a class=\"accionHome\" href=\"https:\/\/kpnenergy.com\/\">kpnenergy.com<\/a>[\/vc_column_text][\/vc_column][vc_column width=\u00bb5\/12&#8243; el_class=\u00bbcolMapa\u00bb][vc_single_image image=\u00bb11&#8243; img_size=\u00bbfull\u00bb alignment=\u00bbright\u00bb el_class=\u00bbimgTP\u00bb][\/vc_column][\/vc_row][\/vc_section][vc_section full_width=\u00bbstretch_row\u00bb el_class=\u00bbfooterTP\u00bb][vc_row][vc_column][vc_column_text el_class=\u00bblistaLegal\u00bb]<\/p>\n<ul>\n<li>Copyright \u00a9 2021 | KPN Holding<\/li>\n<li><a href=\"#\">Pol\u00edtica de protecci\u00f3n de datos<\/a><\/li>\n<li><a href=\"#\">PQRS<\/a><\/li>\n<\/ul>\n<p>[\/vc_column_text][\/vc_column][\/vc_row][\/vc_section]<\/p>\n","protected":false},"excerpt":{"rendered":"<p>[vc_section full_width=\u00bbstretch_row\u00bb full_height=\u00bbyes\u00bb content_placement=\u00bbmiddle\u00bb el_class=\u00bbsecTP\u00bb][vc_row content_placement=\u00bbmiddle\u00bb][vc_column width=\u00bb7\/12&#8243; el_class=\u00bbcolTexto\u00bb][vc_single_image image=\u00bb12&#8243; img_size=\u00bbfull\u00bb el_class=\u00bbimgTPLogo\u00bb][vc_column_text el_class=\u00bbtexto\u00bb] Bienvenidos a KPN Somos una compa\u00f1\u00eda especializada en<\/p>\n","protected":false},"author":2,"featured_media":0,"parent":0,"menu_order":0,"comment_status":"closed","ping_status":"closed","template":"","meta":{"footnotes":""},"class_list":["post-2","page","type-page","status-publish","hentry"],"_links":{"self":[{"href":"https:\/\/www.kpnsafety.com\/uy\/wp-json\/wp\/v2\/pages\/2","targetHints":{"allow":["GET"]}}],"collection":[{"href":"https:\/\/www.kpnsafety.com\/uy\/wp-json\/wp\/v2\/pages"}],"about":[{"href":"https:\/\/www.kpnsafety.com\/uy\/wp-json\/wp\/v2\/types\/page"}],"author":[{"embeddable":true,"href":"https:\/\/www.kpnsafety.com\/uy\/wp-json\/wp\/v2\/users\/2"}],"replies":[{"embeddable":true,"href":"https:\/\/www.kpnsafety.com\/uy\/wp-json\/wp\/v2\/comments?post=2"}],"version-history":[{"count":14,"href":"https:\/\/www.kpnsafety.com\/uy\/wp-json\/wp\/v2\/pages\/2\/revisions"}],"predecessor-version":[{"id":1952,"href":"https:\/\/www.kpnsafety.com\/uy\/wp-json\/wp\/v2\/pages\/2\/revisions\/1952"}],"wp:attachment":[{"href":"https:\/\/www.kpnsafety.com\/uy\/wp-json\/wp\/v2\/media?parent=2"}],"curies":[{"name":"wp","href":"https:\/\/api.w.org\/{rel}","templated":true}]}}