{"id":1008,"date":"2022-07-25T10:53:25","date_gmt":"2022-07-25T15:53:25","guid":{"rendered":"https:\/\/kpnsafety.com\/uy\/?post_type=product&#038;p=1008"},"modified":"2025-01-31T16:40:01","modified_gmt":"2025-01-31T21:40:01","slug":"motobomba-portatil-bh4","status":"publish","type":"product","link":"https:\/\/www.kpnsafety.com\/uy\/producto\/motobomba-portatil-bh4\/","title":{"rendered":"Motobomba port\u00e1til BH4"},"content":{"rendered":"<p>[vc_row][vc_column][vc_column_text]<\/p>\n<div class=\"ewa-rteLine\"><strong>Bomba centr\u00edfuga de 4 etapas<\/strong><\/div>\n<div class=\"ewa-rteLine\">Compacta, eficiente y fiable.<\/div>\n<div class=\"ewa-rteLine\">Cuerpo e impelers fabricados en aluminio con tratamiento anticorrosivo.<\/div>\n<div class=\"ewa-rteLine\">Eje y resto de componentes est\u00e1n fabricados en acero inoxidable.<\/div>\n<div class=\"ewa-rteLine\">Compatible con espum\u00f3geno.<\/div>\n<div class=\"ewa-rteLine\"><\/div>\n<div class=\"ewa-rteLine\"><strong>Motores de gasolina de 4 tiempos<\/strong><\/div>\n<div class=\"ewa-rteLine\">Combinable con 3 motores distintos: Honda GX390, Briggs &amp; Stratton Vanguard 18HP y Briggs &amp; Stratton Vanguard 23HP.<\/div>\n<div class=\"ewa-rteLine\"><\/div>\n<div class=\"ewa-rteLine\"><strong>Grandes prestaciones<\/strong><\/div>\n<div class=\"ewa-rteLine\">La Black Hawk 4 puede alcanzar hasta 28,8 bar de presi\u00f3n m\u00e1xima y 397 l\/min de caudal m\u00e1ximo.<\/div>\n<div class=\"ewa-rteLine\"><\/div>\n<div class=\"ewa-rteLine\"><strong>Rendimiento<\/strong><\/div>\n<div class=\"ewa-rteLine\">Hasta 28,8 bar y 397 l\/min.<\/div>\n<div class=\"ewa-rteLine\"><\/div>\n<div class=\"ewa-rteLine\"><strong>Normativas<\/strong><\/div>\n<div class=\"ewa-rteLine\">UNE-EN 14466:2006<\/div>\n","protected":false},"excerpt":{"rendered":"<div class=\"ewa-rteLine\">Gran rendimiento y potencia. La motobomba BH4 est\u00e1 equipada con una bomba centr\u00edfuga de 4 etapas y se puede combinar con 3 motores distintos de 4 tiempos gasolina, llegando hasta los 28,8 bar de presi\u00f3n m\u00e1xima y 397 l\/min de caudal m\u00e1ximo.<\/div>\n<div class=\"ewa-rteLine\"><\/div>\n<div class=\"ewa-rteLine\"><strong>Aplicaciones<\/strong><\/div>\n<div><\/div>\n<div class=\"ewa-rteLine\">Ataque directo con tendido de mangueras.<\/div>\n<div class=\"ewa-rteLine\">Maniobras de autoprotecci\u00f3n con aspersores.<\/div>\n<div class=\"ewa-rteLine\">Bombeo en t\u00e1ndem para largas distancias.<\/div>\n<div><\/div>\n<p><a class=\"accion\" href=\"https:\/\/kpnsafety.com\/uy\/contacto\/\" target=\"_blank\" rel=\"noopener\">Solicitar presupuesto<\/a><\/p>\n<p><a class=\"accion\" href=\"https:\/\/api.whatsapp.com\/send?phone=59894351535\" target=\"_blank\" rel=\"noopener\">Contactar un consultor<\/a><\/p>\n","protected":false},"featured_media":1009,"template":"","meta":[],"product_brand":[],"product_cat":[31,59,82],"product_tag":[],"class_list":{"0":"post-1008","1":"product","2":"type-product","3":"status-publish","4":"has-post-thumbnail","6":"product_cat-proteccion-contra-incendios","7":"product_cat-incendios-forestales","8":"product_cat-motobombas-portatiles","10":"first","11":"instock","12":"featured","13":"shipping-taxable","14":"product-type-simple"},"_links":{"self":[{"href":"https:\/\/www.kpnsafety.com\/uy\/wp-json\/wp\/v2\/product\/1008","targetHints":{"allow":["GET"]}}],"collection":[{"href":"https:\/\/www.kpnsafety.com\/uy\/wp-json\/wp\/v2\/product"}],"about":[{"href":"https:\/\/www.kpnsafety.com\/uy\/wp-json\/wp\/v2\/types\/product"}],"wp:featuredmedia":[{"embeddable":true,"href":"https:\/\/www.kpnsafety.com\/uy\/wp-json\/wp\/v2\/media\/1009"}],"wp:attachment":[{"href":"https:\/\/www.kpnsafety.com\/uy\/wp-json\/wp\/v2\/media?parent=1008"}],"wp:term":[{"taxonomy":"product_brand","embeddable":true,"href":"https:\/\/www.kpnsafety.com\/uy\/wp-json\/wp\/v2\/product_brand?post=1008"},{"taxonomy":"product_cat","embeddable":true,"href":"https:\/\/www.kpnsafety.com\/uy\/wp-json\/wp\/v2\/product_cat?post=1008"},{"taxonomy":"product_tag","embeddable":true,"href":"https:\/\/www.kpnsafety.com\/uy\/wp-json\/wp\/v2\/product_tag?post=1008"}],"curies":[{"name":"wp","href":"https:\/\/api.w.org\/{rel}","templated":true}]}}