{"id":1014,"date":"2022-07-25T11:08:37","date_gmt":"2022-07-25T16:08:37","guid":{"rendered":"https:\/\/kpnsafety.com\/uy\/?post_type=product&#038;p=1014"},"modified":"2023-06-19T21:14:15","modified_gmt":"2023-06-20T02:14:15","slug":"traje-estructural-defender-ex-nfpa","status":"publish","type":"product","link":"https:\/\/www.kpnsafety.com\/uy\/producto\/traje-estructural-defender-ex-nfpa\/","title":{"rendered":"Traje estructural DEFENDER EX NFPA"},"content":{"rendered":"<p>[vc_row][vc_column][vc_column_text]<strong>Caracter\u00edsticas:<\/strong><\/p>\n<p>Conjunto de pantal\u00f3n y chaqueta para extinci\u00f3n de incendios modelo Defender EN &#8211; Advance. Dise\u00f1o tradicional, confeccionado con capa exterior de tejido Thermex EN-R, barrera de humedad de PU transpirable y doble barrera t\u00e9rmica en tejido de aramida con viscosa FR y fieltro de fibra de aramida Variante: Negro, amarillo o naranja, tallas M a EG o a medida (SM).<\/p>\n<p>Personalizaci\u00f3n: Tejido exterior, barrera de humedad, barrera t\u00e9rmica, tiras reflectantes (modelo\/posici\u00f3n), refuerzos, relieves, bolsillos, etc.<\/p>\n<p>Riesgos aplicables: Incendio.[\/vc_column_text][\/vc_column][\/vc_row][vc_row disable_element=\u00bbyes\u00bb][vc_column width=\u00bb1\/2&#8243;][vc_single_image image=\u00bb702&#8243; img_size=\u00bbfull\u00bb alignment=\u00bbcenter\u00bb][\/vc_column][vc_column width=\u00bb1\/2&#8243;][\/vc_column][\/vc_row]<\/p>\n","protected":false},"excerpt":{"rendered":"<ul>\n<li>Traje de Saco y Pantal\u00f3n de incendio de estructura certificado NFPA 1971:2018.<\/li>\n<li>Los tejidos de las capas de protecci\u00f3n son PBI MAX, Stedair 4000 o Stedair 3000 y Chambray Pure. Parte interna desmontable.<\/li>\n<li>Saco con largo m\u00ednimo de 32 pulgadas con apertura en zipper y velcro. Con arn\u00e9s DRD conforme NFPA. Saco con 2 bolsillos externos, bolsillo para r\u00e1dio y bolsillo interno.<\/li>\n<li>Cintas reflectantes de 3 pulgadas de largo amarillo\/prata\/amarillo.<\/li>\n<li>Pantal\u00f3n con abertura de velcro y cintur\u00f3n frontal, con sistema de suspensi\u00f3n en H. Con 2 bolsillos laterales. Refuerzo em rodilla con Stedshield<\/li>\n<\/ul>\n<p>&nbsp;<\/p>\n<p><a class=\"accion\" href=\"https:\/\/kpnsafety.com\/uy\/contacto\/\" target=\"_blank\" rel=\"noopener\">Solicitar presupuesto<\/a><\/p>\n<p><a class=\"accion\" href=\"https:\/\/api.whatsapp.com\/send?phone=59894351535\" target=\"_blank\" rel=\"noopener\">Contactar un consultor<\/a><\/p>\n","protected":false},"featured_media":1120,"template":"","meta":[],"product_brand":[],"product_cat":[31,64],"product_tag":[],"class_list":{"0":"post-1014","1":"product","2":"type-product","3":"status-publish","4":"has-post-thumbnail","6":"product_cat-proteccion-contra-incendios","7":"product_cat-incendios-estructurales","9":"first","10":"instock","11":"shipping-taxable","12":"product-type-simple"},"_links":{"self":[{"href":"https:\/\/www.kpnsafety.com\/uy\/wp-json\/wp\/v2\/product\/1014","targetHints":{"allow":["GET"]}}],"collection":[{"href":"https:\/\/www.kpnsafety.com\/uy\/wp-json\/wp\/v2\/product"}],"about":[{"href":"https:\/\/www.kpnsafety.com\/uy\/wp-json\/wp\/v2\/types\/product"}],"wp:featuredmedia":[{"embeddable":true,"href":"https:\/\/www.kpnsafety.com\/uy\/wp-json\/wp\/v2\/media\/1120"}],"wp:attachment":[{"href":"https:\/\/www.kpnsafety.com\/uy\/wp-json\/wp\/v2\/media?parent=1014"}],"wp:term":[{"taxonomy":"product_brand","embeddable":true,"href":"https:\/\/www.kpnsafety.com\/uy\/wp-json\/wp\/v2\/product_brand?post=1014"},{"taxonomy":"product_cat","embeddable":true,"href":"https:\/\/www.kpnsafety.com\/uy\/wp-json\/wp\/v2\/product_cat?post=1014"},{"taxonomy":"product_tag","embeddable":true,"href":"https:\/\/www.kpnsafety.com\/uy\/wp-json\/wp\/v2\/product_tag?post=1014"}],"curies":[{"name":"wp","href":"https:\/\/api.w.org\/{rel}","templated":true}]}}