{"id":1015,"date":"2022-07-25T11:20:16","date_gmt":"2022-07-25T16:20:16","guid":{"rendered":"https:\/\/kpnsafety.com\/uy\/?post_type=product&#038;p=1015"},"modified":"2023-06-19T21:11:29","modified_gmt":"2023-06-20T02:11:29","slug":"traje-de-proteccion-especial-fhr-008-max","status":"publish","type":"product","link":"https:\/\/www.kpnsafety.com\/uy\/producto\/traje-de-proteccion-especial-fhr-008-max\/","title":{"rendered":"TRAJE DE PROTECCI\u00d3N ESPECIAL FHR 008 MAX"},"content":{"rendered":"<p>[vc_row][vc_column][vc_column_text]<strong>Disponible en dos versiones:<\/strong><\/p>\n<p><strong>FHR 008 MAX A<\/strong><\/p>\n<ul>\n<li>Tejido exterior: 75% de meta-aramida, 23% de para-aramida, 2% de fibras antiest\u00e1ticas.<\/li>\n<li>Membrana: PU laminado en no tejido (85% Meta-aramida, 15% Para-aramida).<\/li>\n<li>Capa de aislamiento t\u00e9rmico: no tejida (85% de meta-aramida, 15% de paraaramida), acolchada al revestimiento interior 50% de aramida, 50% viscosa FR.<\/li>\n<\/ul>\n<p><strong>FHR 008 MAX N.<\/strong><\/p>\n<ul>\n<li>Tejido exterior: Nomex\u00ae Outershell Tough (75% Meta-aramid, 23% Paraaramid, 2% Fibras antiest\u00e1ticas).<\/li>\n<li>Membrana: ePTFE de dos componentes laminado en no tejido (85% de metaaramida, 15% de para-aramida).<\/li>\n<li>Capa de aislamiento t\u00e9rmico: tela no tejida (85% de meta-aramida, 15% de para-aramida), acolchada al forro interior 50% de aramida, 50% viscosa FR.<\/li>\n<\/ul>\n<p>[\/vc_column_text][\/vc_column][\/vc_row][vc_row disable_element=\u00bbyes\u00bb][vc_column width=\u00bb1\/2&#8243;][vc_single_image image=\u00bb702&#8243; img_size=\u00bbfull\u00bb alignment=\u00bbcenter\u00bb][\/vc_column][vc_column width=\u00bb1\/2&#8243;][\/vc_column][\/vc_row]<\/p>\n","protected":false},"excerpt":{"rendered":"<p>Equipo de protecci\u00f3n personal de categor\u00eda 3. Destinado a operaciones de extinci\u00f3n de incendios y salvamento. Protege contra los efectos del calor, radiaci\u00f3n y llama. Protege contra la penetraci\u00f3n del agua gracias a una membrana impermeable con costuras selladas con cinta<\/p>\n<p>&nbsp;<\/p>\n<p><a class=\"accion\" href=\"https:\/\/kpnsafety.com\/uy\/contacto\/\" target=\"_blank\" rel=\"noopener\">Solicitar presupuesto<\/a><\/p>\n<p><a class=\"accion\" href=\"https:\/\/api.whatsapp.com\/send?phone=59894351535\" target=\"_blank\" rel=\"noopener\">Contactar un consultor<\/a><\/p>\n","protected":false},"featured_media":1016,"template":"","meta":[],"product_brand":[],"product_cat":[31,64],"product_tag":[],"class_list":{"0":"post-1015","1":"product","2":"type-product","3":"status-publish","4":"has-post-thumbnail","6":"product_cat-proteccion-contra-incendios","7":"product_cat-incendios-estructurales","9":"first","10":"instock","11":"shipping-taxable","12":"product-type-simple"},"_links":{"self":[{"href":"https:\/\/www.kpnsafety.com\/uy\/wp-json\/wp\/v2\/product\/1015","targetHints":{"allow":["GET"]}}],"collection":[{"href":"https:\/\/www.kpnsafety.com\/uy\/wp-json\/wp\/v2\/product"}],"about":[{"href":"https:\/\/www.kpnsafety.com\/uy\/wp-json\/wp\/v2\/types\/product"}],"wp:featuredmedia":[{"embeddable":true,"href":"https:\/\/www.kpnsafety.com\/uy\/wp-json\/wp\/v2\/media\/1016"}],"wp:attachment":[{"href":"https:\/\/www.kpnsafety.com\/uy\/wp-json\/wp\/v2\/media?parent=1015"}],"wp:term":[{"taxonomy":"product_brand","embeddable":true,"href":"https:\/\/www.kpnsafety.com\/uy\/wp-json\/wp\/v2\/product_brand?post=1015"},{"taxonomy":"product_cat","embeddable":true,"href":"https:\/\/www.kpnsafety.com\/uy\/wp-json\/wp\/v2\/product_cat?post=1015"},{"taxonomy":"product_tag","embeddable":true,"href":"https:\/\/www.kpnsafety.com\/uy\/wp-json\/wp\/v2\/product_tag?post=1015"}],"curies":[{"name":"wp","href":"https:\/\/api.w.org\/{rel}","templated":true}]}}