{"id":1017,"date":"2022-07-25T11:29:07","date_gmt":"2022-07-25T16:29:07","guid":{"rendered":"https:\/\/kpnsafety.com\/uy\/?post_type=product&#038;p=1017"},"modified":"2023-06-17T09:51:07","modified_gmt":"2023-06-17T14:51:07","slug":"casco-para-bomberos-tytan-hot-101-04","status":"publish","type":"product","link":"https:\/\/www.kpnsafety.com\/uy\/producto\/casco-para-bomberos-tytan-hot-101-04\/","title":{"rendered":"CASCO PARA BOMBEROS &#8211; TYTAN \/ HOT 101.04"},"content":{"rendered":"<p>[vc_row][vc_column][vc_column_text][\/vc_column_text][\/vc_column][\/vc_row][vc_row disable_element=\u00bbyes\u00bb][vc_column width=\u00bb1\/2&#8243;][vc_single_image image=\u00bb702&#8243; img_size=\u00bbfull\u00bb alignment=\u00bbcenter\u00bb][\/vc_column][vc_column width=\u00bb1\/2&#8243;][\/vc_column][\/vc_row]<\/p>\n","protected":false},"excerpt":{"rendered":"<p>Casco de \u00faltima generaci\u00f3n dise\u00f1ado para uso en la lucha contra incendios forestales y durante el rescate t\u00e9cnico y de carreteras. La estructura innovadora de la carcasa est\u00e1 hecha de poliamida reforzada con fibra de vidrio utilizando tecnolog\u00eda de inyecci\u00f3n.<br \/>\nGarantiza una alta resistencia mec\u00e1nica y resistencia t\u00e9rmica. Es un casco multiuso, ligero y ventilado con excelente equipamiento b\u00e1sico<\/p>\n<p>&nbsp;<\/p>\n<p><a class=\"accion\" href=\"https:\/\/kpnsafety.com\/uy\/contacto\/\" target=\"_blank\" rel=\"noopener\">Solicitar presupuesto<\/a><\/p>\n<p><a class=\"accion\" href=\"https:\/\/api.whatsapp.com\/send?phone=59894351535\" target=\"_blank\" rel=\"noopener\">Contactar un consultor<\/a><\/p>\n","protected":false},"featured_media":1018,"template":"","meta":[],"product_brand":[],"product_cat":[31,64],"product_tag":[],"class_list":{"0":"post-1017","1":"product","2":"type-product","3":"status-publish","4":"has-post-thumbnail","6":"product_cat-proteccion-contra-incendios","7":"product_cat-incendios-estructurales","9":"first","10":"instock","11":"shipping-taxable","12":"product-type-simple"},"_links":{"self":[{"href":"https:\/\/www.kpnsafety.com\/uy\/wp-json\/wp\/v2\/product\/1017","targetHints":{"allow":["GET"]}}],"collection":[{"href":"https:\/\/www.kpnsafety.com\/uy\/wp-json\/wp\/v2\/product"}],"about":[{"href":"https:\/\/www.kpnsafety.com\/uy\/wp-json\/wp\/v2\/types\/product"}],"wp:featuredmedia":[{"embeddable":true,"href":"https:\/\/www.kpnsafety.com\/uy\/wp-json\/wp\/v2\/media\/1018"}],"wp:attachment":[{"href":"https:\/\/www.kpnsafety.com\/uy\/wp-json\/wp\/v2\/media?parent=1017"}],"wp:term":[{"taxonomy":"product_brand","embeddable":true,"href":"https:\/\/www.kpnsafety.com\/uy\/wp-json\/wp\/v2\/product_brand?post=1017"},{"taxonomy":"product_cat","embeddable":true,"href":"https:\/\/www.kpnsafety.com\/uy\/wp-json\/wp\/v2\/product_cat?post=1017"},{"taxonomy":"product_tag","embeddable":true,"href":"https:\/\/www.kpnsafety.com\/uy\/wp-json\/wp\/v2\/product_tag?post=1017"}],"curies":[{"name":"wp","href":"https:\/\/api.w.org\/{rel}","templated":true}]}}