{"id":1019,"date":"2022-07-25T11:32:17","date_gmt":"2022-07-25T16:32:17","guid":{"rendered":"https:\/\/kpnsafety.com\/uy\/?post_type=product&#038;p=1019"},"modified":"2023-06-17T09:46:29","modified_gmt":"2023-06-17T14:46:29","slug":"casco-para-bomberos-calisia-vulcan-102","status":"publish","type":"product","link":"https:\/\/www.kpnsafety.com\/uy\/producto\/casco-para-bomberos-calisia-vulcan-102\/","title":{"rendered":"CASCO PARA BOMBEROS &#8211; CALISIA VULCAN\/102"},"content":{"rendered":"<p>[vc_row][vc_column][vc_column_text][\/vc_column_text][\/vc_column][\/vc_row][vc_row disable_element=\u00bbyes\u00bb][vc_column width=\u00bb1\/2&#8243;][vc_single_image image=\u00bb702&#8243; img_size=\u00bbfull\u00bb alignment=\u00bbcenter\u00bb][\/vc_column][vc_column width=\u00bb1\/2&#8243;][\/vc_column][\/vc_row]<\/p>\n","protected":false},"excerpt":{"rendered":"<p>Dise\u00f1ado para mejorar rendimiento y reducir la carga en las manos del bombero durante las operaciones de rescate. Realizado con las \u00faltimas tecnolog\u00edas y los mejores materiales. Esto lo hace ligero y le brinda excelentes caracter\u00edsticas de protecci\u00f3n, rendimiento y estructura. El casco garantiza el m\u00e1s alto nivel de seguridad incluso en las condiciones m\u00e1s dif\u00edciles<\/p>\n<p>&nbsp;<\/p>\n<p><a class=\"accion\" href=\"https:\/\/kpnsafety.com\/uy\/contacto\/\" target=\"_blank\" rel=\"noopener\">Solicitar presupuesto<\/a><\/p>\n<p><a class=\"accion\" href=\"https:\/\/api.whatsapp.com\/send?phone=59894351535\" target=\"_blank\" rel=\"noopener\">Contactar un conshttps:\/\/api.whatsapp.com\/send?phone=59894351535ultor<\/a><\/p>\n","protected":false},"featured_media":1020,"template":"","meta":[],"product_brand":[],"product_cat":[31,64],"product_tag":[],"class_list":{"0":"post-1019","1":"product","2":"type-product","3":"status-publish","4":"has-post-thumbnail","6":"product_cat-proteccion-contra-incendios","7":"product_cat-incendios-estructurales","9":"first","10":"instock","11":"shipping-taxable","12":"product-type-simple"},"_links":{"self":[{"href":"https:\/\/www.kpnsafety.com\/uy\/wp-json\/wp\/v2\/product\/1019","targetHints":{"allow":["GET"]}}],"collection":[{"href":"https:\/\/www.kpnsafety.com\/uy\/wp-json\/wp\/v2\/product"}],"about":[{"href":"https:\/\/www.kpnsafety.com\/uy\/wp-json\/wp\/v2\/types\/product"}],"wp:featuredmedia":[{"embeddable":true,"href":"https:\/\/www.kpnsafety.com\/uy\/wp-json\/wp\/v2\/media\/1020"}],"wp:attachment":[{"href":"https:\/\/www.kpnsafety.com\/uy\/wp-json\/wp\/v2\/media?parent=1019"}],"wp:term":[{"taxonomy":"product_brand","embeddable":true,"href":"https:\/\/www.kpnsafety.com\/uy\/wp-json\/wp\/v2\/product_brand?post=1019"},{"taxonomy":"product_cat","embeddable":true,"href":"https:\/\/www.kpnsafety.com\/uy\/wp-json\/wp\/v2\/product_cat?post=1019"},{"taxonomy":"product_tag","embeddable":true,"href":"https:\/\/www.kpnsafety.com\/uy\/wp-json\/wp\/v2\/product_tag?post=1019"}],"curies":[{"name":"wp","href":"https:\/\/api.w.org\/{rel}","templated":true}]}}