{"id":1021,"date":"2022-07-25T11:40:01","date_gmt":"2022-07-25T16:40:01","guid":{"rendered":"https:\/\/kpnsafety.com\/uy\/?post_type=product&#038;p=1021"},"modified":"2023-06-17T09:29:53","modified_gmt":"2023-06-17T14:29:53","slug":"botas-para-bomberos-fhr-006","status":"publish","type":"product","link":"https:\/\/www.kpnsafety.com\/uy\/producto\/botas-para-bomberos-fhr-006\/","title":{"rendered":"Botas para bomberos FHR 006"},"content":{"rendered":"<p>[vc_row][vc_column][vc_column_text]<strong>M\u00e1xima comodidad<\/strong><\/p>\n<ul>\n<li>IBISAFE\u00ae: en lugar de un inserto de acero, Kevlar\u00ae antiperforaci\u00f3n, al mismo tiempo plantilla flexible y el\u00e1stica que garantiza un excelente aislamiento t\u00e9rmico. Su uso reduce significativamente el peso de las botas.<\/li>\n<li>TE-POR\u00ae: una membrana impermeable y transpirable que permite que el sudor escape al exterior, mejorando los par\u00e1metros higi\u00e9nicos, protegiendo contra el remojo y brindando una sensaci\u00f3n de comodidad en todas las condiciones clim\u00e1ticas.<\/li>\n<li>Suela de NITRIL\u00ae fabricada en caucho vulcanizado negro, que protege del hielo y las altas temperaturas, ergon\u00f3mica, antiest\u00e1tica, antideslizante, resistente a \u00e1cidos y aceites, f\u00e1cil de limpiar.<\/li>\n<li>JADO\u00ae \u2013 sistema de microventilaci\u00f3n, que garantiza un buen aislamiento t\u00e9rmico tanto del fr\u00edo como del calor, utilizado en la parte superior de la bota (en la zona del cuello).<\/li>\n<li>Zona de flexi\u00f3n trasera.<\/li>\n<li>Protecci\u00f3n adicional de pl\u00e1stico en los tobillos.<\/li>\n<li>Trabilla de cuero para calzarse r\u00e1pidamente la bota.<\/li>\n<li>Forro en la zona del tobillo.<\/li>\n<li>Cuello suave en la parte superior de la bota.<\/li>\n<li>Lengua anat\u00f3micamente formada.<\/li>\n<li>Sistema de cierre para cierre de cremallera (modelo 006).<\/li>\n<li>Seguridad en condiciones extremas<\/li>\n<li>Cumplen los requisitos de la norma EN 15090:2012<\/li>\n<\/ul>\n<p>[\/vc_column_text][\/vc_column][\/vc_row][vc_row disable_element=\u00bbyes\u00bb][vc_column width=\u00bb1\/2&#8243;][vc_single_image image=\u00bb702&#8243; img_size=\u00bbfull\u00bb alignment=\u00bbcenter\u00bb][\/vc_column][vc_column width=\u00bb1\/2&#8243;][\/vc_column][\/vc_row]<\/p>\n","protected":false},"excerpt":{"rendered":"<p>Calzado especializado, clase de seguridad alta, destinado a uso en condiciones extremas, incluso durante operaciones de rescate y extinci\u00f3n de incendios y medidas de protecci\u00f3n. Certificado CE de revisi\u00f3n de tipo emitido por el organismo notificado N\u00b0 2474 MIRTA-KONTROL doo y el certificado de admisi\u00f3n emitido por el organismo notificado N\u00b0 1438 CNBOP-PIB.<\/p>\n<p>&nbsp;<\/p>\n<p><a class=\"accion\" href=\"https:\/\/kpnsafety.com\/uy\/contacto\/\" target=\"_blank\" rel=\"noopener\">Solicitar presupuesto<\/a><\/p>\n<p><a class=\"accion\" href=\"https:\/\/api.whatsapp.com\/send?phone=59894351535\" target=\"_blank\" rel=\"noopener\">Contactar un consultor<\/a><\/p>\n","protected":false},"featured_media":1022,"template":"","meta":[],"product_brand":[],"product_cat":[31,64],"product_tag":[],"class_list":{"0":"post-1021","1":"product","2":"type-product","3":"status-publish","4":"has-post-thumbnail","6":"product_cat-proteccion-contra-incendios","7":"product_cat-incendios-estructurales","9":"first","10":"instock","11":"shipping-taxable","12":"product-type-simple"},"_links":{"self":[{"href":"https:\/\/www.kpnsafety.com\/uy\/wp-json\/wp\/v2\/product\/1021","targetHints":{"allow":["GET"]}}],"collection":[{"href":"https:\/\/www.kpnsafety.com\/uy\/wp-json\/wp\/v2\/product"}],"about":[{"href":"https:\/\/www.kpnsafety.com\/uy\/wp-json\/wp\/v2\/types\/product"}],"wp:featuredmedia":[{"embeddable":true,"href":"https:\/\/www.kpnsafety.com\/uy\/wp-json\/wp\/v2\/media\/1022"}],"wp:attachment":[{"href":"https:\/\/www.kpnsafety.com\/uy\/wp-json\/wp\/v2\/media?parent=1021"}],"wp:term":[{"taxonomy":"product_brand","embeddable":true,"href":"https:\/\/www.kpnsafety.com\/uy\/wp-json\/wp\/v2\/product_brand?post=1021"},{"taxonomy":"product_cat","embeddable":true,"href":"https:\/\/www.kpnsafety.com\/uy\/wp-json\/wp\/v2\/product_cat?post=1021"},{"taxonomy":"product_tag","embeddable":true,"href":"https:\/\/www.kpnsafety.com\/uy\/wp-json\/wp\/v2\/product_tag?post=1021"}],"curies":[{"name":"wp","href":"https:\/\/api.w.org\/{rel}","templated":true}]}}