{"id":1048,"date":"2022-07-25T12:21:16","date_gmt":"2022-07-25T17:21:16","guid":{"rendered":"https:\/\/kpnsafety.com\/uy\/?post_type=product&#038;p=1048"},"modified":"2023-06-17T11:10:59","modified_gmt":"2023-06-17T16:10:59","slug":"leader-cam-camara-de-busqueda-de-victima","status":"publish","type":"product","link":"https:\/\/www.kpnsafety.com\/uy\/producto\/leader-cam-camara-de-busqueda-de-victima\/","title":{"rendered":"LEADER CAM &#8211; C\u00e1mara de b\u00fasqueda de v\u00edctima"},"content":{"rendered":"<p>[vc_row][vc_column][vc_column_text]<strong>DESTACADOS:<\/strong><\/p>\n<ul>\n<li>Traslado de posici\u00f3n de la c\u00e1mara a la pantalla<\/li>\n<li>Compacta y ligera<\/li>\n<li>Caja de control ergon\u00f3mica<\/li>\n<li>Men\u00fa e interfaz de navegaci\u00f3n intuitivos<\/li>\n<li>Pantalla de color de gran tama\u00f1o<\/li>\n<li>P\u00e9rtiga telesc\u00f3pica muy ligera<\/li>\n<\/ul>\n<p>[\/vc_column_text][\/vc_column][\/vc_row][vc_row disable_element=\u00bbyes\u00bb][vc_column width=\u00bb1\/2&#8243;][vc_single_image image=\u00bb702&#8243; img_size=\u00bbfull\u00bb alignment=\u00bbcenter\u00bb][\/vc_column][vc_column width=\u00bb1\/2&#8243;][\/vc_column][\/vc_row]<\/p>\n","protected":false},"excerpt":{"rendered":"<p>Leader CAM est\u00e1 dise\u00f1ado para localizar visualmente las v\u00edctimas en espacios confinados inaccesibles y dialogar con ellas para evaluar su nivel de asistencia y de socorro.<br \/>\nCon una caja de control ergon\u00f3mica con una ancha pantalla a color con fuerte luminosidad y una bater\u00eda recargable (autonom\u00eda de 2.5 horas), el Leader CAM es ideal para prolongadas operaciones de b\u00fasquedas sobre el terreno.<\/p>\n<p>Leader CAM est\u00e1 dise\u00f1ado para localizar visualmente las v\u00edctimas en espacios confinados inaccesibles y dialogar con ellas para evaluar su nivel de asistencia y de socorro.<br \/>\nCon una caja de control ergon\u00f3mica con una ancha pantalla a color con fuerte luminosidad y una bater\u00eda recargable (autonom\u00eda de 2.5 horas), el Leader CAM es ideal para prolongadas operaciones de b\u00fasquedas sobre el terreno.<br \/>\nLa c\u00e1mara de b\u00fasqueda se fija en una percha telesc\u00f3pica de carbono ultraligera que permite una gran maniobrabilidad sobre el terreno. La cabeza de la c\u00e1mara es orientable, estanca y est\u00e1 iluminada para localizar las v\u00edctimas con precisi\u00f3n. Por \u00faltimo, el Leader CAM est\u00e1 equipado con un sistema de comunicaci\u00f3n micr\u00f3fono\/altavoz situado en la c\u00e1mara para dialogar con la v\u00edctima.<\/p>\n<p>&nbsp;<\/p>\n<p><a class=\"accion\" href=\"https:\/\/kpnsafety.com\/uy\/contacto\/\" target=\"_blank\" rel=\"noopener\">Solicitar presupuesto<\/a><\/p>\n<p><a class=\"accion\" href=\"https:\/\/api.whatsapp.com\/send?phone=59894351535\" target=\"_blank\" rel=\"noopener\">Contactar un consultor<\/a><\/p>\n","protected":false},"featured_media":1049,"template":"","meta":[],"product_brand":[],"product_cat":[31,84],"product_tag":[],"class_list":{"0":"post-1048","1":"product","2":"type-product","3":"status-publish","4":"has-post-thumbnail","6":"product_cat-proteccion-contra-incendios","7":"product_cat-equipos-de-rescate-y-busqueda","9":"first","10":"instock","11":"shipping-taxable","12":"product-type-simple"},"_links":{"self":[{"href":"https:\/\/www.kpnsafety.com\/uy\/wp-json\/wp\/v2\/product\/1048","targetHints":{"allow":["GET"]}}],"collection":[{"href":"https:\/\/www.kpnsafety.com\/uy\/wp-json\/wp\/v2\/product"}],"about":[{"href":"https:\/\/www.kpnsafety.com\/uy\/wp-json\/wp\/v2\/types\/product"}],"wp:featuredmedia":[{"embeddable":true,"href":"https:\/\/www.kpnsafety.com\/uy\/wp-json\/wp\/v2\/media\/1049"}],"wp:attachment":[{"href":"https:\/\/www.kpnsafety.com\/uy\/wp-json\/wp\/v2\/media?parent=1048"}],"wp:term":[{"taxonomy":"product_brand","embeddable":true,"href":"https:\/\/www.kpnsafety.com\/uy\/wp-json\/wp\/v2\/product_brand?post=1048"},{"taxonomy":"product_cat","embeddable":true,"href":"https:\/\/www.kpnsafety.com\/uy\/wp-json\/wp\/v2\/product_cat?post=1048"},{"taxonomy":"product_tag","embeddable":true,"href":"https:\/\/www.kpnsafety.com\/uy\/wp-json\/wp\/v2\/product_tag?post=1048"}],"curies":[{"name":"wp","href":"https:\/\/api.w.org\/{rel}","templated":true}]}}