{"id":1050,"date":"2022-07-25T12:39:42","date_gmt":"2022-07-25T17:39:42","guid":{"rendered":"https:\/\/kpnsafety.com\/uy\/?post_type=product&#038;p=1050"},"modified":"2023-06-17T11:14:20","modified_gmt":"2023-06-17T16:14:20","slug":"leader-scan-aparato-de-busqueda-de-victimas","status":"publish","type":"product","link":"https:\/\/www.kpnsafety.com\/uy\/producto\/leader-scan-aparato-de-busqueda-de-victimas\/","title":{"rendered":"LEADER SCAN &#8211; Aparato de b\u00fasqueda de v\u00edctimas"},"content":{"rendered":"<p>[vc_row][vc_column][vc_column_text]<strong>El Leader SCAN posee 2 modos de b\u00fasqueda:<\/strong><\/p>\n<ul>\n<li>Autom\u00e1tico: An\u00e1lisis autom\u00e1tico de varios zonas predefinidas para detectar hasta 7 personas vivas.<\/li>\n<li>Manual: An\u00e1lisis manual definido previamente con selecci\u00f3n de la zona de b\u00fasqueda.<\/li>\n<\/ul>\n<p><strong>DESTACADOS:<\/strong><\/p>\n<ul>\n<li>Compacto y ligero<\/li>\n<li>Detecci\u00f3n de movimientos hasta 30 m en terreno libre<\/li>\n<li>Detecci\u00f3n de respiraci\u00f3n hasta 10 m<\/li>\n<li>Detecci\u00f3n de movimientos en tiempo real<\/li>\n<li>Conexi\u00f3n inal\u00e1mbrica o por cable<\/li>\n<li>Interfaz de navegaci\u00f3n intuitivo<\/li>\n<li>Posibilidad de grabaci\u00f3n de los datos durante la b\u00fasqueda<\/li>\n<li>Indicador de bater\u00eda visible en el exterior del sensor<\/li>\n<li>Bater\u00eda f\u00e1cil de cambiar<\/li>\n<\/ul>\n<p>[\/vc_column_text][\/vc_column][\/vc_row][vc_row disable_element=\u00bbyes\u00bb][vc_column width=\u00bb1\/2&#8243;][vc_single_image image=\u00bb702&#8243; img_size=\u00bbfull\u00bb alignment=\u00bbcenter\u00bb][\/vc_column][vc_column width=\u00bb1\/2&#8243;][\/vc_column][\/vc_row]<\/p>\n","protected":false},"excerpt":{"rendered":"<p>Leader SCAN permite detectar y localizar v\u00edctimas atrapadas gracias a la tecnolog\u00eda radar UWB (Banda Ultra Ancha &#8211; Ultra Wide Band). Los sensores UWB sondean la superficie de los escombros para buscar movimientos tor\u00e1xicos o gestuales de v\u00edctimas sepultadas hasta una distancia de 30 m en campo libre.<br \/>\nLos sensores de alta sensibilidad detectan incluso los movimientos m\u00e1s reducidos y permiten indicar con precisi\u00f3n la profundidad a la que se encuentra la v\u00edctima. Tambi\u00e9n se analiza la frecuencia de los movimientos para deducir si se trata de una vida humana o no.<\/p>\n<p>&nbsp;<\/p>\n<p><a class=\"accion\" href=\"https:\/\/kpnsafety.com\/uy\/contacto\/\" target=\"_blank\" rel=\"noopener\">Solicitar presupuesto<\/a><\/p>\n<p><a class=\"accion\" href=\"https:\/\/api.whatsapp.com\/send?phone=59894351535\" target=\"_blank\" rel=\"noopener\">Contactar un consultor<\/a><\/p>\n","protected":false},"featured_media":1051,"template":"","meta":[],"product_brand":[],"product_cat":[31,84],"product_tag":[],"class_list":{"0":"post-1050","1":"product","2":"type-product","3":"status-publish","4":"has-post-thumbnail","6":"product_cat-proteccion-contra-incendios","7":"product_cat-equipos-de-rescate-y-busqueda","9":"first","10":"instock","11":"shipping-taxable","12":"product-type-simple"},"_links":{"self":[{"href":"https:\/\/www.kpnsafety.com\/uy\/wp-json\/wp\/v2\/product\/1050","targetHints":{"allow":["GET"]}}],"collection":[{"href":"https:\/\/www.kpnsafety.com\/uy\/wp-json\/wp\/v2\/product"}],"about":[{"href":"https:\/\/www.kpnsafety.com\/uy\/wp-json\/wp\/v2\/types\/product"}],"wp:featuredmedia":[{"embeddable":true,"href":"https:\/\/www.kpnsafety.com\/uy\/wp-json\/wp\/v2\/media\/1051"}],"wp:attachment":[{"href":"https:\/\/www.kpnsafety.com\/uy\/wp-json\/wp\/v2\/media?parent=1050"}],"wp:term":[{"taxonomy":"product_brand","embeddable":true,"href":"https:\/\/www.kpnsafety.com\/uy\/wp-json\/wp\/v2\/product_brand?post=1050"},{"taxonomy":"product_cat","embeddable":true,"href":"https:\/\/www.kpnsafety.com\/uy\/wp-json\/wp\/v2\/product_cat?post=1050"},{"taxonomy":"product_tag","embeddable":true,"href":"https:\/\/www.kpnsafety.com\/uy\/wp-json\/wp\/v2\/product_tag?post=1050"}],"curies":[{"name":"wp","href":"https:\/\/api.w.org\/{rel}","templated":true}]}}