{"id":1052,"date":"2022-07-25T12:43:46","date_gmt":"2022-07-25T17:43:46","guid":{"rendered":"https:\/\/kpnsafety.com\/uy\/?post_type=product&#038;p=1052"},"modified":"2023-06-17T11:16:09","modified_gmt":"2023-06-17T16:16:09","slug":"leader-search-aparato-de-busqueda-de-victimas-con-sensores-sismicos","status":"publish","type":"product","link":"https:\/\/www.kpnsafety.com\/uy\/producto\/leader-search-aparato-de-busqueda-de-victimas-con-sensores-sismicos\/","title":{"rendered":"LEADER SEARCH &#8211; Aparato de b\u00fasqueda de v\u00edctimas con sensores s\u00edsmicos"},"content":{"rendered":"<p>[vc_row][vc_column][vc_column_text]<strong>DESTACADOS:<\/strong><\/p>\n<ul>\n<li>Tecnolog\u00eda INAL\u00c1MBRICA para una instalaci\u00f3n r\u00e1pida y facilitar los movimientos.<\/li>\n<li>1 a 6 sensores s\u00edsmicos conectables<\/li>\n<li>Hasta 3 sensores inal\u00e1mbricos de un alcance de 100 m cada uno<\/li>\n<li>Hasta 3 sensores cableados con 8 m de cable cada uno.<\/li>\n<li>Compacto y ligero<\/li>\n<li>Caja de control ergon\u00f3mica<\/li>\n<li>Men\u00fa e interfaz de navegaci\u00f3n intuitivos<\/li>\n<\/ul>\n<p>[\/vc_column_text][\/vc_column][\/vc_row][vc_row disable_element=\u00bbyes\u00bb][vc_column width=\u00bb1\/2&#8243;][vc_single_image image=\u00bb702&#8243; img_size=\u00bbfull\u00bb alignment=\u00bbcenter\u00bb][\/vc_column][vc_column width=\u00bb1\/2&#8243;][\/vc_column][\/vc_row]<\/p>\n","protected":false},"excerpt":{"rendered":"<p>El Leader SEARCH es un equipo de b\u00fasqueda de v\u00edctimas utilizado durante las operaciones de rescate despu\u00e9s de cat\u00e1strofes. Los sensores s\u00edsmicos inal\u00e1mbricos o por cable detectan las vibraciones de signos de vida bajo los escombros para seguidamente localizarlos de forma precisa.<br \/>\nEs posible conectar hasta 6 sensores s\u00edsmicos para detectar los diferentes sonidos procedentes de las v\u00edctimas: ara\u00f1azos, golpes, gritos, etc.<\/p>\n<p>\u2022 Conexi\u00f3n de 3 sensores inal\u00e1mbricos como m\u00e1ximo con un alcance de m\u00e1s de 100 m cada uno en campo libre.<br \/>\n\u2022 Conexi\u00f3n de 3 sensores por cables como m\u00e1ximo con 8 m de cable cada uno.<\/p>\n<p>Una vez localizada la v\u00edctima, la sonda de comunicaci\u00f3n por cable estanca del LEADER Search permite dialogar con ella para evaluar su nivel de socorro.<\/p>\n<p>&nbsp;<\/p>\n<p><a class=\"accion\" href=\"https:\/\/kpnsafety.com\/uy\/contacto\/\" target=\"_blank\" rel=\"noopener\">Solicitar presupuesto<\/a><\/p>\n<p><a class=\"accion\" href=\"https:\/\/api.whatsapp.com\/send?phone=59894351535\" target=\"_blank\" rel=\"noopener\">Contactar un consultor<\/a><\/p>\n","protected":false},"featured_media":1053,"template":"","meta":[],"product_brand":[],"product_cat":[31,84],"product_tag":[],"class_list":{"0":"post-1052","1":"product","2":"type-product","3":"status-publish","4":"has-post-thumbnail","6":"product_cat-proteccion-contra-incendios","7":"product_cat-equipos-de-rescate-y-busqueda","9":"first","10":"instock","11":"shipping-taxable","12":"product-type-simple"},"_links":{"self":[{"href":"https:\/\/www.kpnsafety.com\/uy\/wp-json\/wp\/v2\/product\/1052","targetHints":{"allow":["GET"]}}],"collection":[{"href":"https:\/\/www.kpnsafety.com\/uy\/wp-json\/wp\/v2\/product"}],"about":[{"href":"https:\/\/www.kpnsafety.com\/uy\/wp-json\/wp\/v2\/types\/product"}],"wp:featuredmedia":[{"embeddable":true,"href":"https:\/\/www.kpnsafety.com\/uy\/wp-json\/wp\/v2\/media\/1053"}],"wp:attachment":[{"href":"https:\/\/www.kpnsafety.com\/uy\/wp-json\/wp\/v2\/media?parent=1052"}],"wp:term":[{"taxonomy":"product_brand","embeddable":true,"href":"https:\/\/www.kpnsafety.com\/uy\/wp-json\/wp\/v2\/product_brand?post=1052"},{"taxonomy":"product_cat","embeddable":true,"href":"https:\/\/www.kpnsafety.com\/uy\/wp-json\/wp\/v2\/product_cat?post=1052"},{"taxonomy":"product_tag","embeddable":true,"href":"https:\/\/www.kpnsafety.com\/uy\/wp-json\/wp\/v2\/product_tag?post=1052"}],"curies":[{"name":"wp","href":"https:\/\/api.w.org\/{rel}","templated":true}]}}