{"id":1057,"date":"2022-07-25T14:07:20","date_gmt":"2022-07-25T19:07:20","guid":{"rendered":"https:\/\/kpnsafety.com\/uy\/?post_type=product&#038;p=1057"},"modified":"2023-06-17T11:22:58","modified_gmt":"2023-06-17T16:22:58","slug":"leader-volt-detector-de-fuentes-corriente-voltaje","status":"publish","type":"product","link":"https:\/\/www.kpnsafety.com\/uy\/producto\/leader-volt-detector-de-fuentes-corriente-voltaje\/","title":{"rendered":"LEADER VOLT &#8211; Detector de fuentes \/ corriente \/ voltaje"},"content":{"rendered":"<p>[vc_row][vc_column][vc_column_text]<strong>Principales aplicaciones:<\/strong><\/p>\n<ul>\n<li>B\u00fasqueda y rescate urbanos: Detecta fuentes desconocidas de CA que est\u00e1n desprotegidas y son peligrosas.<\/li>\n<li>Incendio: Durante y despu\u00e9s de incendio, trabajo de construcci\u00f3n e inspecci\u00f3n.<\/li>\n<li>Extracci\u00f3n de veh\u00edculos: Comprobaci\u00f3n r\u00e1pida del sitio de intervenci\u00f3n y veh\u00edculos para identificar cualquier peligro relativo a la CA. Permite al operador verificar que los circuitos el\u00e9ctricos est\u00e1n desconectados.<\/li>\n<li>Rescate en espacios confinados: Permite al operador verificar que la energ\u00eda el\u00e9ctrica est\u00e1 desconectada en la entrada de un sitio que contiene maquinar\u00eda o equipo que podr\u00eda arrancarse accidentalmente.<\/li>\n<li>Desastres naturales: Comprobaci\u00f3n r\u00e1pida del alcance de un corte de energ\u00eda despu\u00e9s de un terremoto, tormenta, inundaci\u00f3n o tormenta de nieve. LEADER Volt permite al operador identificar cableado con corriente en caminos o en espacios dentro de edificios colapsados o en lugares inundados.<\/li>\n<li>Rescate en zanjas: Para localizar fuentes potenciales de peligros el\u00e9ctricos durante operaciones de rescate.<\/li>\n<\/ul>\n<p><strong>CARACTER\u00cdSTICAS Y VENTAJAS<\/strong><\/p>\n<ul>\n<li>F\u00e1cil de utilizar<\/li>\n<li>Alarmas ac\u00fastica y visual<\/li>\n<li>Alta sensibilidad<\/li>\n<li>Baja sensibilidad<\/li>\n<li>Modo enfocado al frente<\/li>\n<li>Alimentaci\u00f3n con bater\u00edas<\/li>\n<\/ul>\n<p><strong>3 MODOS DE SENSIBILIDAD:<\/strong><\/p>\n<ul>\n<li>Alta sensibilidad: inspecciones a distancia<\/li>\n<li>Baja sensibilidad: Para encontrar la fuente de corriente<\/li>\n<li>Modo enfoque: Detecci\u00f3n precisa de la corriente en la prolongaci\u00f3n del aparato y reduce la influencia de otros cables circundantes<\/li>\n<\/ul>\n<p>[\/vc_column_text][\/vc_column][\/vc_row][vc_row disable_element=\u00bbyes\u00bb][vc_column width=\u00bb1\/2&#8243;][vc_single_image image=\u00bb702&#8243; img_size=\u00bbfull\u00bb alignment=\u00bbcenter\u00bb][\/vc_column][vc_column width=\u00bb1\/2&#8243;][\/vc_column][\/vc_row]<\/p>\n","protected":false},"excerpt":{"rendered":"<p>El Leader VOLT es un detector de corriente el\u00e9ctrica que permite localizar la presencia de corriente alterna (CA) orientando el aparato hacia las instalaciones el\u00e9ctricas defectuosas o no. Permite evitar el riesgo el\u00e9ctrico en una zona de intervenci\u00f3n USAR o bomberos.<br \/>\nLa sensibilidad a la CA del aparato se puede regular para localizar con mayor precisi\u00f3n la fuente de alimentaci\u00f3n el\u00e9ctrica incluso sin tener contacto con la misma.<br \/>\nGracias a su compacidad y a su autonom\u00eda, el detector de tensi\u00f3n Leader VOLT es la herramienta ideal para detectar la CA en intervenciones de tipo: Cat\u00e1strofes naturales, intervenciones contra incendios, b\u00fasqueda y rescate, etc.<\/p>\n<p>&nbsp;<\/p>\n<p><a class=\"accion\" href=\"https:\/\/kpnsafety.com\/uy\/contacto\/\" target=\"_blank\" rel=\"noopener\">Solicitar presupuesto<\/a><\/p>\n<p><a class=\"accion\" href=\"https:\/\/api.whatsapp.com\/send?phone=59894351535\" target=\"_blank\" rel=\"noopener\">Contactar un consultor<\/a><\/p>\n","protected":false},"featured_media":1058,"template":"","meta":[],"product_brand":[],"product_cat":[31,84],"product_tag":[],"class_list":{"0":"post-1057","1":"product","2":"type-product","3":"status-publish","4":"has-post-thumbnail","6":"product_cat-proteccion-contra-incendios","7":"product_cat-equipos-de-rescate-y-busqueda","9":"first","10":"instock","11":"shipping-taxable","12":"product-type-simple"},"_links":{"self":[{"href":"https:\/\/www.kpnsafety.com\/uy\/wp-json\/wp\/v2\/product\/1057","targetHints":{"allow":["GET"]}}],"collection":[{"href":"https:\/\/www.kpnsafety.com\/uy\/wp-json\/wp\/v2\/product"}],"about":[{"href":"https:\/\/www.kpnsafety.com\/uy\/wp-json\/wp\/v2\/types\/product"}],"wp:featuredmedia":[{"embeddable":true,"href":"https:\/\/www.kpnsafety.com\/uy\/wp-json\/wp\/v2\/media\/1058"}],"wp:attachment":[{"href":"https:\/\/www.kpnsafety.com\/uy\/wp-json\/wp\/v2\/media?parent=1057"}],"wp:term":[{"taxonomy":"product_brand","embeddable":true,"href":"https:\/\/www.kpnsafety.com\/uy\/wp-json\/wp\/v2\/product_brand?post=1057"},{"taxonomy":"product_cat","embeddable":true,"href":"https:\/\/www.kpnsafety.com\/uy\/wp-json\/wp\/v2\/product_cat?post=1057"},{"taxonomy":"product_tag","embeddable":true,"href":"https:\/\/www.kpnsafety.com\/uy\/wp-json\/wp\/v2\/product_tag?post=1057"}],"curies":[{"name":"wp","href":"https:\/\/api.w.org\/{rel}","templated":true}]}}