{"id":1061,"date":"2022-07-25T14:12:30","date_gmt":"2022-07-25T19:12:30","guid":{"rendered":"https:\/\/kpnsafety.com\/uy\/?post_type=product&#038;p=1061"},"modified":"2023-06-17T11:02:33","modified_gmt":"2023-06-17T16:02:33","slug":"lanza-automatica-flowmatic-large-de-aluminio","status":"publish","type":"product","link":"https:\/\/www.kpnsafety.com\/uy\/producto\/lanza-automatica-flowmatic-large-de-aluminio\/","title":{"rendered":"LANZA AUTOM\u00c1TICA FLOWMATIC LARGE DE ALUMINIO"},"content":{"rendered":"<p>[vc_row][vc_column][vc_column_text]<strong>CARACTER\u00cdSTICAS GENERALES<\/strong><\/p>\n<ul>\n<li>V\u00e1lvula deslizante para las lanzas Compact y Regular<\/li>\n<li>Sistema de regulaci\u00f3n de presi\u00f3n<\/li>\n<li>Doble chorro de ataque<\/li>\n<li>Un ataque de impulsi\u00f3n<\/li>\n<li>Cuerpo de Fibertech para lanzas Regular<\/li>\n<li>Chorro pulverizado muy amplio<\/li>\n<\/ul>\n<p>[\/vc_column_text][\/vc_column][\/vc_row][vc_row disable_element=\u00bbyes\u00bb][vc_column width=\u00bb1\/2&#8243;][vc_single_image image=\u00bb702&#8243; img_size=\u00bbfull\u00bb alignment=\u00bbcenter\u00bb][\/vc_column][vc_column width=\u00bb1\/2&#8243;][\/vc_column][\/vc_row]<\/p>\n","protected":false},"excerpt":{"rendered":"<p>Dise\u00f1ada para las intervenciones que requieren grandes caudales y grandes alcances, la FLOWMATIC Large beneficia de una regulaci\u00f3n autom\u00e1tica de presi\u00f3n que le permite optimizar su alcance, incluso en caso de ca\u00edda de presi\u00f3n.<\/p>\n<p>Gracias a su anillo de purga, el portalanza no corre el riesgo de pasar a purga involuntariamente al girar la cabeza pasado el chorro difuso m\u00e1ximo.<\/p>\n<p>&nbsp;<\/p>\n<p><a class=\"accion\" href=\"https:\/\/kpnsafety.com\/uy\/contacto\/\" target=\"_blank\" rel=\"noopener\">Solicitar presupuesto<\/a><\/p>\n<p><a class=\"accion\" href=\"https:\/\/api.whatsapp.com\/send?phone=59894351535\" target=\"_blank\" rel=\"noopener\">Contactar un consultor<\/a><\/p>\n","protected":false},"featured_media":1062,"template":"","meta":[],"product_brand":[],"product_cat":[31,85],"product_tag":[],"class_list":{"0":"post-1061","1":"product","2":"type-product","3":"status-publish","4":"has-post-thumbnail","6":"product_cat-proteccion-contra-incendios","7":"product_cat-equipos-para-extincion-de-incendios","9":"first","10":"instock","11":"shipping-taxable","12":"product-type-simple"},"_links":{"self":[{"href":"https:\/\/www.kpnsafety.com\/uy\/wp-json\/wp\/v2\/product\/1061","targetHints":{"allow":["GET"]}}],"collection":[{"href":"https:\/\/www.kpnsafety.com\/uy\/wp-json\/wp\/v2\/product"}],"about":[{"href":"https:\/\/www.kpnsafety.com\/uy\/wp-json\/wp\/v2\/types\/product"}],"wp:featuredmedia":[{"embeddable":true,"href":"https:\/\/www.kpnsafety.com\/uy\/wp-json\/wp\/v2\/media\/1062"}],"wp:attachment":[{"href":"https:\/\/www.kpnsafety.com\/uy\/wp-json\/wp\/v2\/media?parent=1061"}],"wp:term":[{"taxonomy":"product_brand","embeddable":true,"href":"https:\/\/www.kpnsafety.com\/uy\/wp-json\/wp\/v2\/product_brand?post=1061"},{"taxonomy":"product_cat","embeddable":true,"href":"https:\/\/www.kpnsafety.com\/uy\/wp-json\/wp\/v2\/product_cat?post=1061"},{"taxonomy":"product_tag","embeddable":true,"href":"https:\/\/www.kpnsafety.com\/uy\/wp-json\/wp\/v2\/product_tag?post=1061"}],"curies":[{"name":"wp","href":"https:\/\/api.w.org\/{rel}","templated":true}]}}