{"id":1063,"date":"2022-07-25T14:14:15","date_gmt":"2022-07-25T19:14:15","guid":{"rendered":"https:\/\/kpnsafety.com\/uy\/?post_type=product&#038;p=1063"},"modified":"2023-06-17T11:01:01","modified_gmt":"2023-06-17T16:01:01","slug":"lanza-automatica-con-gatillo-triggerflow-compact","status":"publish","type":"product","link":"https:\/\/www.kpnsafety.com\/uy\/producto\/lanza-automatica-con-gatillo-triggerflow-compact\/","title":{"rendered":"LANZA AUTOM\u00c1TICA CON GATILLO TRIGGERFLOW COMPACT"},"content":{"rendered":"<p>[vc_row][vc_column][vc_column_text]<strong>CARACTER\u00cdSTICAS GENERALES<\/strong><\/p>\n<ul>\n<li>Utilizaci\u00f3n intuitiva<\/li>\n<li>Cuerpo fino para los modelos Compact que permite hasta 400 l\/min@ 6 bar.<\/li>\n<li>MAYOR SEGURIDAD: Protecci\u00f3n de la mano y del gatillo<\/li>\n<li>M\u00e1s ergon\u00f3mica<\/li>\n<\/ul>\n<p>[\/vc_column_text][\/vc_column][\/vc_row][vc_row disable_element=\u00bbyes\u00bb][vc_column width=\u00bb1\/2&#8243;][vc_single_image image=\u00bb702&#8243; img_size=\u00bbfull\u00bb alignment=\u00bbcenter\u00bb][\/vc_column][vc_column width=\u00bb1\/2&#8243;][\/vc_column][\/vc_row]<\/p>\n","protected":false},"excerpt":{"rendered":"<p>El pit\u00f3n autom\u00e1tico con gatillo TRIGGERFLOW Compact es ideal para el impulso. Su dise\u00f1o la hace m\u00e1s segura, muy intuitiva y m\u00e1s ergon\u00f3mica. Un completo dominio de la lanza sin necesidad de desplazar las manos. Una mano sujeta la lanza y controla el caudal con la punta de los dedos, la otra mano dirige la forma del chorro al mismo tiempo que participa en el mantenimiento frente a la fuerza de retroceso si procede<\/p>\n<p>&nbsp;<\/p>\n<p><a class=\"accion\" href=\"https:\/\/kpnsafety.com\/uy\/contacto\/\" target=\"_blank\" rel=\"noopener\">Solicitar presupuesto<\/a><\/p>\n<p><a class=\"accion\" href=\"https:\/\/api.whatsapp.com\/send?phone=59894351535\" target=\"_blank\" rel=\"noopener\">Contactar un consultor<\/a><\/p>\n","protected":false},"featured_media":1064,"template":"","meta":[],"product_brand":[],"product_cat":[31,85],"product_tag":[],"class_list":{"0":"post-1063","1":"product","2":"type-product","3":"status-publish","4":"has-post-thumbnail","6":"product_cat-proteccion-contra-incendios","7":"product_cat-equipos-para-extincion-de-incendios","9":"first","10":"instock","11":"shipping-taxable","12":"product-type-simple"},"_links":{"self":[{"href":"https:\/\/www.kpnsafety.com\/uy\/wp-json\/wp\/v2\/product\/1063","targetHints":{"allow":["GET"]}}],"collection":[{"href":"https:\/\/www.kpnsafety.com\/uy\/wp-json\/wp\/v2\/product"}],"about":[{"href":"https:\/\/www.kpnsafety.com\/uy\/wp-json\/wp\/v2\/types\/product"}],"wp:featuredmedia":[{"embeddable":true,"href":"https:\/\/www.kpnsafety.com\/uy\/wp-json\/wp\/v2\/media\/1064"}],"wp:attachment":[{"href":"https:\/\/www.kpnsafety.com\/uy\/wp-json\/wp\/v2\/media?parent=1063"}],"wp:term":[{"taxonomy":"product_brand","embeddable":true,"href":"https:\/\/www.kpnsafety.com\/uy\/wp-json\/wp\/v2\/product_brand?post=1063"},{"taxonomy":"product_cat","embeddable":true,"href":"https:\/\/www.kpnsafety.com\/uy\/wp-json\/wp\/v2\/product_cat?post=1063"},{"taxonomy":"product_tag","embeddable":true,"href":"https:\/\/www.kpnsafety.com\/uy\/wp-json\/wp\/v2\/product_tag?post=1063"}],"curies":[{"name":"wp","href":"https:\/\/api.w.org\/{rel}","templated":true}]}}