{"id":1067,"date":"2022-07-25T14:18:08","date_gmt":"2022-07-25T19:18:08","guid":{"rendered":"https:\/\/kpnsafety.com\/uy\/?post_type=product&#038;p=1067"},"modified":"2023-06-17T11:05:29","modified_gmt":"2023-06-17T16:05:29","slug":"lanza-con-seleccion-de-caudal-para-monitor-multiflow","status":"publish","type":"product","link":"https:\/\/www.kpnsafety.com\/uy\/producto\/lanza-con-seleccion-de-caudal-para-monitor-multiflow\/","title":{"rendered":"LANZA CON SELECCI\u00d3N DE CAUDAL PARA MONITOR MULTIFLOW"},"content":{"rendered":"<p>[vc_row][vc_column][vc_column_text][\/vc_column_text][\/vc_column][\/vc_row][vc_row disable_element=\u00bbyes\u00bb][vc_column width=\u00bb1\/2&#8243;][vc_single_image image=\u00bb702&#8243; img_size=\u00bbfull\u00bb alignment=\u00bbcenter\u00bb][\/vc_column][vc_column width=\u00bb1\/2&#8243;][\/vc_column][\/vc_row]<\/p>\n","protected":false},"excerpt":{"rendered":"<p>Robusta y equipada con 6 posiciones de caudal incrementables de 500 l\/min, el cabeza de monitor contra incendios MULTIFLOW 3000 ofrece a los bomberos en intervenci\u00f3n la posibilidad de adaptar el caudal al tipo de fuego. Ofrece un chorro de protecci\u00f3n muy aislante para proteger a las personas y los bienes de las radiaciones t\u00e9rmicas<\/p>\n<p>\u2022 Rangos de caudales:<br \/>\n&#8211; de 500l\/min a 3000l\/min<br \/>\n&#8211; en incrementos de 500 l\/min<br \/>\n&#8211; Calibraci\u00f3n a 6 bares<br \/>\n\u2022 El amplio patr\u00f3n de pulverizaci\u00f3n proporciona una pantalla protectora<br \/>\nperfecta.<br \/>\n\u2022 El parachoques en poliuretano es resistente a las altas temperaturas, a los<br \/>\nhidrocarburos y a losproductos qu\u00edmicos.<br \/>\n\u2022 Entrada 2\u2019\u20191\/2 BSP H<\/p>\n<p>&nbsp;<\/p>\n<p><a class=\"accion\" href=\"https:\/\/kpnsafety.com\/uy\/contacto\/\" target=\"_blank\" rel=\"noopener\">Solicitar presupuesto<\/a><\/p>\n<p><a class=\"accion\" href=\"https:\/\/api.whatsapp.com\/send?phone=59894351535\" target=\"_blank\" rel=\"noopener\">Contactar un consultor<\/a><\/p>\n","protected":false},"featured_media":1068,"template":"","meta":[],"product_brand":[],"product_cat":[31,85],"product_tag":[],"class_list":{"0":"post-1067","1":"product","2":"type-product","3":"status-publish","4":"has-post-thumbnail","6":"product_cat-proteccion-contra-incendios","7":"product_cat-equipos-para-extincion-de-incendios","9":"first","10":"instock","11":"shipping-taxable","12":"product-type-simple"},"_links":{"self":[{"href":"https:\/\/www.kpnsafety.com\/uy\/wp-json\/wp\/v2\/product\/1067","targetHints":{"allow":["GET"]}}],"collection":[{"href":"https:\/\/www.kpnsafety.com\/uy\/wp-json\/wp\/v2\/product"}],"about":[{"href":"https:\/\/www.kpnsafety.com\/uy\/wp-json\/wp\/v2\/types\/product"}],"wp:featuredmedia":[{"embeddable":true,"href":"https:\/\/www.kpnsafety.com\/uy\/wp-json\/wp\/v2\/media\/1068"}],"wp:attachment":[{"href":"https:\/\/www.kpnsafety.com\/uy\/wp-json\/wp\/v2\/media?parent=1067"}],"wp:term":[{"taxonomy":"product_brand","embeddable":true,"href":"https:\/\/www.kpnsafety.com\/uy\/wp-json\/wp\/v2\/product_brand?post=1067"},{"taxonomy":"product_cat","embeddable":true,"href":"https:\/\/www.kpnsafety.com\/uy\/wp-json\/wp\/v2\/product_cat?post=1067"},{"taxonomy":"product_tag","embeddable":true,"href":"https:\/\/www.kpnsafety.com\/uy\/wp-json\/wp\/v2\/product_tag?post=1067"}],"curies":[{"name":"wp","href":"https:\/\/api.w.org\/{rel}","templated":true}]}}