{"id":1069,"date":"2022-07-25T14:19:16","date_gmt":"2022-07-25T19:19:16","guid":{"rendered":"https:\/\/kpnsafety.com\/uy\/?post_type=product&#038;p=1069"},"modified":"2023-06-17T09:13:02","modified_gmt":"2023-06-17T14:13:02","slug":"boquilla-automatica-para-monitor-flowmatic","status":"publish","type":"product","link":"https:\/\/www.kpnsafety.com\/uy\/producto\/boquilla-automatica-para-monitor-flowmatic\/","title":{"rendered":"BOQUILLA AUTOM\u00c1TICA PARA MONITOR FLOWMATIC"},"content":{"rendered":"<p>[vc_row][vc_column][vc_column_text][\/vc_column_text][\/vc_column][\/vc_row][vc_row disable_element=\u00bbyes\u00bb][vc_column width=\u00bb1\/2&#8243;][vc_single_image image=\u00bb702&#8243; img_size=\u00bbfull\u00bb alignment=\u00bbcenter\u00bb][\/vc_column][vc_column width=\u00bb1\/2&#8243;][\/vc_column][\/vc_row]<\/p>\n","protected":false},"excerpt":{"rendered":"<p>S\u00f3lida y eficaz, la cabeza autom\u00e1tica de monitor contra incendios FLOWMATIC permite generar un chorro difuso de protecci\u00f3n de muy gran calidad, as\u00ed como un chorro recto de largo alcance, incluso en caso de variaci\u00f3n de presi\u00f3n.<br \/>\n\u2022 El cabezal FlowMatic posee una presi\u00f3n de regulaci\u00f3n de 6 bar.<br \/>\n\u2022 Rangos de caudales:<br \/>\n&#8211; de 500 l\/min a 2000 l\/min para el FlowMatic 2000<br \/>\n&#8211; de 1500 l\/min a 3000 l\/min para el FlowMatic 3000<br \/>\n&#8211; de 1700 l\/min a 3000 l\/min para el FlowMatic 5000<br \/>\n\u2022\u00a0 La regulaci\u00f3n de presi\u00f3n permite mantener el alcance.<br \/>\n\u2022 El chorro difuminado ancho garantiza una pantalla de protecci\u00f3n perfecta.<br \/>\n\u2022 La cabeza de poliuretano es resistente a altas temperaturas, hidrocarburos y productos qu\u00edmicos.<br \/>\n\u2022 Entrada de 2\u2019\u2019 1\/2 BSP o NH hembra.<\/p>\n<p>&nbsp;<\/p>\n<p><a class=\"accion\" href=\"https:\/\/kpnsafety.com\/uy\/contacto\/\" target=\"_blank\" rel=\"noopener\">Solicitar presupuesto<\/a><\/p>\n<p><a class=\"accion\" href=\"https:\/\/api.whatsapp.com\/send?phone=59894351535\" target=\"_blank\" rel=\"noopener\">Contactar un consultor<\/a><\/p>\n","protected":false},"featured_media":1070,"template":"","meta":[],"product_brand":[],"product_cat":[31,85],"product_tag":[],"class_list":{"0":"post-1069","1":"product","2":"type-product","3":"status-publish","4":"has-post-thumbnail","6":"product_cat-proteccion-contra-incendios","7":"product_cat-equipos-para-extincion-de-incendios","9":"first","10":"instock","11":"shipping-taxable","12":"product-type-simple"},"_links":{"self":[{"href":"https:\/\/www.kpnsafety.com\/uy\/wp-json\/wp\/v2\/product\/1069","targetHints":{"allow":["GET"]}}],"collection":[{"href":"https:\/\/www.kpnsafety.com\/uy\/wp-json\/wp\/v2\/product"}],"about":[{"href":"https:\/\/www.kpnsafety.com\/uy\/wp-json\/wp\/v2\/types\/product"}],"wp:featuredmedia":[{"embeddable":true,"href":"https:\/\/www.kpnsafety.com\/uy\/wp-json\/wp\/v2\/media\/1070"}],"wp:attachment":[{"href":"https:\/\/www.kpnsafety.com\/uy\/wp-json\/wp\/v2\/media?parent=1069"}],"wp:term":[{"taxonomy":"product_brand","embeddable":true,"href":"https:\/\/www.kpnsafety.com\/uy\/wp-json\/wp\/v2\/product_brand?post=1069"},{"taxonomy":"product_cat","embeddable":true,"href":"https:\/\/www.kpnsafety.com\/uy\/wp-json\/wp\/v2\/product_cat?post=1069"},{"taxonomy":"product_tag","embeddable":true,"href":"https:\/\/www.kpnsafety.com\/uy\/wp-json\/wp\/v2\/product_tag?post=1069"}],"curies":[{"name":"wp","href":"https:\/\/api.w.org\/{rel}","templated":true}]}}