{"id":1073,"date":"2022-07-25T14:21:17","date_gmt":"2022-07-25T19:21:17","guid":{"rendered":"https:\/\/kpnsafety.com\/uy\/?post_type=product&#038;p=1073"},"modified":"2023-06-17T11:18:03","modified_gmt":"2023-06-17T16:18:03","slug":"leader-tic-4-3-camaras-termicas-portatiles","status":"publish","type":"product","link":"https:\/\/www.kpnsafety.com\/uy\/producto\/leader-tic-4-3-camaras-termicas-portatiles\/","title":{"rendered":"LEADER TIC 4.3 &#8211; C\u00c1MARAS T\u00c9RMICAS PORT\u00c1TILES"},"content":{"rendered":"<p>[vc_row][vc_column][vc_column_text]<strong>VENTAJAS<\/strong><\/p>\n<ul>\n<li>Compacta &amp; ligera 990 g con 2 bater\u00edas<\/li>\n<li>Pantalla de 4\u201c<\/li>\n<li>Gran rango de t\u00b0C: de -40\u00b0C a +1150\u00b0C<\/li>\n<li>Grabaci\u00f3n v\u00eddeo, foto y parada en imagen<\/li>\n<li>Rapidez de inicio: &lt;5 seg.<\/li>\n<li>Bater\u00edas garantizadas 6 a\u00f1os \/ 5000 ciclos de cargas<\/li>\n<li>C\u00e1mara garantizada 5 a\u00f1os y sensor garantizado 10 a\u00f1os<\/li>\n<li>Hasta 8 horas de autonom\u00eda con 2 bater\u00edas dependiendo del modelo elegido<\/li>\n<li>Lente Germanium para proteger la \u00f3ptica<\/li>\n<li>Empu\u00f1adura de pistola en opci\u00f3n<\/li>\n<li>Kit de transmisi\u00f3n inal\u00e1mbrica opcional para transmisi\u00f3n de video en vivo<\/li>\n<\/ul>\n<p>[\/vc_column_text][\/vc_column][\/vc_row][vc_row disable_element=\u00bbyes\u00bb][vc_column width=\u00bb1\/2&#8243;][vc_single_image image=\u00bb702&#8243; img_size=\u00bbfull\u00bb alignment=\u00bbcenter\u00bb][\/vc_column][vc_column width=\u00bb1\/2&#8243;][\/vc_column][\/vc_row]<\/p>\n","protected":false},"excerpt":{"rendered":"<p>Eficaz y polivalente gracias a sus 3 botones de acci\u00f3n, cuenta con una gran pantalla 4\u201d, la c\u00e1mara t\u00e9rmica Leader TIC 4.3 es particularmente apropiada para los ataques contra incendios en interior. Posee un estatuto de c\u00e1mara de ataque contra incendios y es ideal para utilizaciones en los incendios, para la b\u00fasqueda de personas y de zonas en fuego.<br \/>\nAdem\u00e1s, se puede conectar un kit de transmisi\u00f3n inal\u00e1mbrica opcional para la transmisi\u00f3n de im\u00e1genes en vivo en 3 soportes digitales (m\u00f3vil, tableta, computadora) al mismo tiempo. Esto es \u00fatil para prop\u00f3sitos de entrenamiento u operaciones especiales<\/p>\n<div><\/div>\n<p><a class=\"accion\" href=\"https:\/\/kpnsafety.com\/uy\/contacto\/\" target=\"_blank\" rel=\"noopener\">Solicitar presupuesto<\/a><\/p>\n<p><a class=\"accion\" href=\"https:\/\/api.whatsapp.com\/send?phone=59894351535\" target=\"_blank\" rel=\"noopener\">Contactar un consultor<\/a><\/p>\n","protected":false},"featured_media":1074,"template":"","meta":[],"product_brand":[],"product_cat":[31,86],"product_tag":[],"class_list":{"0":"post-1073","1":"product","2":"type-product","3":"status-publish","4":"has-post-thumbnail","6":"product_cat-proteccion-contra-incendios","7":"product_cat-camaras-termicas","9":"first","10":"instock","11":"shipping-taxable","12":"product-type-simple"},"_links":{"self":[{"href":"https:\/\/www.kpnsafety.com\/uy\/wp-json\/wp\/v2\/product\/1073","targetHints":{"allow":["GET"]}}],"collection":[{"href":"https:\/\/www.kpnsafety.com\/uy\/wp-json\/wp\/v2\/product"}],"about":[{"href":"https:\/\/www.kpnsafety.com\/uy\/wp-json\/wp\/v2\/types\/product"}],"wp:featuredmedia":[{"embeddable":true,"href":"https:\/\/www.kpnsafety.com\/uy\/wp-json\/wp\/v2\/media\/1074"}],"wp:attachment":[{"href":"https:\/\/www.kpnsafety.com\/uy\/wp-json\/wp\/v2\/media?parent=1073"}],"wp:term":[{"taxonomy":"product_brand","embeddable":true,"href":"https:\/\/www.kpnsafety.com\/uy\/wp-json\/wp\/v2\/product_brand?post=1073"},{"taxonomy":"product_cat","embeddable":true,"href":"https:\/\/www.kpnsafety.com\/uy\/wp-json\/wp\/v2\/product_cat?post=1073"},{"taxonomy":"product_tag","embeddable":true,"href":"https:\/\/www.kpnsafety.com\/uy\/wp-json\/wp\/v2\/product_tag?post=1073"}],"curies":[{"name":"wp","href":"https:\/\/api.w.org\/{rel}","templated":true}]}}