{"id":1082,"date":"2022-07-25T14:29:42","date_gmt":"2022-07-25T19:29:42","guid":{"rendered":"https:\/\/kpnsafety.com\/uy\/?post_type=product&#038;p=1082"},"modified":"2023-06-19T21:37:40","modified_gmt":"2023-06-20T02:37:40","slug":"ventilador-a-bateria-litio-ion-extraible-batfan-3-li","status":"publish","type":"product","link":"https:\/\/www.kpnsafety.com\/uy\/producto\/ventilador-a-bateria-litio-ion-extraible-batfan-3-li\/","title":{"rendered":"VENTILADOR A BATER\u00cdA LITIO-ION EXTRA\u00cdBLE BATFAN 3 LI+"},"content":{"rendered":"<p>[vc_row][vc_column][vc_column_text][\/vc_column_text][\/vc_column][\/vc_row][vc_row disable_element=\u00bbyes\u00bb][vc_column width=\u00bb1\/2&#8243;][vc_single_image image=\u00bb702&#8243; img_size=\u00bbfull\u00bb alignment=\u00bbcenter\u00bb][\/vc_column][vc_column width=\u00bb1\/2&#8243;][\/vc_column][\/vc_row]<\/p>\n","protected":false},"excerpt":{"rendered":"<div>\n<p><strong>POTENTE Y AUT\u00d3NOMO<\/strong><\/p>\n<p>50 minutos a 18,600 m\u00b3 \/ h sin p\u00e9rdida progresiva de caudal. Equipado con una bater\u00eda, el ventilador portatil BATFAN 3 Li+ permite efectuar las intervenciones en total autonom\u00eda. El uso de una segunda bater\u00eda lleva la autonom\u00eda a 1h40. Posibilidad de estar conectado a la red el\u00e9ctrica cargando durante la intervenci\u00f3n. Tecnolog\u00eda NEO: chorro ovalado que permite la introducci\u00f3n de aire m\u00e1ximo en el edificio.<\/p>\n<p><strong>COMPACTO Y M\u00d3VIL<\/strong><\/p>\n<p>Ligero y equipado con una empu\u00f1adura, as\u00ed como una correa de transporte, lo puede transportar una sola persona. Plegable, se guarda con facilidad en el maletero de un veh\u00edculo. Dos BATFAN ocupan el mismo espacio que un solo ventilador cl\u00e1sico.<\/p>\n<p><strong>R\u00c1PIDO Y F\u00c1CIL DE UTILIZAR<\/strong><\/p>\n<p>El BATFAN 3 Li+ es m\u00e1s r\u00e1pido de utilizar que los ventiladores cl\u00e1sicos. En efecto, gracias a su bater\u00eda de litio extra\u00edble, es totalmente aut\u00f3nomo y puede arrancar instant\u00e1neamente sin perder el tiempo de buscar una toma de alimentaci\u00f3n. Su dise\u00f1o en dos partes articuladas le otorga una excelente estabilidad.<\/p>\n<\/div>\n<p><a class=\"accion\" href=\"https:\/\/kpnsafety.com\/uy\/contacto\/\" target=\"_blank\" rel=\"noopener\">Solicitar presupuesto<\/a><\/p>\n<p><a class=\"accion\" href=\"https:\/\/api.whatsapp.com\/send?phone=59894351535\" target=\"_blank\" rel=\"noopener\">Contactar un consultor<\/a><\/p>\n","protected":false},"featured_media":1083,"template":"","meta":[],"product_brand":[],"product_cat":[31,87],"product_tag":[],"class_list":{"0":"post-1082","1":"product","2":"type-product","3":"status-publish","4":"has-post-thumbnail","6":"product_cat-proteccion-contra-incendios","7":"product_cat-ventiladores-contra-incendios","9":"first","10":"instock","11":"shipping-taxable","12":"product-type-simple"},"_links":{"self":[{"href":"https:\/\/www.kpnsafety.com\/uy\/wp-json\/wp\/v2\/product\/1082","targetHints":{"allow":["GET"]}}],"collection":[{"href":"https:\/\/www.kpnsafety.com\/uy\/wp-json\/wp\/v2\/product"}],"about":[{"href":"https:\/\/www.kpnsafety.com\/uy\/wp-json\/wp\/v2\/types\/product"}],"wp:featuredmedia":[{"embeddable":true,"href":"https:\/\/www.kpnsafety.com\/uy\/wp-json\/wp\/v2\/media\/1083"}],"wp:attachment":[{"href":"https:\/\/www.kpnsafety.com\/uy\/wp-json\/wp\/v2\/media?parent=1082"}],"wp:term":[{"taxonomy":"product_brand","embeddable":true,"href":"https:\/\/www.kpnsafety.com\/uy\/wp-json\/wp\/v2\/product_brand?post=1082"},{"taxonomy":"product_cat","embeddable":true,"href":"https:\/\/www.kpnsafety.com\/uy\/wp-json\/wp\/v2\/product_cat?post=1082"},{"taxonomy":"product_tag","embeddable":true,"href":"https:\/\/www.kpnsafety.com\/uy\/wp-json\/wp\/v2\/product_tag?post=1082"}],"curies":[{"name":"wp","href":"https:\/\/api.w.org\/{rel}","templated":true}]}}