{"id":1085,"date":"2022-07-25T14:32:03","date_gmt":"2022-07-25T19:32:03","guid":{"rendered":"https:\/\/kpnsafety.com\/uy\/?post_type=product&#038;p=1085"},"modified":"2023-06-19T21:39:18","modified_gmt":"2023-06-20T02:39:18","slug":"ventilador-electrico-neo-esv230-48-000-m%c2%b3-h","status":"publish","type":"product","link":"https:\/\/www.kpnsafety.com\/uy\/producto\/ventilador-electrico-neo-esv230-48-000-m%c2%b3-h\/","title":{"rendered":"VENTILADOR EL\u00c9CTRICO NEO ESV230 &#8211; 48 000 M\u00b3\/H"},"content":{"rendered":"<p>[vc_row][vc_column][vc_column_text][\/vc_column_text][\/vc_column][\/vc_row][vc_row disable_element=\u00bbyes\u00bb][vc_column width=\u00bb1\/2&#8243;][vc_single_image image=\u00bb702&#8243; img_size=\u00bbfull\u00bb alignment=\u00bbcenter\u00bb][\/vc_column][vc_column width=\u00bb1\/2&#8243;][\/vc_column][\/vc_row]<\/p>\n","protected":false},"excerpt":{"rendered":"<div>\n<p>Con su variador de velocidad, el ESV230 es el m\u00e1s vendido de los ventiladores el\u00e9ctricos Leader. \u00a1El ESV230 cuenta con una relaci\u00f3n potencia \/ maniobrabilidad \/ dimensiones sin equivalente! Con la tecnolog\u00eda NEO que le permite optimizar su caudal de aire de 48 000 m\u00b3\/h, permite ventilar chalets y peque\u00f1os edificios.<\/p>\n<p><strong>EL\u00c9CTRICO<\/strong><\/p>\n<p>El\u00e9ctrico, no genera gases t\u00f3xicos y produce menos ruido que un motor t\u00e9rmico.<\/p>\n<p><strong>TECNOLOG\u00cdA NEO<\/strong><\/p>\n<p>El ventilador el\u00e9ctrico ESV230 tiene prestaciones superiores a los productos de la competencia en su categor\u00eda. Con la tecnolog\u00eda NEO, genera un chorro de aire ovalizado muy concentrado gracias a una \u00f3ptima combinaci\u00f3n:<\/p>\n<ul>\n<li>Una h\u00e9lice muy resistente y adaptada a la potencia del motor<\/li>\n<li>Una voluta roja monobloque reforzada doble pared de polietileno de alta densidad<\/li>\n<li>Una rejilla de alta tecnicidad de material composite<\/li>\n<\/ul>\n<\/div>\n<p><a class=\"accion\" href=\"https:\/\/kpnsafety.com\/uy\/contacto\/\" target=\"_blank\" rel=\"noopener\">Solicitar presupuesto<\/a><\/p>\n<p><a class=\"accion\" href=\"https:\/\/api.whatsapp.com\/send?phone=59894351535\" target=\"_blank\" rel=\"noopener\">Contactar un consultor<\/a><\/p>\n","protected":false},"featured_media":1086,"template":"","meta":[],"product_brand":[],"product_cat":[31,87],"product_tag":[],"class_list":{"0":"post-1085","1":"product","2":"type-product","3":"status-publish","4":"has-post-thumbnail","6":"product_cat-proteccion-contra-incendios","7":"product_cat-ventiladores-contra-incendios","9":"first","10":"instock","11":"shipping-taxable","12":"product-type-simple"},"_links":{"self":[{"href":"https:\/\/www.kpnsafety.com\/uy\/wp-json\/wp\/v2\/product\/1085","targetHints":{"allow":["GET"]}}],"collection":[{"href":"https:\/\/www.kpnsafety.com\/uy\/wp-json\/wp\/v2\/product"}],"about":[{"href":"https:\/\/www.kpnsafety.com\/uy\/wp-json\/wp\/v2\/types\/product"}],"wp:featuredmedia":[{"embeddable":true,"href":"https:\/\/www.kpnsafety.com\/uy\/wp-json\/wp\/v2\/media\/1086"}],"wp:attachment":[{"href":"https:\/\/www.kpnsafety.com\/uy\/wp-json\/wp\/v2\/media?parent=1085"}],"wp:term":[{"taxonomy":"product_brand","embeddable":true,"href":"https:\/\/www.kpnsafety.com\/uy\/wp-json\/wp\/v2\/product_brand?post=1085"},{"taxonomy":"product_cat","embeddable":true,"href":"https:\/\/www.kpnsafety.com\/uy\/wp-json\/wp\/v2\/product_cat?post=1085"},{"taxonomy":"product_tag","embeddable":true,"href":"https:\/\/www.kpnsafety.com\/uy\/wp-json\/wp\/v2\/product_tag?post=1085"}],"curies":[{"name":"wp","href":"https:\/\/api.w.org\/{rel}","templated":true}]}}