{"id":1088,"date":"2022-07-25T14:33:44","date_gmt":"2022-07-25T19:33:44","guid":{"rendered":"https:\/\/kpnsafety.com\/uy\/?post_type=product&#038;p=1088"},"modified":"2023-06-19T21:44:45","modified_gmt":"2023-06-20T02:44:45","slug":"ventilador-termico-neo-mt215-l-33-900-m%c2%b3-h","status":"publish","type":"product","link":"https:\/\/www.kpnsafety.com\/uy\/producto\/ventilador-termico-neo-mt215-l-33-900-m%c2%b3-h\/","title":{"rendered":"VENTILADOR T\u00c9RMICO NEO MT215 L &#8211; 33 900 M\u00b3\/H"},"content":{"rendered":"<p>[vc_row][vc_column][vc_column_text][\/vc_column_text][\/vc_column][\/vc_row][vc_row disable_element=\u00bbyes\u00bb][vc_column width=\u00bb1\/2&#8243;][vc_single_image image=\u00bb702&#8243; img_size=\u00bbfull\u00bb alignment=\u00bbcenter\u00bb][\/vc_column][vc_column width=\u00bb1\/2&#8243;][\/vc_column][\/vc_row]<\/p>\n","protected":false},"excerpt":{"rendered":"<div>\n<p>El ventilador t\u00e9rmico MT215L ha sido especialmente dise\u00f1ado para ser f\u00e1cilmente transportable. Compacto, entra perfectamente en los maleteros de veh\u00edculos. Adem\u00e1s, est\u00e1 equipado con una empu\u00f1adura replegable para facilitar su almacenamiento. Ligero, aunque equipado con ruedas, una sola persona lo puede transportar con facilidad.<\/p>\n<p><strong>COMPACTO Y LIGERO<\/strong><\/p>\n<p>Compacto y ligero, el ventilador t\u00e9rmico MT215L s\u00f3lo pesa 20,3 kg<\/p>\n<p><strong>F\u00c1CIL DE TRANSPORTAR<\/strong><\/p>\n<p>Compacto, cuenta con una empu\u00f1adura de maniobra replegable que facilita su transporte y su almacenamiento en los maleteros de los veh\u00edculos.<\/p>\n<p><strong>TECNOLOG\u00cdA NEO<\/strong><\/p>\n<p>La tecnolog\u00eda NEO es la combinaci\u00f3n \u00f3ptima de una h\u00e9lice muy s\u00f3lida asociada a una rejilla de alta tecnicidad de material composite, rodeada por una voluta monobloque reforzada que permite alcanzar prestaciones inigualadas generando un chorro de aire ovalizado<\/p>\n<\/div>\n<p><a class=\"accion\" href=\"https:\/\/kpnsafety.com\/uy\/contacto\/\" target=\"_blank\" rel=\"noopener\">Solicitar presupuesto<\/a><\/p>\n<p><a class=\"accion\" href=\"https:\/\/api.whatsapp.com\/send?phone=59894351535\" target=\"_blank\" rel=\"noopener\">Contactar un consultor<\/a><\/p>\n","protected":false},"featured_media":1089,"template":"","meta":[],"product_brand":[],"product_cat":[31,87],"product_tag":[],"class_list":{"0":"post-1088","1":"product","2":"type-product","3":"status-publish","4":"has-post-thumbnail","6":"product_cat-proteccion-contra-incendios","7":"product_cat-ventiladores-contra-incendios","9":"first","10":"instock","11":"shipping-taxable","12":"product-type-simple"},"_links":{"self":[{"href":"https:\/\/www.kpnsafety.com\/uy\/wp-json\/wp\/v2\/product\/1088","targetHints":{"allow":["GET"]}}],"collection":[{"href":"https:\/\/www.kpnsafety.com\/uy\/wp-json\/wp\/v2\/product"}],"about":[{"href":"https:\/\/www.kpnsafety.com\/uy\/wp-json\/wp\/v2\/types\/product"}],"wp:featuredmedia":[{"embeddable":true,"href":"https:\/\/www.kpnsafety.com\/uy\/wp-json\/wp\/v2\/media\/1089"}],"wp:attachment":[{"href":"https:\/\/www.kpnsafety.com\/uy\/wp-json\/wp\/v2\/media?parent=1088"}],"wp:term":[{"taxonomy":"product_brand","embeddable":true,"href":"https:\/\/www.kpnsafety.com\/uy\/wp-json\/wp\/v2\/product_brand?post=1088"},{"taxonomy":"product_cat","embeddable":true,"href":"https:\/\/www.kpnsafety.com\/uy\/wp-json\/wp\/v2\/product_cat?post=1088"},{"taxonomy":"product_tag","embeddable":true,"href":"https:\/\/www.kpnsafety.com\/uy\/wp-json\/wp\/v2\/product_tag?post=1088"}],"curies":[{"name":"wp","href":"https:\/\/api.w.org\/{rel}","templated":true}]}}