{"id":1091,"date":"2022-07-25T14:35:04","date_gmt":"2022-07-25T19:35:04","guid":{"rendered":"https:\/\/kpnsafety.com\/uy\/?post_type=product&#038;p=1091"},"modified":"2023-06-19T21:43:41","modified_gmt":"2023-06-20T02:43:41","slug":"ventilador-hidraulico-mh260-79-900-m3-h","status":"publish","type":"product","link":"https:\/\/www.kpnsafety.com\/uy\/producto\/ventilador-hidraulico-mh260-79-900-m3-h\/","title":{"rendered":"VENTILADOR HIDR\u00c1ULICO MH260 &#8211; 79 900 M3\/H"},"content":{"rendered":"<p>[vc_row][vc_column][vc_column_text][\/vc_column_text][\/vc_column][\/vc_row][vc_row disable_element=\u00bbyes\u00bb][vc_column width=\u00bb1\/2&#8243;][vc_single_image image=\u00bb702&#8243; img_size=\u00bbfull\u00bb alignment=\u00bbcenter\u00bb][\/vc_column][vc_column width=\u00bb1\/2&#8243;][\/vc_column][\/vc_row]<\/p>\n","protected":false},"excerpt":{"rendered":"<div>\n<p><strong>HIDR\u00c1ULICO<\/strong><\/p>\n<p>Alimentado gracias a un motor hidr\u00e1ulico (motor de agua), el MH260 no genera ning\u00fan gas de escape y no necesita ninguna alimentaci\u00f3n el\u00e9ctrica.<\/p>\n<p><strong>POTENTE<\/strong><\/p>\n<p>Potente, el ventilador de agua MH260 genera un caudal al aire libre de 79 900 m3\/h.<\/p>\n<p><strong>NEBULIZADOR INTEGRADO<\/strong><\/p>\n<p>El ventilador hidr\u00e1ulico MH260 est\u00e1 equipado con un nebulizador de serie para un enfriamiento m\u00e1s r\u00e1pido y eficaz del aire.<\/p>\n<p><strong>TECNOLOG\u00cdA EASY POW\u2019AIR<\/strong><\/p>\n<p>La tecnolog\u00eda EASY POW\u2019AIR tecnolog\u00eda reforzar el efecto de arrastre del aire, proprio a los turboventiladores, permitiendo as\u00ed poner el ventilador a una mayor distancia del abriente (de 2 a 6 m) para dejar un espacio de maniobra suficiente a los equipos de intervenci\u00f3n.<\/p>\n<\/div>\n<p><a class=\"accion\" href=\"https:\/\/kpnsafety.com\/uy\/contacto\/\" target=\"_blank\" rel=\"noopener\">Solicitar presupuesto<\/a><\/p>\n<p><a class=\"accion\" href=\"https:\/\/api.whatsapp.com\/send?phone=59894351535\" target=\"_blank\" rel=\"noopener\">Contactar un consultor<\/a><\/p>\n","protected":false},"featured_media":1092,"template":"","meta":[],"product_brand":[],"product_cat":[31,87],"product_tag":[],"class_list":{"0":"post-1091","1":"product","2":"type-product","3":"status-publish","4":"has-post-thumbnail","6":"product_cat-proteccion-contra-incendios","7":"product_cat-ventiladores-contra-incendios","9":"first","10":"instock","11":"shipping-taxable","12":"product-type-simple"},"_links":{"self":[{"href":"https:\/\/www.kpnsafety.com\/uy\/wp-json\/wp\/v2\/product\/1091","targetHints":{"allow":["GET"]}}],"collection":[{"href":"https:\/\/www.kpnsafety.com\/uy\/wp-json\/wp\/v2\/product"}],"about":[{"href":"https:\/\/www.kpnsafety.com\/uy\/wp-json\/wp\/v2\/types\/product"}],"wp:featuredmedia":[{"embeddable":true,"href":"https:\/\/www.kpnsafety.com\/uy\/wp-json\/wp\/v2\/media\/1092"}],"wp:attachment":[{"href":"https:\/\/www.kpnsafety.com\/uy\/wp-json\/wp\/v2\/media?parent=1091"}],"wp:term":[{"taxonomy":"product_brand","embeddable":true,"href":"https:\/\/www.kpnsafety.com\/uy\/wp-json\/wp\/v2\/product_brand?post=1091"},{"taxonomy":"product_cat","embeddable":true,"href":"https:\/\/www.kpnsafety.com\/uy\/wp-json\/wp\/v2\/product_cat?post=1091"},{"taxonomy":"product_tag","embeddable":true,"href":"https:\/\/www.kpnsafety.com\/uy\/wp-json\/wp\/v2\/product_tag?post=1091"}],"curies":[{"name":"wp","href":"https:\/\/api.w.org\/{rel}","templated":true}]}}