{"id":1094,"date":"2022-07-25T14:36:32","date_gmt":"2022-07-25T19:36:32","guid":{"rendered":"https:\/\/kpnsafety.com\/uy\/?post_type=product&#038;p=1094"},"modified":"2023-06-19T21:42:37","modified_gmt":"2023-06-20T02:42:37","slug":"ventilador-extractor-electrico-atex-sax350-4500-m3-h","status":"publish","type":"product","link":"https:\/\/www.kpnsafety.com\/uy\/producto\/ventilador-extractor-electrico-atex-sax350-4500-m3-h\/","title":{"rendered":"VENTILADOR EXTRACTOR EL\u00c9CTRICO ATEX SAX350 &#8211; 4500 M3\/H"},"content":{"rendered":"<p>[vc_row][vc_column][vc_column_text]<strong>RESISTENTE A LA CORROSI\u00d3N<\/strong><\/p>\n<p>IP66 y equipado con cuerpo de polietileno antiest\u00e1tico y rejillas de protecci\u00f3n de acero inoxidable, es muy resistente a la corrosi\u00f3n.<\/p>\n<p><strong>ERGON\u00d3MICO Y SILENCIOSO<\/strong><\/p>\n<p>Ergon\u00f3mico y port\u00e1til gracias a las asas de grandes dimensiones, el ventilador el\u00e9ctrico ATEX SAX350 se guarda con facilidad en los maleteros de veh\u00edculos. El SAX350 es silencioso. Un activo innegable para la comodidad de los trabajadores en espacios reducidos..[\/vc_column_text][\/vc_column][\/vc_row][vc_row disable_element=\u00bbyes\u00bb][vc_column width=\u00bb1\/2&#8243;][vc_single_image image=\u00bb702&#8243; img_size=\u00bbfull\u00bb alignment=\u00bbcenter\u00bb][\/vc_column][vc_column width=\u00bb1\/2&#8243;][\/vc_column][\/vc_row]<\/p>\n","protected":false},"excerpt":{"rendered":"<p>Dise\u00f1ado especialmente para medios peligros en zonas ATEX, este ventilador es perfecto para evacuar humos y gases t\u00f3xicos, qu\u00edmicos y explosivos.<\/p>\n<p><strong>CERTIFICADO ATEX &#8211; EX DB EB H IIB+H2 T4 GB<\/strong><\/p>\n<p>Dise\u00f1ado para ser utilizado en atm\u00f3sferas peligrosas, el ventilador soplanteaspirante SAX350, responde a las normas fijadas por la directiva ATEX, pero tambi\u00e9n a la norma EN 14986 espec\u00edficamente dedicada a los ventiladores. La certificaci\u00f3n cubre toda la unidad: el motor, el marco , la voluta, la rejilla, la h\u00e9lice, la caja el\u00e9ctrica con su cable de alimentaci\u00f3n, etc<\/p>\n<p><strong>VENTILADOR EL\u00c9CTRICO SOPLANTE-ASPIRANTE<\/strong><\/p>\n<p>Perfecto para diferentes aplicaciones de ventilaci\u00f3n (soplado o aspiraci\u00f3n) en el medio industrial: ventilaci\u00f3n de espacios confinados (como contenedores, bodegas de nav\u00edos, pozos y minas, silos, redes de saneamiento, etc.) y diluci\u00f3n de atm\u00f3sfera explosiva (vapores qu\u00edmicos, gases explosivos o t\u00f3xicos, etc&#8230;). Gracias a los adaptadores de conductos intercambiables, puede utilizarse con conductos de 20, 30 o 40 cm de di\u00e1metro. Tambi\u00e9n tiene empalmes ZAG (de 300 mm de di\u00e1metro) para la conexi\u00f3n a los conductos de aspiraci\u00f3n y de descarga.<\/p>\n<p><a class=\"accion\" href=\"https:\/\/kpnsafety.com\/uy\/contacto\/\" target=\"_blank\" rel=\"noopener\">Solicitar presupuesto<\/a><\/p>\n<p><a class=\"accion\" href=\"https:\/\/api.whatsapp.com\/send?phone=59894351535\" target=\"_blank\" rel=\"noopener\">Contactar un consultor<\/a><\/p>\n","protected":false},"featured_media":1095,"template":"","meta":[],"product_brand":[],"product_cat":[31,87],"product_tag":[],"class_list":{"0":"post-1094","1":"product","2":"type-product","3":"status-publish","4":"has-post-thumbnail","6":"product_cat-proteccion-contra-incendios","7":"product_cat-ventiladores-contra-incendios","9":"first","10":"instock","11":"shipping-taxable","12":"product-type-simple"},"_links":{"self":[{"href":"https:\/\/www.kpnsafety.com\/uy\/wp-json\/wp\/v2\/product\/1094","targetHints":{"allow":["GET"]}}],"collection":[{"href":"https:\/\/www.kpnsafety.com\/uy\/wp-json\/wp\/v2\/product"}],"about":[{"href":"https:\/\/www.kpnsafety.com\/uy\/wp-json\/wp\/v2\/types\/product"}],"wp:featuredmedia":[{"embeddable":true,"href":"https:\/\/www.kpnsafety.com\/uy\/wp-json\/wp\/v2\/media\/1095"}],"wp:attachment":[{"href":"https:\/\/www.kpnsafety.com\/uy\/wp-json\/wp\/v2\/media?parent=1094"}],"wp:term":[{"taxonomy":"product_brand","embeddable":true,"href":"https:\/\/www.kpnsafety.com\/uy\/wp-json\/wp\/v2\/product_brand?post=1094"},{"taxonomy":"product_cat","embeddable":true,"href":"https:\/\/www.kpnsafety.com\/uy\/wp-json\/wp\/v2\/product_cat?post=1094"},{"taxonomy":"product_tag","embeddable":true,"href":"https:\/\/www.kpnsafety.com\/uy\/wp-json\/wp\/v2\/product_tag?post=1094"}],"curies":[{"name":"wp","href":"https:\/\/api.w.org\/{rel}","templated":true}]}}