{"id":1104,"date":"2022-07-25T14:54:35","date_gmt":"2022-07-25T19:54:35","guid":{"rendered":"https:\/\/kpnsafety.com\/uy\/?post_type=product&#038;p=1104"},"modified":"2023-06-17T11:09:29","modified_gmt":"2023-06-17T16:09:29","slug":"lanza-contra-incendios-multifuncion-agua-espuma-twin-action","status":"publish","type":"product","link":"https:\/\/www.kpnsafety.com\/uy\/producto\/lanza-contra-incendios-multifuncion-agua-espuma-twin-action\/","title":{"rendered":"LANZA CONTRA INCENDIOS MULTIFUNCI\u00d3N AGUA\/ESPUMA TWIN-ACTION"},"content":{"rendered":"<p>[vc_row][vc_column][vc_column_text][\/vc_column_text][\/vc_column][\/vc_row][vc_row disable_element=\u00bbyes\u00bb][vc_column width=\u00bb1\/2&#8243;][vc_single_image image=\u00bb702&#8243; img_size=\u00bbfull\u00bb alignment=\u00bbcenter\u00bb][\/vc_column][vc_column width=\u00bb1\/2&#8243;][\/vc_column][\/vc_row]<\/p>\n","protected":false},"excerpt":{"rendered":"<p>La lanza TWIN-ACTION integra un generador de espuma baja expansi\u00f3n (10). Ya no hay de equiparse con un adaptador de espuma amovible de grandes dimensiones.<br \/>\nLa posibilidad de hacer variar el caudal (80 \u00f3 250 lpm) y la expansi\u00f3n le confiere una polivalencia a toda prueba.<br \/>\nSu cabeza de espuma de alta visibilidad y su cuerpo de FiberTech le permiten ser la m\u00e1s ligera lanza de agua-espuma del mercado con s\u00f3lo 1,5 kg.<\/p>\n<p>\u2022 CAUDAL REGULABLE: La regulaci\u00f3n del caudal y de la forma del chorro se efect\u00faa por rotaci\u00f3n del anillo de cabeza. Girando el anillo de cabeza en sentido antihorario, se pasa de forma progresiva de la posici\u00f3n completamente cerrada a la posici\u00f3n 80 l\/min chorro recto, luego, a 80 l\/min chorro de ataque (20\u00b0), 250 l\/min chorro recto, 250 l\/min chorro de ataque (60\u00b0) y 250 l\/min chorro difuso (120\u00b0).<\/p>\n<p>\u2022 SIMPLE: Cuando el anillo de cabeza se desliza hacia atr\u00e1s, la TWIN-ACTION est\u00e1 en posici\u00f3n agua. Cuando el anillo se estira hacia adelante, la lanza est\u00e1 en posici\u00f3n espuma<\/p>\n<p>&nbsp;<\/p>\n<p><a class=\"accion\" href=\"https:\/\/kpnsafety.com\/uy\/contacto\/\" target=\"_blank\" rel=\"noopener\">Solicitar presupuesto<\/a><\/p>\n<p><a class=\"accion\" href=\"https:\/\/api.whatsapp.com\/send?phone=59894351535\" target=\"_blank\" rel=\"noopener\">Contactar un consultor<\/a><\/p>\n","protected":false},"featured_media":1105,"template":"","meta":[],"product_brand":[],"product_cat":[31,89],"product_tag":[],"class_list":{"0":"post-1104","1":"product","2":"type-product","3":"status-publish","4":"has-post-thumbnail","6":"product_cat-proteccion-contra-incendios","7":"product_cat-equipo-de-espuma-contra-incendios-proteccion-contra-incendios","9":"first","10":"instock","11":"shipping-taxable","12":"product-type-simple"},"_links":{"self":[{"href":"https:\/\/www.kpnsafety.com\/uy\/wp-json\/wp\/v2\/product\/1104","targetHints":{"allow":["GET"]}}],"collection":[{"href":"https:\/\/www.kpnsafety.com\/uy\/wp-json\/wp\/v2\/product"}],"about":[{"href":"https:\/\/www.kpnsafety.com\/uy\/wp-json\/wp\/v2\/types\/product"}],"wp:featuredmedia":[{"embeddable":true,"href":"https:\/\/www.kpnsafety.com\/uy\/wp-json\/wp\/v2\/media\/1105"}],"wp:attachment":[{"href":"https:\/\/www.kpnsafety.com\/uy\/wp-json\/wp\/v2\/media?parent=1104"}],"wp:term":[{"taxonomy":"product_brand","embeddable":true,"href":"https:\/\/www.kpnsafety.com\/uy\/wp-json\/wp\/v2\/product_brand?post=1104"},{"taxonomy":"product_cat","embeddable":true,"href":"https:\/\/www.kpnsafety.com\/uy\/wp-json\/wp\/v2\/product_cat?post=1104"},{"taxonomy":"product_tag","embeddable":true,"href":"https:\/\/www.kpnsafety.com\/uy\/wp-json\/wp\/v2\/product_tag?post=1104"}],"curies":[{"name":"wp","href":"https:\/\/api.w.org\/{rel}","templated":true}]}}