{"id":1107,"date":"2022-07-25T14:55:49","date_gmt":"2022-07-25T19:55:49","guid":{"rendered":"https:\/\/kpnsafety.com\/uy\/?post_type=product&#038;p=1107"},"modified":"2023-06-17T10:10:56","modified_gmt":"2023-06-17T15:10:56","slug":"eductor-de-espuma-automatico-leader-mix-200-1000-portatil","status":"publish","type":"product","link":"https:\/\/www.kpnsafety.com\/uy\/producto\/eductor-de-espuma-automatico-leader-mix-200-1000-portatil\/","title":{"rendered":"EDUCTOR DE ESPUMA AUTOM\u00c1TICO LEADER MIX 200-1000 (PORT\u00c1TIL)"},"content":{"rendered":"<p>[vc_row][vc_column][vc_column_text][\/vc_column_text][\/vc_column][\/vc_row][vc_row disable_element=\u00bbyes\u00bb][vc_column width=\u00bb1\/2&#8243;][vc_single_image image=\u00bb702&#8243; img_size=\u00bbfull\u00bb alignment=\u00bbcenter\u00bb][\/vc_column][vc_column width=\u00bb1\/2&#8243;][\/vc_column][\/vc_row]<\/p>\n","protected":false},"excerpt":{"rendered":"<p>Permite una dosificaci\u00f3n precisa de todos los tipos de espumogenos, incluso en fuertes variaciones de caudales. En efecto, desde los 5 bar, permite dosificar con precisi\u00f3n emulsor de 0,3% a 6% en un rango de caudal que va de 200 a 1050 l\/min.<\/p>\n<p>\u2022 Aut\u00f3nomo, no necesita ninguna alimentaci\u00f3n el\u00e9ctrica para funcionar. El LeaderMIX puede funcionar simult\u00e1neamente con varias lanzas de caudales variables.<br \/>\n\u2022 El LeaderMIX cuenta con un amplio rango de caudal (200-1050 l\/min) y reemplaza ventajosamente hasta 3 inyectores cl\u00e1sicos (200, 400 y 800).<br \/>\n\u2022 El emulsor es aspirado instant\u00e1neamente por el LeaderMIX y esto incluso en los \u201cimpulsos\u201d. LeaderMIX funciona a partir de 5 bar, se adapta a las variaciones de caudal y no genera m\u00e1s p\u00e9rdida de carga que un v\u00e9nturi tradicional.<br \/>\n\u2022 LeaderMIX 200-1000 en su versi\u00f3n port\u00e1til pesa menos de 14 kg y se ordena<br \/>\nf\u00e1cilmente en el maletero de un veh\u00edculo. Se puede utilizar en tierra en l\u00ednea por bomberos o directamente a salida de clarinete<\/p>\n<p>&nbsp;<\/p>\n<p><a class=\"accion\" href=\"https:\/\/kpnsafety.com\/uy\/contacto\/\" target=\"_blank\" rel=\"noopener\">Solicitar presupuesto<\/a><\/p>\n<p><a class=\"accion\" href=\"https:\/\/api.whatsapp.com\/send?phone=59894351535\" target=\"_blank\" rel=\"noopener\">Contactar un consultor<\/a><\/p>\n","protected":false},"featured_media":1108,"template":"","meta":[],"product_brand":[],"product_cat":[31,89],"product_tag":[],"class_list":{"0":"post-1107","1":"product","2":"type-product","3":"status-publish","4":"has-post-thumbnail","6":"product_cat-proteccion-contra-incendios","7":"product_cat-equipo-de-espuma-contra-incendios-proteccion-contra-incendios","9":"first","10":"instock","11":"shipping-taxable","12":"product-type-simple"},"_links":{"self":[{"href":"https:\/\/www.kpnsafety.com\/uy\/wp-json\/wp\/v2\/product\/1107","targetHints":{"allow":["GET"]}}],"collection":[{"href":"https:\/\/www.kpnsafety.com\/uy\/wp-json\/wp\/v2\/product"}],"about":[{"href":"https:\/\/www.kpnsafety.com\/uy\/wp-json\/wp\/v2\/types\/product"}],"wp:featuredmedia":[{"embeddable":true,"href":"https:\/\/www.kpnsafety.com\/uy\/wp-json\/wp\/v2\/media\/1108"}],"wp:attachment":[{"href":"https:\/\/www.kpnsafety.com\/uy\/wp-json\/wp\/v2\/media?parent=1107"}],"wp:term":[{"taxonomy":"product_brand","embeddable":true,"href":"https:\/\/www.kpnsafety.com\/uy\/wp-json\/wp\/v2\/product_brand?post=1107"},{"taxonomy":"product_cat","embeddable":true,"href":"https:\/\/www.kpnsafety.com\/uy\/wp-json\/wp\/v2\/product_cat?post=1107"},{"taxonomy":"product_tag","embeddable":true,"href":"https:\/\/www.kpnsafety.com\/uy\/wp-json\/wp\/v2\/product_tag?post=1107"}],"curies":[{"name":"wp","href":"https:\/\/api.w.org\/{rel}","templated":true}]}}