{"id":1110,"date":"2022-07-25T15:04:49","date_gmt":"2022-07-25T20:04:49","guid":{"rendered":"https:\/\/kpnsafety.com\/uy\/?post_type=product&#038;p=1110"},"modified":"2023-06-17T09:31:37","modified_gmt":"2023-06-17T14:31:37","slug":"camion-m68l-escalera-mas-alta-del-mundo","status":"publish","type":"product","link":"https:\/\/www.kpnsafety.com\/uy\/producto\/camion-m68l-escalera-mas-alta-del-mundo\/","title":{"rendered":"CAMION M68L ESCALERA M\u00c1S ALTA DEL MUNDO"},"content":{"rendered":"<p>[vc_row][vc_column][vc_column_text]Altura de trabajo: 68 m<br \/>\nJaula de rescate: RC300 para 3 personas \/ 300 kg<br \/>\nTipo de chasis: Chasis adecuado de tres o cuatro ejes,<br \/>\nClase 34 t, p. Ej. Iveco Trakker o Scania P<br \/>\nConjunto de escalera: 7 secciones[\/vc_column_text][\/vc_column][\/vc_row][vc_row disable_element=\u00bbyes\u00bb][vc_column width=\u00bb1\/6&#8243;][vc_single_image image=\u00bb798&#8243; img_size=\u00bbfull\u00bb alignment=\u00bbcenter\u00bb][\/vc_column][vc_column width=\u00bb2\/3&#8243;][\/vc_column][vc_column width=\u00bb1\/6&#8243;][\/vc_column][\/vc_row]<\/p>\n","protected":false},"excerpt":{"rendered":"<p>Una dimensi\u00f3n completamente nueva: la escalera de mesa giratoria Magirus M68L es actualmente la escalera de mesa giratoria m\u00e1s alta del mundo.<br \/>\nEl veh\u00edculo presentado oficialmente en la exposici\u00f3n Interschutz 2015 tiene una altura de trabajo de 68 metros, y establece est\u00e1ndares m\u00e1s all\u00e1 de la altura. De acuerdo con la norma EN 1846 y la norma DIN EN 14043, el veh\u00edculo cumple perfectamente todos los requisitos de las tareas asignadas, como rescatar a personas de gran altura, combatir incendios o brindar asistencia t\u00e9cnica.<\/p>\n<p><a class=\"accion\" href=\"https:\/\/kpnsafety.com\/uy\/contacto\/\" target=\"_blank\" rel=\"noopener\">Solicitar presupuesto<\/a><\/p>\n<p><a class=\"accion\" href=\"https:\/\/api.whatsapp.com\/send?phone=59894351535\" target=\"_blank\" rel=\"noopener\">Contactar un consultor<\/a><\/p>\n","protected":false},"featured_media":1111,"template":"","meta":[],"product_brand":[],"product_cat":[31,70],"product_tag":[],"class_list":{"0":"post-1110","1":"product","2":"type-product","3":"status-publish","4":"has-post-thumbnail","6":"product_cat-proteccion-contra-incendios","7":"product_cat-vehiculos-contra-incendios","9":"first","10":"instock","11":"shipping-taxable","12":"product-type-simple"},"_links":{"self":[{"href":"https:\/\/www.kpnsafety.com\/uy\/wp-json\/wp\/v2\/product\/1110","targetHints":{"allow":["GET"]}}],"collection":[{"href":"https:\/\/www.kpnsafety.com\/uy\/wp-json\/wp\/v2\/product"}],"about":[{"href":"https:\/\/www.kpnsafety.com\/uy\/wp-json\/wp\/v2\/types\/product"}],"wp:featuredmedia":[{"embeddable":true,"href":"https:\/\/www.kpnsafety.com\/uy\/wp-json\/wp\/v2\/media\/1111"}],"wp:attachment":[{"href":"https:\/\/www.kpnsafety.com\/uy\/wp-json\/wp\/v2\/media?parent=1110"}],"wp:term":[{"taxonomy":"product_brand","embeddable":true,"href":"https:\/\/www.kpnsafety.com\/uy\/wp-json\/wp\/v2\/product_brand?post=1110"},{"taxonomy":"product_cat","embeddable":true,"href":"https:\/\/www.kpnsafety.com\/uy\/wp-json\/wp\/v2\/product_cat?post=1110"},{"taxonomy":"product_tag","embeddable":true,"href":"https:\/\/www.kpnsafety.com\/uy\/wp-json\/wp\/v2\/product_tag?post=1110"}],"curies":[{"name":"wp","href":"https:\/\/api.w.org\/{rel}","templated":true}]}}