{"id":1118,"date":"2022-07-25T15:10:58","date_gmt":"2022-07-25T20:10:58","guid":{"rendered":"https:\/\/kpnsafety.com\/uy\/?post_type=product&#038;p=1118"},"modified":"2023-06-19T21:35:03","modified_gmt":"2023-06-20T02:35:03","slug":"vehiculos-de-escaleras-giratorias","status":"publish","type":"product","link":"https:\/\/www.kpnsafety.com\/uy\/producto\/vehiculos-de-escaleras-giratorias\/","title":{"rendered":"VEHICULOS DE ESCALERAS GIRATORIAS"},"content":{"rendered":"<p>[vc_row][vc_column][vc_column_text]Dise\u00f1o \u00fanico de las escaleras giratorias por su construcci\u00f3n madura y t\u00e9cnicamente insuperable combinada con una tecnolog\u00eda excepcionalmente inteligente y confiable. M\u00e1s<\/p>\n<p>Tecnolog\u00eda de brazo articulado y trabajo de rescate, especialmente en el caso de personas obesas, presenta a menudo tareas casi insolubles[\/vc_column_text][\/vc_column][\/vc_row][vc_row disable_element=\u00bbyes\u00bb][vc_column width=\u00bb1\/6&#8243;][vc_single_image image=\u00bb798&#8243; img_size=\u00bbfull\u00bb alignment=\u00bbcenter\u00bb][\/vc_column][vc_column width=\u00bb2\/3&#8243;][\/vc_column][vc_column width=\u00bb1\/6&#8243;][\/vc_column][\/vc_row]<\/p>\n","protected":false},"excerpt":{"rendered":"<p>La gama m\u00e1s innovadora y completa de escaleras para veh\u00edculos para bomberos, que brinda un rendimiento sin igual, funciones avanzadas y todas las ventajas necesarias.<\/p>\n<p><a class=\"accion\" href=\"https:\/\/kpnsafety.com\/uy\/contacto\/\" target=\"_blank\" rel=\"noopener\">Solicitar presupuesto<\/a><\/p>\n<p><a class=\"accion\" href=\"https:\/\/api.whatsapp.com\/send?phone=59894351535\" target=\"_blank\" rel=\"noopener\">Contactar un consultor<\/a><\/p>\n","protected":false},"featured_media":1121,"template":"","meta":[],"product_brand":[],"product_cat":[31,70],"product_tag":[],"class_list":{"0":"post-1118","1":"product","2":"type-product","3":"status-publish","4":"has-post-thumbnail","6":"product_cat-proteccion-contra-incendios","7":"product_cat-vehiculos-contra-incendios","9":"first","10":"instock","11":"shipping-taxable","12":"product-type-simple"},"_links":{"self":[{"href":"https:\/\/www.kpnsafety.com\/uy\/wp-json\/wp\/v2\/product\/1118","targetHints":{"allow":["GET"]}}],"collection":[{"href":"https:\/\/www.kpnsafety.com\/uy\/wp-json\/wp\/v2\/product"}],"about":[{"href":"https:\/\/www.kpnsafety.com\/uy\/wp-json\/wp\/v2\/types\/product"}],"wp:featuredmedia":[{"embeddable":true,"href":"https:\/\/www.kpnsafety.com\/uy\/wp-json\/wp\/v2\/media\/1121"}],"wp:attachment":[{"href":"https:\/\/www.kpnsafety.com\/uy\/wp-json\/wp\/v2\/media?parent=1118"}],"wp:term":[{"taxonomy":"product_brand","embeddable":true,"href":"https:\/\/www.kpnsafety.com\/uy\/wp-json\/wp\/v2\/product_brand?post=1118"},{"taxonomy":"product_cat","embeddable":true,"href":"https:\/\/www.kpnsafety.com\/uy\/wp-json\/wp\/v2\/product_cat?post=1118"},{"taxonomy":"product_tag","embeddable":true,"href":"https:\/\/www.kpnsafety.com\/uy\/wp-json\/wp\/v2\/product_tag?post=1118"}],"curies":[{"name":"wp","href":"https:\/\/api.w.org\/{rel}","templated":true}]}}