{"id":1775,"date":"2023-07-24T06:00:52","date_gmt":"2023-07-24T11:00:52","guid":{"rendered":"https:\/\/www.kpnsafety.com\/uy\/?post_type=product&#038;p=1775"},"modified":"2025-10-27T10:20:24","modified_gmt":"2025-10-27T15:20:24","slug":"guantes-kpn-cr5","status":"publish","type":"product","link":"https:\/\/www.kpnsafety.com\/uy\/producto\/guantes-kpn-cr5\/","title":{"rendered":"Guantes KPN CR5"},"content":{"rendered":"<ul>\n<li>Resistencia a cortes ANSI A9<\/li>\n<li>Material exclusivo de la palma que proporciona un 25% m\u00e1s resistencia a la abrasi\u00f3n que el cuero sint\u00e9tico;<\/li>\n<li>Palma punteada pen material sint\u00e9tico para un mejor agarre.<\/li>\n<li>Fabricado con fibras sint\u00e9ticas compuestas por Poliamida, Poli\u00e9ster, Elastano y Poliuretano extremadamente maleables, confortables y con resistencia mec\u00e1nica.<\/li>\n<li>Tratamiento Hidrofugado que repele grasas, polvo y sustancias y facilita su limpieza.<\/li>\n<li>Resistencia al calor por contacto.<\/li>\n<\/ul>\n<div class=\"elementor-element elementor-element-0741ac9 elementor-widget elementor-widget-text-editor\" data-id=\"0741ac9\" data-element_type=\"widget\" data-widget_type=\"text-editor.default\">\n<div class=\"elementor-widget-container\">\n<div class=\"elementor-element elementor-element-4fbc322 elementor-widget elementor-widget-heading\" data-id=\"4fbc322\" data-element_type=\"widget\" data-widget_type=\"heading.default\">\n<div class=\"elementor-widget-container\">\n<h2 class=\"elementor-heading-title elementor-size-default\"><strong>\u00bfC\u00f3mo te protegen las normas EN-388 y EN 407 en los guantes KPN?<\/strong><\/h2>\n<\/div>\n<\/div>\n<div class=\"elementor-element elementor-element-0741ac9 elementor-widget elementor-widget-text-editor\" data-id=\"0741ac9\" data-element_type=\"widget\" data-widget_type=\"text-editor.default\">\n<div class=\"elementor-widget-container\">\n<p>KPN FORCE of<img fetchpriority=\"high\" decoding=\"async\" class=\"alignleft wp-image-1938 \" src=\"https:\/\/www.kpnsafety.com\/ec\/wp-content\/uploads\/2023\/07\/norma-en-388-guantes-kpn-force.jpg\" alt=\"\" width=\"374\" height=\"327\" \/>rece m\u00e1s protecci\u00f3n y rendimiento que sus competidores.<\/p>\n<p><a href=\"https:\/\/www.kpnsafety.com\/uy\/wp-content\/uploads\/2023\/07\/pictograma-EN-388-guantes-KPN-CR5-nuevo.jpg\"><img decoding=\"async\" class=\"alignnone size-full wp-image-2069\" src=\"https:\/\/www.kpnsafety.com\/uy\/wp-content\/uploads\/2023\/07\/pictograma-EN-388-guantes-KPN-CR5-nuevo.jpg\" alt=\"\" width=\"282\" height=\"241\" srcset=\"https:\/\/www.kpnsafety.com\/uy\/wp-content\/uploads\/2023\/07\/pictograma-EN-388-guantes-KPN-CR5-nuevo.jpg 282w, https:\/\/www.kpnsafety.com\/uy\/wp-content\/uploads\/2023\/07\/pictograma-EN-388-guantes-KPN-CR5-nuevo-64x55.jpg 64w\" sizes=\"(max-width: 282px) 100vw, 282px\" \/><\/a><a href=\"https:\/\/www.kpnsafety.com\/uy\/wp-content\/uploads\/2023\/07\/calor-por-contacto-1.jpg\"><img decoding=\"async\" class=\"alignnone size-full wp-image-2067\" src=\"https:\/\/www.kpnsafety.com\/uy\/wp-content\/uploads\/2023\/07\/calor-por-contacto-1.jpg\" alt=\"\" width=\"282\" height=\"241\" srcset=\"https:\/\/www.kpnsafety.com\/uy\/wp-content\/uploads\/2023\/07\/calor-por-contacto-1.jpg 282w, https:\/\/www.kpnsafety.com\/uy\/wp-content\/uploads\/2023\/07\/calor-por-contacto-1-64x55.jpg 64w\" sizes=\"(max-width: 282px) 100vw, 282px\" \/><\/a><\/p>\n<\/div>\n<\/div>\n<\/div>\n<\/div>\n","protected":false},"excerpt":{"rendered":"<p>Guantes de la l\u00ednea FORCE\u00a0 <strong>KPN CR5<\/strong> de protecci\u00f3n desarrollado para la protecci\u00f3n contra agentes mec\u00e1nicos y t\u00e9rmicos.<\/p>\n<p><strong>\u00c1rea de aplicaci\u00f3n:<\/strong><\/p>\n<ul>\n<li>Petr\u00f3leo y gas<\/li>\n<li>Miner\u00eda<\/li>\n<li>Construcci\u00f3n civil<\/li>\n<li>Mantenimiento<\/li>\n<li>Servicios generales<\/li>\n<li>Emergencias y rescate<\/li>\n<\/ul>\n<p>Industrias y procesos productivos con riesgos mec\u00e1nicos y t\u00e9rmicos identificados.<\/p>\n<p><a href=\"https:\/\/www.kpnsafety.com\/uy\/wp-content\/uploads\/2023\/07\/normativa-CR5-nuevo.jpg\"><img loading=\"lazy\" decoding=\"async\" class=\"alignnone wp-image-2072\" src=\"https:\/\/www.kpnsafety.com\/uy\/wp-content\/uploads\/2023\/07\/normativa-CR5-nuevo.jpg\" alt=\"\" width=\"563\" height=\"110\" srcset=\"https:\/\/www.kpnsafety.com\/uy\/wp-content\/uploads\/2023\/07\/normativa-CR5-nuevo.jpg 1024w, https:\/\/www.kpnsafety.com\/uy\/wp-content\/uploads\/2023\/07\/normativa-CR5-nuevo-300x59.jpg 300w, https:\/\/www.kpnsafety.com\/uy\/wp-content\/uploads\/2023\/07\/normativa-CR5-nuevo-768x150.jpg 768w, https:\/\/www.kpnsafety.com\/uy\/wp-content\/uploads\/2023\/07\/normativa-CR5-nuevo-320x63.jpg 320w, https:\/\/www.kpnsafety.com\/uy\/wp-content\/uploads\/2023\/07\/normativa-CR5-nuevo-480x94.jpg 480w, https:\/\/www.kpnsafety.com\/uy\/wp-content\/uploads\/2023\/07\/normativa-CR5-nuevo-800x156.jpg 800w, https:\/\/www.kpnsafety.com\/uy\/wp-content\/uploads\/2023\/07\/normativa-CR5-nuevo-600x117.jpg 600w, https:\/\/www.kpnsafety.com\/uy\/wp-content\/uploads\/2023\/07\/normativa-CR5-nuevo-64x13.jpg 64w\" sizes=\"(max-width: 563px) 100vw, 563px\" \/><\/a><\/p>\n<p>&nbsp;<\/p>\n<p><a class=\"accion\" href=\"https:\/\/www.kpnsafety.com\/uy\/wp-content\/uploads\/2025\/10\/FT_Guantes-KPN-CR5-ES-Nueva.pdf\" target=\"_blank\" rel=\"noopener\">Ficha T\u00e9cnica<\/a><\/p>\n<p><a class=\"accion\" href=\"https:\/\/api.whatsapp.com\/send?phone=573147862881\" target=\"_blank\" rel=\"noopener\">Contactar un consultor<\/a><\/p>\n<p><a class=\"accion\" href=\"https:\/\/www.kpnsafety.com\/uy\/contacto\/\" target=\"_blank\" rel=\"noopener\">Solicitar presupuesto<\/a><\/p>\n<p>&nbsp;<\/p>\n","protected":false},"featured_media":1761,"template":"","meta":[],"product_brand":[],"product_cat":[16,17],"product_tag":[],"class_list":{"0":"post-1775","1":"product","2":"type-product","3":"status-publish","4":"has-post-thumbnail","6":"product_cat-seguridad-industrial","7":"product_cat-guantes-anti-impacto","9":"first","10":"instock","11":"featured","12":"shipping-taxable","13":"product-type-simple"},"_links":{"self":[{"href":"https:\/\/www.kpnsafety.com\/uy\/wp-json\/wp\/v2\/product\/1775","targetHints":{"allow":["GET"]}}],"collection":[{"href":"https:\/\/www.kpnsafety.com\/uy\/wp-json\/wp\/v2\/product"}],"about":[{"href":"https:\/\/www.kpnsafety.com\/uy\/wp-json\/wp\/v2\/types\/product"}],"wp:featuredmedia":[{"embeddable":true,"href":"https:\/\/www.kpnsafety.com\/uy\/wp-json\/wp\/v2\/media\/1761"}],"wp:attachment":[{"href":"https:\/\/www.kpnsafety.com\/uy\/wp-json\/wp\/v2\/media?parent=1775"}],"wp:term":[{"taxonomy":"product_brand","embeddable":true,"href":"https:\/\/www.kpnsafety.com\/uy\/wp-json\/wp\/v2\/product_brand?post=1775"},{"taxonomy":"product_cat","embeddable":true,"href":"https:\/\/www.kpnsafety.com\/uy\/wp-json\/wp\/v2\/product_cat?post=1775"},{"taxonomy":"product_tag","embeddable":true,"href":"https:\/\/www.kpnsafety.com\/uy\/wp-json\/wp\/v2\/product_tag?post=1775"}],"curies":[{"name":"wp","href":"https:\/\/api.w.org\/{rel}","templated":true}]}}