{"id":859,"date":"2022-07-05T14:15:47","date_gmt":"2022-07-05T19:15:47","guid":{"rendered":"https:\/\/kpnsafety.com\/uy\/?post_type=product&#038;p=859"},"modified":"2026-04-01T09:21:59","modified_gmt":"2026-04-01T14:21:59","slug":"mascara-de-proteccion-sin-filtro","status":"publish","type":"product","link":"https:\/\/www.kpnsafety.com\/uy\/producto\/mascara-de-proteccion-sin-filtro\/","title":{"rendered":"M\u00e1scara de protecci\u00f3n sin filtro"},"content":{"rendered":"<p>[vc_row][vc_column][vc_column_text]<\/p>\n<ul>\n<li><strong>Composici\u00f3n del hilo<\/strong><br \/>\n100% alambre meta-aramida<\/li>\n<li><strong>Composici\u00f3n del tejido<\/strong><br \/>\nLenzing F.R. 65% | Nomex 30% | Kevlar 5%<\/li>\n<li><strong>Composici\u00f3n de tela reflectante de plata<\/strong><br \/>\n100% algod\u00f3n F.R<\/li>\n<li><strong>Composici\u00f3n del tejido de la zona de respiraci\u00f3n<\/strong><br \/>\n64% Viscosa | 34% de aramida | 2% antiest\u00e1tico<\/li>\n<li><strong>Gramaje<\/strong><br \/>\n270 g\/ m2<\/li>\n<li><strong>Peso<\/strong><br \/>\n120 g<\/li>\n<\/ul>\n<p>[\/vc_column_text][\/vc_column][\/vc_row][vc_row disable_element=\u00bbyes\u00bb][vc_column width=\u00bb1\/2&#8243;][vc_single_image image=\u00bb702&#8243; img_size=\u00bbfull\u00bb alignment=\u00bbcenter\u00bb][\/vc_column][vc_column width=\u00bb1\/2&#8243;][\/vc_column][\/vc_row]<\/p>\n","protected":false},"excerpt":{"rendered":"<p>La m\u00e1scara ofrece una protecci\u00f3n facial total contra la radiaci\u00f3n y las part\u00edculas incadescentes, evitando quemaduras y reduciendo las posibles inhalaciones de contaminantes. Su dise\u00f1o incluye bandas reflectantes de alta visibilidad en ambos lados y un nuevo sistema de fijaci\u00f3n que permite su colocaci\u00f3n sin necesidad de retirada del casco, ya que posee doble sistema de velcro para uso o descanso, pudiendo ser transportado con comodidad colgado en el cuello cuando no est\u00e9 en uso.<\/p>\n<p><em>Normas: EN ISO 11612\/15, EN 15614\/07 y EN 13688\/13<\/em><\/p>\n<p>&nbsp;<\/p>\n<p><a class=\"accion\" href=\"https:\/\/kpnsafety.com\/uy\/contacto\/\" target=\"_blank\" rel=\"noopener\">Solicitar presupuesto<\/a><\/p>\n<p><a class=\"accion\" href=\"https:\/\/api.whatsapp.com\/send?phone=59894351535\" target=\"_blank\" rel=\"noopener\">Contactar un consultor<\/a><\/p>\n","protected":false},"featured_media":766,"template":"","meta":[],"product_brand":[],"product_cat":[31,59,71],"product_tag":[],"class_list":{"0":"post-859","1":"product","2":"type-product","3":"status-publish","4":"has-post-thumbnail","6":"product_cat-proteccion-contra-incendios","7":"product_cat-incendios-forestales","8":"product_cat-epi-incendios-forestales-proteccion-contra-incendios","10":"first","11":"instock","12":"shipping-taxable","13":"product-type-simple"},"_links":{"self":[{"href":"https:\/\/www.kpnsafety.com\/uy\/wp-json\/wp\/v2\/product\/859","targetHints":{"allow":["GET"]}}],"collection":[{"href":"https:\/\/www.kpnsafety.com\/uy\/wp-json\/wp\/v2\/product"}],"about":[{"href":"https:\/\/www.kpnsafety.com\/uy\/wp-json\/wp\/v2\/types\/product"}],"wp:featuredmedia":[{"embeddable":true,"href":"https:\/\/www.kpnsafety.com\/uy\/wp-json\/wp\/v2\/media\/766"}],"wp:attachment":[{"href":"https:\/\/www.kpnsafety.com\/uy\/wp-json\/wp\/v2\/media?parent=859"}],"wp:term":[{"taxonomy":"product_brand","embeddable":true,"href":"https:\/\/www.kpnsafety.com\/uy\/wp-json\/wp\/v2\/product_brand?post=859"},{"taxonomy":"product_cat","embeddable":true,"href":"https:\/\/www.kpnsafety.com\/uy\/wp-json\/wp\/v2\/product_cat?post=859"},{"taxonomy":"product_tag","embeddable":true,"href":"https:\/\/www.kpnsafety.com\/uy\/wp-json\/wp\/v2\/product_tag?post=859"}],"curies":[{"name":"wp","href":"https:\/\/api.w.org\/{rel}","templated":true}]}}