{"id":862,"date":"2022-07-05T14:34:42","date_gmt":"2022-07-05T19:34:42","guid":{"rendered":"https:\/\/kpnsafety.com\/uy\/?post_type=product&#038;p=862"},"modified":"2023-06-17T10:44:15","modified_gmt":"2023-06-17T15:44:15","slug":"herramienta-multifuncional-gorgui","status":"publish","type":"product","link":"https:\/\/www.kpnsafety.com\/uy\/producto\/herramienta-multifuncional-gorgui\/","title":{"rendered":"Herramienta multifuncional Gorgui"},"content":{"rendered":"<p>[vc_row][vc_column][vc_column_text]<strong>Material de las cuchillas de corte<\/strong><br \/>\nAcero anti-desgaste, dureza 500.<\/p>\n<p><strong>Material de cabeza<\/strong><br \/>\nAluminio y titanio.<\/p>\n<p><strong>Resistencia de la hoja<\/strong><br \/>\n1.400 \/ 1.800 N\/ mm2.<\/p>\n<p><strong>L\u00edmite el\u00e1stico<\/strong><br \/>\n1400 N \/mm.<\/p>\n<p><strong>Dureza<\/strong><br \/>\n440\/520 Hb.<\/p>\n<p><strong>Dimensiones<\/strong><br \/>\n185 x 335 mm.<\/p>\n<p><strong>Peso<\/strong><br \/>\n2,80 kilos.<\/p>\n<p><strong>Material de manipulaci\u00f3n<\/strong><br \/>\nMadera de eucalipto.<\/p>\n<p><strong>Longitud del cable<\/strong><br \/>\n1,25 m.<\/p>\n<p><strong>Di\u00e1metro medio<\/strong><br \/>\n31 mm.<\/p>\n<p><strong>Sistema de acoplamiento<\/strong><br \/>\nPor presi\u00f3n y fijada con un alfiler.[\/vc_column_text][\/vc_column][\/vc_row][vc_row disable_element=\u00bbyes\u00bb][vc_column width=\u00bb1\/2&#8243;][vc_single_image image=\u00bb702&#8243; img_size=\u00bbfull\u00bb alignment=\u00bbcenter\u00bb][\/vc_column][vc_column width=\u00bb1\/2&#8243;][\/vc_column][\/vc_row]<\/p>\n","protected":false},"excerpt":{"rendered":"<p>La herramienta multifunci\u00f3n Gorgui est\u00e1 dise\u00f1ada exclusivamente para combatir incendios forestales. Nace de la experiencia y de las necesidades de las m\u00e1s avanzadas brigadas de bomberos en el uso de Herramientas para incendios Forestales manuales. Su principal caracter\u00edstica es la versatilidad en todos los tipos de terrenos, gracias a la combinaci\u00f3n de las Herramientas para incendios Forestales m\u00e1s utilizadas en la extinci\u00f3n de incendios forestales en una sola.<\/p>\n<p>&nbsp;<\/p>\n<p><a class=\"accion\" href=\"https:\/\/kpnsafety.com\/uy\/contacto\/\" target=\"_blank\" rel=\"noopener\">Solicitar presupuesto<\/a><\/p>\n<p><a class=\"accion\" href=\"https:\/\/api.whatsapp.com\/send?phone=59894351535\" target=\"_blank\" rel=\"noopener\">Contactar un consultor<\/a><\/p>\n","protected":false},"featured_media":769,"template":"","meta":[],"product_brand":[],"product_cat":[31,59,72],"product_tag":[],"class_list":{"0":"post-862","1":"product","2":"type-product","3":"status-publish","4":"has-post-thumbnail","6":"product_cat-proteccion-contra-incendios","7":"product_cat-incendios-forestales","8":"product_cat-herramientas-para-incendios-forestales-proteccion-contra-incendios","10":"first","11":"instock","12":"shipping-taxable","13":"product-type-simple"},"_links":{"self":[{"href":"https:\/\/www.kpnsafety.com\/uy\/wp-json\/wp\/v2\/product\/862","targetHints":{"allow":["GET"]}}],"collection":[{"href":"https:\/\/www.kpnsafety.com\/uy\/wp-json\/wp\/v2\/product"}],"about":[{"href":"https:\/\/www.kpnsafety.com\/uy\/wp-json\/wp\/v2\/types\/product"}],"wp:featuredmedia":[{"embeddable":true,"href":"https:\/\/www.kpnsafety.com\/uy\/wp-json\/wp\/v2\/media\/769"}],"wp:attachment":[{"href":"https:\/\/www.kpnsafety.com\/uy\/wp-json\/wp\/v2\/media?parent=862"}],"wp:term":[{"taxonomy":"product_brand","embeddable":true,"href":"https:\/\/www.kpnsafety.com\/uy\/wp-json\/wp\/v2\/product_brand?post=862"},{"taxonomy":"product_cat","embeddable":true,"href":"https:\/\/www.kpnsafety.com\/uy\/wp-json\/wp\/v2\/product_cat?post=862"},{"taxonomy":"product_tag","embeddable":true,"href":"https:\/\/www.kpnsafety.com\/uy\/wp-json\/wp\/v2\/product_tag?post=862"}],"curies":[{"name":"wp","href":"https:\/\/api.w.org\/{rel}","templated":true}]}}