{"id":866,"date":"2022-07-05T14:45:42","date_gmt":"2022-07-05T19:45:42","guid":{"rendered":"https:\/\/kpnsafety.com\/uy\/?post_type=product&#038;p=866"},"modified":"2023-06-17T09:01:46","modified_gmt":"2023-06-17T14:01:46","slug":"batefuego-extensible-alaska","status":"publish","type":"product","link":"https:\/\/www.kpnsafety.com\/uy\/producto\/batefuego-extensible-alaska\/","title":{"rendered":"Batefuego extensible Alaska"},"content":{"rendered":"<p>[vc_row][vc_column][vc_column_text]<strong>Peso<\/strong><br \/>\n1,78 kg.<\/p>\n<p><strong>Material de manipulaci\u00f3n r\u00edgido<\/strong><br \/>\nAluminio<\/p>\n<p><strong>Material de cable flexible<\/strong><br \/>\nPom C Delrin<\/p>\n<p><strong>Composici\u00f3n de la cuchilla<\/strong><br \/>\nMulticapa de algod\u00f3n resistente a los desgarros y caucho sint\u00e9tico autoextinguible.<\/p>\n<p><strong>Superficie de trabajo de la paleta<\/strong><br \/>\n30 x 21 cm.<\/p>\n<p><strong>Longitud doblada<\/strong><br \/>\n92 cm.<\/p>\n<p><strong>Desplegado<\/strong><br \/>\n2 m.<\/p>\n<p>* Incluye bolsa de transporte.[\/vc_column_text][\/vc_column][\/vc_row][vc_row disable_element=\u00bbyes\u00bb][vc_column width=\u00bb1\/2&#8243;][vc_single_image image=\u00bb702&#8243; img_size=\u00bbfull\u00bb alignment=\u00bbcenter\u00bb][\/vc_column][vc_column width=\u00bb1\/2&#8243;][\/vc_column][\/vc_row]<\/p>\n","protected":false},"excerpt":{"rendered":"<p>Batefuegos extensible Alaska, con mango el\u00e1stico y telesc\u00f3pico de hasta 2 metros<\/p>\n<p>El \u00e1ngulo de 45\u00ba en el modo de trabajo facilita el impacto contra el suelo, aprovechando el trabajo f\u00edsico de manera m\u00e1s eficiente. Esto le da al trabajador m\u00e1s ingresos, m\u00e1s comodidad y menos desgaste en el ataque directo contra incendios forestales.<\/p>\n<p>&nbsp;<\/p>\n<p><a class=\"accion\" href=\"https:\/\/kpnsafety.com\/uy\/contacto\/\" target=\"_blank\" rel=\"noopener\">Solicitar presupuesto<\/a><\/p>\n<p><a class=\"accion\" href=\"https:\/\/api.whatsapp.com\/send?phone=59894351535\" target=\"_blank\" rel=\"noopener\">Contactar un consultor<\/a><\/p>\n","protected":false},"featured_media":772,"template":"","meta":[],"product_brand":[],"product_cat":[31,59,72],"product_tag":[],"class_list":{"0":"post-866","1":"product","2":"type-product","3":"status-publish","4":"has-post-thumbnail","6":"product_cat-proteccion-contra-incendios","7":"product_cat-incendios-forestales","8":"product_cat-herramientas-para-incendios-forestales-proteccion-contra-incendios","10":"first","11":"instock","12":"shipping-taxable","13":"product-type-simple"},"_links":{"self":[{"href":"https:\/\/www.kpnsafety.com\/uy\/wp-json\/wp\/v2\/product\/866","targetHints":{"allow":["GET"]}}],"collection":[{"href":"https:\/\/www.kpnsafety.com\/uy\/wp-json\/wp\/v2\/product"}],"about":[{"href":"https:\/\/www.kpnsafety.com\/uy\/wp-json\/wp\/v2\/types\/product"}],"wp:featuredmedia":[{"embeddable":true,"href":"https:\/\/www.kpnsafety.com\/uy\/wp-json\/wp\/v2\/media\/772"}],"wp:attachment":[{"href":"https:\/\/www.kpnsafety.com\/uy\/wp-json\/wp\/v2\/media?parent=866"}],"wp:term":[{"taxonomy":"product_brand","embeddable":true,"href":"https:\/\/www.kpnsafety.com\/uy\/wp-json\/wp\/v2\/product_brand?post=866"},{"taxonomy":"product_cat","embeddable":true,"href":"https:\/\/www.kpnsafety.com\/uy\/wp-json\/wp\/v2\/product_cat?post=866"},{"taxonomy":"product_tag","embeddable":true,"href":"https:\/\/www.kpnsafety.com\/uy\/wp-json\/wp\/v2\/product_tag?post=866"}],"curies":[{"name":"wp","href":"https:\/\/api.w.org\/{rel}","templated":true}]}}