{"id":871,"date":"2022-07-05T14:59:26","date_gmt":"2022-07-05T19:59:26","guid":{"rendered":"https:\/\/kpnsafety.com\/uy\/?post_type=product&#038;p=871"},"modified":"2023-06-17T11:30:44","modified_gmt":"2023-06-17T16:30:44","slug":"mochila-de-extincion-kpn-20l","status":"publish","type":"product","link":"https:\/\/www.kpnsafety.com\/uy\/producto\/mochila-de-extincion-kpn-20l\/","title":{"rendered":"Mochila de extinci\u00f3n KPN 20L"},"content":{"rendered":"<p>[vc_row][vc_column][vc_column_text]<strong>Capacidad<\/strong><br \/>\n20 litros<\/p>\n<p><strong>Longitud de la manguera<\/strong><br \/>\n1 m<\/p>\n<p><strong>Color<\/strong><br \/>\namarillo<\/p>\n<p><strong>Material de mochila<\/strong><br \/>\nCordura 1.000<\/p>\n<p><strong>Material del tanque<\/strong><br \/>\n100% Polyester H.T. 1.110 dtex + PVC<\/p>\n<p><strong>Peso<\/strong><br \/>\n2,54 kg<\/p>\n<p><strong>Peso sin lanza<\/strong><br \/>\n1,48 kg<\/p>\n<p><strong>Tama\u00f1o<\/strong><br \/>\n62 x 48 x 5 cm[\/vc_column_text][\/vc_column][\/vc_row][vc_row disable_element=\u00bbyes\u00bb][vc_column width=\u00bb1\/2&#8243;][vc_single_image image=\u00bb702&#8243; img_size=\u00bbfull\u00bb alignment=\u00bbcenter\u00bb][\/vc_column][vc_column width=\u00bb1\/2&#8243;][\/vc_column][\/vc_row]<\/p>\n","protected":false},"excerpt":{"rendered":"<p>M\u00e1xima comodidad, rendimiento y operatividad en las condiciones m\u00e1s adversas<\/p>\n<p>La mochila de extinci\u00f3n vft 20 L supone un avance a los equipos ergon\u00f3micos para los incendios forestales, que proporcionan comodidad, seguridad y mayor desempe\u00f1o en el trabajo con Herramientas para incendios Forestales manuales.<\/p>\n<p>&nbsp;<\/p>\n<p><a class=\"accion\" href=\"https:\/\/kpnsafety.com\/uy\/contacto\/\" target=\"_blank\" rel=\"noopener\">Solicitar presupuesto<\/a><\/p>\n<p><a class=\"accion\" href=\"https:\/\/api.whatsapp.com\/send?phone=59894351535\" target=\"_blank\" rel=\"noopener\">Contactar un consultor<\/a><\/p>\n","protected":false},"featured_media":777,"template":"","meta":[],"product_brand":[],"product_cat":[31,59,74],"product_tag":[],"class_list":{"0":"post-871","1":"product","2":"type-product","3":"status-publish","4":"has-post-thumbnail","6":"product_cat-proteccion-contra-incendios","7":"product_cat-incendios-forestales","8":"product_cat-mochilas-extintoras-proteccion-contra-incendios","10":"first","11":"instock","12":"shipping-taxable","13":"product-type-simple"},"_links":{"self":[{"href":"https:\/\/www.kpnsafety.com\/uy\/wp-json\/wp\/v2\/product\/871","targetHints":{"allow":["GET"]}}],"collection":[{"href":"https:\/\/www.kpnsafety.com\/uy\/wp-json\/wp\/v2\/product"}],"about":[{"href":"https:\/\/www.kpnsafety.com\/uy\/wp-json\/wp\/v2\/types\/product"}],"wp:featuredmedia":[{"embeddable":true,"href":"https:\/\/www.kpnsafety.com\/uy\/wp-json\/wp\/v2\/media\/777"}],"wp:attachment":[{"href":"https:\/\/www.kpnsafety.com\/uy\/wp-json\/wp\/v2\/media?parent=871"}],"wp:term":[{"taxonomy":"product_brand","embeddable":true,"href":"https:\/\/www.kpnsafety.com\/uy\/wp-json\/wp\/v2\/product_brand?post=871"},{"taxonomy":"product_cat","embeddable":true,"href":"https:\/\/www.kpnsafety.com\/uy\/wp-json\/wp\/v2\/product_cat?post=871"},{"taxonomy":"product_tag","embeddable":true,"href":"https:\/\/www.kpnsafety.com\/uy\/wp-json\/wp\/v2\/product_tag?post=871"}],"curies":[{"name":"wp","href":"https:\/\/api.w.org\/{rel}","templated":true}]}}