{"id":883,"date":"2022-07-05T15:30:30","date_gmt":"2022-07-05T20:30:30","guid":{"rendered":"https:\/\/kpnsafety.com\/uy\/?post_type=product&#038;p=883"},"modified":"2023-06-17T10:23:53","modified_gmt":"2023-06-17T15:23:53","slug":"guante-estructural-innotex-815-810","status":"publish","type":"product","link":"https:\/\/www.kpnsafety.com\/uy\/producto\/guante-estructural-innotex-815-810\/","title":{"rendered":"GUANTE ESTRUCTURAL INNOTEX 815 &#8211; 810"},"content":{"rendered":"<p>[vc_row][vc_column][vc_column_text][\/vc_column_text][\/vc_column][\/vc_row][vc_row disable_element=\u00bbyes\u00bb][vc_column width=\u00bb1\/2&#8243;][vc_single_image image=\u00bb702&#8243; img_size=\u00bbfull\u00bb alignment=\u00bbcenter\u00bb][\/vc_column][vc_column width=\u00bb1\/2&#8243;][\/vc_column][\/vc_row]<\/p>\n","protected":false},"excerpt":{"rendered":"<p>CAPARAZ\u00d3N EXTERIOR: Negro Eversoft split cowhide palma y espalda para una protecci\u00f3n probada y resistencia a la abrasi\u00f3n.<\/p>\n<p>BARRERA DE HUMEDAD: PRO-TECT\u2122 insertos de guante de INSERT TECHNO LOGY INC. , que excede NFPA 1971-2018 para la penetraci\u00f3n qu\u00edmica y viral, 100% impermeable, excelente destreza, excelente flexibilidad de alta y baja temperatura y no contiene sustancia qu\u00edmica conocida para causar c\u00e1ncer. Resistente al olor y a los hongos. FORRO: Forro t\u00e9rmico SEF de 8.5 oz<\/p>\n<p>&nbsp;<\/p>\n<p><a class=\"accion\" href=\"https:\/\/kpnsafety.com\/uy\/contacto\/\" target=\"_blank\" rel=\"noopener\">Solicitar presupuesto<\/a><\/p>\n<p><a class=\"accion\" href=\"https:\/\/api.whatsapp.com\/send?phone=59894351535\" target=\"_blank\" rel=\"noopener\">Contactar un consultor<\/a><\/p>\n","protected":false},"featured_media":786,"template":"","meta":[],"product_brand":[],"product_cat":[31,64],"product_tag":[],"class_list":{"0":"post-883","1":"product","2":"type-product","3":"status-publish","4":"has-post-thumbnail","6":"product_cat-proteccion-contra-incendios","7":"product_cat-incendios-estructurales","9":"first","10":"instock","11":"shipping-taxable","12":"product-type-simple"},"_links":{"self":[{"href":"https:\/\/www.kpnsafety.com\/uy\/wp-json\/wp\/v2\/product\/883","targetHints":{"allow":["GET"]}}],"collection":[{"href":"https:\/\/www.kpnsafety.com\/uy\/wp-json\/wp\/v2\/product"}],"about":[{"href":"https:\/\/www.kpnsafety.com\/uy\/wp-json\/wp\/v2\/types\/product"}],"wp:featuredmedia":[{"embeddable":true,"href":"https:\/\/www.kpnsafety.com\/uy\/wp-json\/wp\/v2\/media\/786"}],"wp:attachment":[{"href":"https:\/\/www.kpnsafety.com\/uy\/wp-json\/wp\/v2\/media?parent=883"}],"wp:term":[{"taxonomy":"product_brand","embeddable":true,"href":"https:\/\/www.kpnsafety.com\/uy\/wp-json\/wp\/v2\/product_brand?post=883"},{"taxonomy":"product_cat","embeddable":true,"href":"https:\/\/www.kpnsafety.com\/uy\/wp-json\/wp\/v2\/product_cat?post=883"},{"taxonomy":"product_tag","embeddable":true,"href":"https:\/\/www.kpnsafety.com\/uy\/wp-json\/wp\/v2\/product_tag?post=883"}],"curies":[{"name":"wp","href":"https:\/\/api.w.org\/{rel}","templated":true}]}}