{"id":893,"date":"2022-07-05T15:53:13","date_gmt":"2022-07-05T20:53:13","guid":{"rendered":"https:\/\/kpnsafety.com\/uy\/?post_type=product&#038;p=893"},"modified":"2023-06-19T21:12:52","modified_gmt":"2023-06-20T02:12:52","slug":"traje-encapsulado-alphatec-act","status":"publish","type":"product","link":"https:\/\/www.kpnsafety.com\/uy\/producto\/traje-encapsulado-alphatec-act\/","title":{"rendered":"Traje encapsulado ALPHATEC\u00ae ACT"},"content":{"rendered":"<p>[vc_row][vc_column][vc_column_text]<strong>Caracter\u00edsticas y Beneficios<\/strong><\/p>\n<p>Traje de uso limitado para protecci\u00f3n de primera respuesta contra agentes de guerra qu\u00edmica y biol\u00f3gica y productos qu\u00edmicos industriales t\u00f3xicos<br \/>\nDise\u00f1ado para una comodidad y maniobrabilidad \u00f3ptimas<br \/>\nEl traje est\u00e1 hecho de un material silencioso de color oscuro para permitir operaciones sigilosas.<br \/>\nLas caracter\u00edsticas de dise\u00f1o incluyen un sello de m\u00e1scara con forma 3D y hombros acolchados para una ergonom\u00eda y seguridad \u00f3ptimas<br \/>\nCertificado seg\u00fan NFPA 1994:2018, Clase 2<\/p>\n<p><strong>Aplicaciones:<\/strong><\/p>\n<p>Bomberos y Rescate<br \/>\nDefensa<br \/>\nCumplimiento de la ley<\/p>\n<p><strong>Dise\u00f1o<\/strong>: AlphaTec\u00ae ACT es un traje de nivel B\/no encapsulante\/tipo T para usar con un SCBA* que se usa fuera del traje. *Consulte el certificado NFPA 1994 para obtener informaci\u00f3n sobre SCBA aprobados.<\/p>\n<p><strong>Material de la prenda:<\/strong> Una base textil combinada con la tecnolog\u00eda de fluoropol\u00edmero proporciona un material de protecci\u00f3n ligero, flexible y altamente qu\u00edmico. El exterior textil brinda una sensaci\u00f3n c\u00f3moda y un bajo nivel de ruido para el usuario.<\/p>\n<p><strong>Costuras<\/strong>: Las costuras est\u00e1n cosidas con hilo de aramida para mayor resistencia y durabilidad. El interior est\u00e1 sellado con una cinta de barrera soldada para crear una barrera continua a lo largo de la costura, lo que brinda las mismas propiedades qu\u00edmicas que el material de la prenda.<\/p>\n<p><strong>Peso<\/strong>: aproximadamente 2,5 kg (5,5 libras).<\/p>\n<p><strong>Color<\/strong>: Negro<\/p>\n<p><strong>Normas<\/strong>: NFPA 1994:2012, Clase 2[\/vc_column_text][\/vc_column][\/vc_row][vc_row disable_element=\u00bbyes\u00bb][vc_column width=\u00bb1\/2&#8243;][vc_single_image image=\u00bb702&#8243; img_size=\u00bbfull\u00bb alignment=\u00bbcenter\u00bb][\/vc_column][vc_column width=\u00bb1\/2&#8243;][\/vc_column][\/vc_row]<\/p>\n","protected":false},"excerpt":{"rendered":"<p>Traje no encapsulado de nivel B<br \/>\nUn traje t\u00e1ctico dise\u00f1ado para una comodidad y maniobrabilidad \u00f3ptimas y, al mismo tiempo, ofrece protecci\u00f3n contra agentes de guerra y productos qu\u00edmicos industriales t\u00f3xicos. Destinado a las fuerzas del orden y militares,<br \/>\nequipos HAZMAT y SWAT, b\u00fasqueda y rescate, descontaminaci\u00f3n.<\/p>\n<p>Fabricado con un tejido t\u00e9cnico de barrera duradero. Combina un tejido resistente pero ligero con una pel\u00edcula de barrera a base de fl\u00faor, lo que da como resultado una prenda que ofrece una comodidad \u00f3ptima para el usuario.<\/p>\n<p>&nbsp;<\/p>\n<p><a class=\"accion\" href=\"https:\/\/kpnsafety.com\/uy\/contacto\/\" target=\"_blank\" rel=\"noopener\">Solicitar presupuesto<\/a><\/p>\n<p><a class=\"accion\" href=\"https:\/\/api.whatsapp.com\/send?phone=59894351535\" target=\"_blank\" rel=\"noopener\">Contactar un consultor<\/a><\/p>\n","protected":false},"featured_media":794,"template":"","meta":[],"product_brand":[],"product_cat":[31,67],"product_tag":[],"class_list":{"0":"post-893","1":"product","2":"type-product","3":"status-publish","4":"has-post-thumbnail","6":"product_cat-proteccion-contra-incendios","7":"product_cat-proteccion-quimica","9":"first","10":"instock","11":"shipping-taxable","12":"product-type-simple"},"_links":{"self":[{"href":"https:\/\/www.kpnsafety.com\/uy\/wp-json\/wp\/v2\/product\/893","targetHints":{"allow":["GET"]}}],"collection":[{"href":"https:\/\/www.kpnsafety.com\/uy\/wp-json\/wp\/v2\/product"}],"about":[{"href":"https:\/\/www.kpnsafety.com\/uy\/wp-json\/wp\/v2\/types\/product"}],"wp:featuredmedia":[{"embeddable":true,"href":"https:\/\/www.kpnsafety.com\/uy\/wp-json\/wp\/v2\/media\/794"}],"wp:attachment":[{"href":"https:\/\/www.kpnsafety.com\/uy\/wp-json\/wp\/v2\/media?parent=893"}],"wp:term":[{"taxonomy":"product_brand","embeddable":true,"href":"https:\/\/www.kpnsafety.com\/uy\/wp-json\/wp\/v2\/product_brand?post=893"},{"taxonomy":"product_cat","embeddable":true,"href":"https:\/\/www.kpnsafety.com\/uy\/wp-json\/wp\/v2\/product_cat?post=893"},{"taxonomy":"product_tag","embeddable":true,"href":"https:\/\/www.kpnsafety.com\/uy\/wp-json\/wp\/v2\/product_tag?post=893"}],"curies":[{"name":"wp","href":"https:\/\/api.w.org\/{rel}","templated":true}]}}