{"id":895,"date":"2022-07-05T16:03:10","date_gmt":"2022-07-05T21:03:10","guid":{"rendered":"https:\/\/kpnsafety.com\/uy\/?post_type=product&#038;p=895"},"modified":"2023-06-19T21:10:00","modified_gmt":"2023-06-20T02:10:00","slug":"traje-alphatec-light-tipo-cv-vp1","status":"publish","type":"product","link":"https:\/\/www.kpnsafety.com\/uy\/producto\/traje-alphatec-light-tipo-cv-vp1\/","title":{"rendered":"Traje ALPHATEC\u00ae LIGHT TIPO CV \/ VP1"},"content":{"rendered":"<p>[vc_row][vc_column][vc_column_text]<strong>MATERIAL DEL PRODUCTO<\/strong><\/p>\n<p>Tejido de poli\u00e9ster resistente y flexible recubierto de PVC en cada cara.<\/p>\n<p><strong>CARACTER\u00cdSTICAS DE DISE\u00d1O<\/strong><\/p>\n<p>\u2022 Dise\u00f1o encapsulado tipo CV (con visor y joroba, equipo respirador dentro del traje) \u2022 Dise\u00f1o encapsulado tipo VP1 (visor m\u00e1s grande, con joroba, respirador llevado dentro del traje)<\/p>\n<p><strong>TIPO DE COSTURA<\/strong><\/p>\n<p>Costuras cosidas por fuera recubiertas con cinta de PVC soldada.<\/p>\n<p><strong>RESUMEN DE EST\u00c1NDARES<\/strong><\/p>\n<ul>\n<li>EN 943-1:2015 y EN 943-1\/FprA1:2017<\/li>\n<li>EN 1073-2:2002 (protecci\u00f3n contra part\u00edculas radiactivas)<\/li>\n<li>EN 14126:2003 (protecci\u00f3n contra agentes infecciosos)<\/li>\n<li>EN 1149-5:2008 (materiales para fabricar trajes antiest\u00e1ticos)<\/li>\n<\/ul>\n<p><strong>VENTAJAS CLAVES<\/strong><\/p>\n<p>Traje de protecci\u00f3n qu\u00edmica herm\u00e9tico a gases encapsulado y reutilizable<br \/>\nOfrece una buena resistencia qu\u00edmica contra \u00e1lcalis y \u00e1cidos a baja concentraci\u00f3n<br \/>\nMaterial resistente y duradero, pero muy suave y ligero<br \/>\nDestinado al trabajo en entornos de bajo riesgo<br \/>\nDise\u00f1o de probado rendimiento que se adapta a la gran mayor\u00eda de marcas y botellas de respiradores aut\u00f3nomos (SCBA)[\/vc_column_text][\/vc_column][\/vc_row][vc_row disable_element=\u00bbyes\u00bb][vc_column width=\u00bb1\/2&#8243;][vc_single_image image=\u00bb702&#8243; img_size=\u00bbfull\u00bb alignment=\u00bbcenter\u00bb][\/vc_column][vc_column width=\u00bb1\/2&#8243;][\/vc_column][\/vc_row]<\/p>\n","protected":false},"excerpt":{"rendered":"<p>Protecci\u00f3n herm\u00e9tica a gases para entornos de bajo riesgo<br \/>\nEquipo de protecci\u00f3n qu\u00edmica herm\u00e9tico a gases para actividades industriales poco exigentes.<\/p>\n<p>&nbsp;<\/p>\n<p><a class=\"accion\" href=\"https:\/\/kpnsafety.com\/uy\/contacto\/\" target=\"_blank\" rel=\"noopener\">Solicitar presupuesto<\/a><\/p>\n<p><a class=\"accion\" href=\"https:\/\/api.whatsapp.com\/send?phone=59894351535\" target=\"_blank\" rel=\"noopener\">Contactar un consultor<\/a><\/p>\n","protected":false},"featured_media":795,"template":"","meta":[],"product_brand":[],"product_cat":[31,67],"product_tag":[],"class_list":{"0":"post-895","1":"product","2":"type-product","3":"status-publish","4":"has-post-thumbnail","6":"product_cat-proteccion-contra-incendios","7":"product_cat-proteccion-quimica","9":"first","10":"instock","11":"shipping-taxable","12":"product-type-simple"},"_links":{"self":[{"href":"https:\/\/www.kpnsafety.com\/uy\/wp-json\/wp\/v2\/product\/895","targetHints":{"allow":["GET"]}}],"collection":[{"href":"https:\/\/www.kpnsafety.com\/uy\/wp-json\/wp\/v2\/product"}],"about":[{"href":"https:\/\/www.kpnsafety.com\/uy\/wp-json\/wp\/v2\/types\/product"}],"wp:featuredmedia":[{"embeddable":true,"href":"https:\/\/www.kpnsafety.com\/uy\/wp-json\/wp\/v2\/media\/795"}],"wp:attachment":[{"href":"https:\/\/www.kpnsafety.com\/uy\/wp-json\/wp\/v2\/media?parent=895"}],"wp:term":[{"taxonomy":"product_brand","embeddable":true,"href":"https:\/\/www.kpnsafety.com\/uy\/wp-json\/wp\/v2\/product_brand?post=895"},{"taxonomy":"product_cat","embeddable":true,"href":"https:\/\/www.kpnsafety.com\/uy\/wp-json\/wp\/v2\/product_cat?post=895"},{"taxonomy":"product_tag","embeddable":true,"href":"https:\/\/www.kpnsafety.com\/uy\/wp-json\/wp\/v2\/product_tag?post=895"}],"curies":[{"name":"wp","href":"https:\/\/api.w.org\/{rel}","templated":true}]}}