{"id":909,"date":"2022-07-05T16:26:53","date_gmt":"2022-07-05T21:26:53","guid":{"rendered":"https:\/\/kpnsafety.com\/uy\/?post_type=product&#038;p=909"},"modified":"2023-06-19T21:15:58","modified_gmt":"2023-06-20T02:15:58","slug":"vehiculo-de-intervencion-rapida","status":"publish","type":"product","link":"https:\/\/www.kpnsafety.com\/uy\/producto\/vehiculo-de-intervencion-rapida\/","title":{"rendered":"VEH\u00cdCULO DE INTERVENCI\u00d3N R\u00c1PIDA"},"content":{"rendered":"<p>[vc_row][vc_column][vc_column_text]<strong>KIT DE EXTINCI\u00d3N CON BOMBA CENTR\u00cdFUGA<\/strong><\/p>\n<p>Baja presi\u00f3n | Hasta 25 Bar con caudal m\u00e1ximo de hasta 390 l\/min.<br \/>\nIncluye<\/p>\n<ul>\n<li>Devanadera de ataque r\u00e1pido.<\/li>\n<li>Dep\u00f3sito de agua.<\/li>\n<li>Mangote de absorci\u00f3n<\/li>\n<\/ul>\n<p><strong>KIT DE EXTINCI\u00d3N CON BOMBA DE MEMBRANAS<\/strong><\/p>\n<p>Media presi\u00f3n | Hasta 50 Bar con caudal m\u00e1ximo de hasta 102 l\/min.<br \/>\nMotores de gasolina de entre 4,8 y 18 CV de potencia seg\u00fan modelo de bomba<\/p>\n<p>Incluye<\/p>\n<ul>\n<li>Devanadera de ataque r\u00e1pido.<\/li>\n<li>Dep\u00f3sito de agua.<\/li>\n<li>70m. de manguera DN10 de alta presi\u00f3n.<\/li>\n<li>Lanza de agua.<\/li>\n<li>Mangote de absorci\u00f3n.<\/li>\n<\/ul>\n<p><strong>KIT DE EXTINCI\u00d3N CON BOMBA DE PISTONES<\/strong><\/p>\n<p>Alta presi\u00f3n | Hasta 100 Bar con caudal m\u00e1ximo de hasta 42 l\/min.<br \/>\nIncorpora un cuadro de mando completo fabricado en aluminio pintado que agrupa todos los mandos y v\u00e1lvulas, incluyendo el sistema de dosificaci\u00f3n de espuma, un cuenta horas y un man\u00f3metro.<\/p>\n<p>Incluye<\/p>\n<ul>\n<li>Devanadera de ataque r\u00e1pido.<\/li>\n<li>Dep\u00f3sito de agua.<\/li>\n<li>Lanza de espum\u00f3geno.<\/li>\n<li>Sistema de espum\u00f3geno (foto no disponible).<\/li>\n<li>Lanza de agua.<\/li>\n<li>Mangote de absorci\u00f3n.<\/li>\n<\/ul>\n<p>[\/vc_column_text][\/vc_column][\/vc_row][vc_row disable_element=\u00bbyes\u00bb][vc_column width=\u00bb1\/6&#8243;][vc_single_image image=\u00bb798&#8243; img_size=\u00bbfull\u00bb alignment=\u00bbcenter\u00bb][\/vc_column][vc_column width=\u00bb2\/3&#8243;][\/vc_column][vc_column width=\u00bb1\/6&#8243;][\/vc_column][\/vc_row]<\/p>\n","protected":false},"excerpt":{"rendered":"<p>Kits con bomba de alta presi\u00f3n dise\u00f1ados para veh\u00edculos PickUp y remolques<\/p>\n<p>Dise\u00f1ados para lucha contra incendios.<\/p>\n<p>Kits de alta presi\u00f3n fiables y con componentes de m\u00e1xima calidad en un dise\u00f1o compacto con un centro de gravedad muy bajo en dep\u00f3sito que permite adaptar estructuras portaherramientas con el objetivo de disponer de un veh\u00edculo multifuncional. Los kits de extinci\u00f3n de alta presi\u00f3n Vallfirest se adaptan a todos los modelos de veh\u00edculos 4&#215;4.<\/p>\n<ul>\n<li>Kit de extinci\u00f3n con bomba de centr\u00edfuga.<\/li>\n<li>Kit de extinci\u00f3n con bomba de membranas.<\/li>\n<li>Kit de extinci\u00f3n con bomba de pistones.<\/li>\n<li>Kit de extinci\u00f3n en remolque.<\/li>\n<li>Kit de extinci\u00f3n de alta presi\u00f3n para pickup.<\/li>\n<li>Kits de extinci\u00f3n con dep\u00f3sito flexible.<\/li>\n<li>Estructura porta-herramientas para kits pickup.<\/li>\n<\/ul>\n<p>&nbsp;<\/p>\n<p><a class=\"accion\" href=\"https:\/\/kpnsafety.com\/uy\/contacto\/\" target=\"_blank\" rel=\"noopener\">Solicitar presupuesto<\/a><\/p>\n<p><a class=\"accion\" href=\"https:\/\/api.whatsapp.com\/send?phone=59894351535\" target=\"_blank\" rel=\"noopener\">Contactar un consultor<\/a><\/p>\n","protected":false},"featured_media":908,"template":"","meta":[],"product_brand":[],"product_cat":[31,70],"product_tag":[],"class_list":{"0":"post-909","1":"product","2":"type-product","3":"status-publish","4":"has-post-thumbnail","6":"product_cat-proteccion-contra-incendios","7":"product_cat-vehiculos-contra-incendios","9":"first","10":"instock","11":"shipping-taxable","12":"product-type-simple"},"_links":{"self":[{"href":"https:\/\/www.kpnsafety.com\/uy\/wp-json\/wp\/v2\/product\/909","targetHints":{"allow":["GET"]}}],"collection":[{"href":"https:\/\/www.kpnsafety.com\/uy\/wp-json\/wp\/v2\/product"}],"about":[{"href":"https:\/\/www.kpnsafety.com\/uy\/wp-json\/wp\/v2\/types\/product"}],"wp:featuredmedia":[{"embeddable":true,"href":"https:\/\/www.kpnsafety.com\/uy\/wp-json\/wp\/v2\/media\/908"}],"wp:attachment":[{"href":"https:\/\/www.kpnsafety.com\/uy\/wp-json\/wp\/v2\/media?parent=909"}],"wp:term":[{"taxonomy":"product_brand","embeddable":true,"href":"https:\/\/www.kpnsafety.com\/uy\/wp-json\/wp\/v2\/product_brand?post=909"},{"taxonomy":"product_cat","embeddable":true,"href":"https:\/\/www.kpnsafety.com\/uy\/wp-json\/wp\/v2\/product_cat?post=909"},{"taxonomy":"product_tag","embeddable":true,"href":"https:\/\/www.kpnsafety.com\/uy\/wp-json\/wp\/v2\/product_tag?post=909"}],"curies":[{"name":"wp","href":"https:\/\/api.w.org\/{rel}","templated":true}]}}