{"id":1580,"date":"2022-11-22T15:21:49","date_gmt":"2022-11-22T20:21:49","guid":{"rendered":"https:\/\/www.kpnsafety.com\/pe\/?post_type=product&#038;p=1580"},"modified":"2025-01-23T22:02:56","modified_gmt":"2025-01-24T03:02:56","slug":"casco-vertex-blanco","status":"publish","type":"product","link":"https:\/\/www.kpnsafety.com\/ve\/producto\/casco-vertex-blanco\/","title":{"rendered":"CASCO PARA INDUSTRIA Y RESCATE BLANCO"},"content":{"rendered":"","protected":false},"excerpt":{"rendered":"<p>Casco para trabajo en altura y rescate. Con su resistente barboquejo, el casco VERTEX VENT establece el est\u00e1ndar en protecci\u00f3n para la cabeza para trabajadores en altura. Cuenta con ventilaciones con obturadores <span class=\"citation-0 citation-end-0 interactive-span-selected-v2\">deslizantes para permitir que la ventilaci\u00f3n se ajuste seg\u00fan sea necesario. Su suspensi\u00f3n textil de seis puntos garantiza la m\u00e1xima comodidad, y su sistema de ajuste CenterFit ajusta<sup class=\"superscript visible highlight\" data-turn-source-index=\"1\"><span>1<\/span><\/sup><\/span> la banda para la cabeza y mantiene el casco centrado en la cabeza.<\/p>\n<p><a class=\"accion\" href=\"https:\/\/api.whatsapp.com\/send?phone=573147862881\" target=\"_blank\" rel=\"noopener\">Contactar un consultor<\/a><\/p>\n<p><a class=\"accion\" href=\"https:\/\/www.kpnsafety.com\/ve\/contacto\/\" target=\"_blank\" rel=\"noopener\">Solicitar Presupuesto<\/a><\/p>\n","protected":false},"featured_media":1574,"template":"","meta":[],"product_brand":[],"product_cat":[16,56],"product_tag":[],"class_list":{"0":"post-1580","1":"product","2":"type-product","3":"status-publish","4":"has-post-thumbnail","6":"product_cat-seguridad-industrial","7":"product_cat-proteccion-alturas-y-rescate","9":"first","10":"instock","11":"featured","12":"shipping-taxable","13":"product-type-simple"},"_links":{"self":[{"href":"https:\/\/www.kpnsafety.com\/ve\/wp-json\/wp\/v2\/product\/1580","targetHints":{"allow":["GET"]}}],"collection":[{"href":"https:\/\/www.kpnsafety.com\/ve\/wp-json\/wp\/v2\/product"}],"about":[{"href":"https:\/\/www.kpnsafety.com\/ve\/wp-json\/wp\/v2\/types\/product"}],"wp:featuredmedia":[{"embeddable":true,"href":"https:\/\/www.kpnsafety.com\/ve\/wp-json\/wp\/v2\/media\/1574"}],"wp:attachment":[{"href":"https:\/\/www.kpnsafety.com\/ve\/wp-json\/wp\/v2\/media?parent=1580"}],"wp:term":[{"taxonomy":"product_brand","embeddable":true,"href":"https:\/\/www.kpnsafety.com\/ve\/wp-json\/wp\/v2\/product_brand?post=1580"},{"taxonomy":"product_cat","embeddable":true,"href":"https:\/\/www.kpnsafety.com\/ve\/wp-json\/wp\/v2\/product_cat?post=1580"},{"taxonomy":"product_tag","embeddable":true,"href":"https:\/\/www.kpnsafety.com\/ve\/wp-json\/wp\/v2\/product_tag?post=1580"}],"curies":[{"name":"wp","href":"https:\/\/api.w.org\/{rel}","templated":true}]}}