{"id":1997,"date":"2023-07-24T06:00:29","date_gmt":"2023-07-24T11:00:29","guid":{"rendered":"https:\/\/www.kpnsafety.com\/pe\/?post_type=product&#038;p=1997"},"modified":"2023-08-22T15:26:06","modified_gmt":"2023-08-22T20:26:06","slug":"guantes-kpn-kev","status":"publish","type":"product","link":"https:\/\/www.kpnsafety.com\/ve\/producto\/guantes-kpn-kev\/","title":{"rendered":"Guantes KPN KEV"},"content":{"rendered":"<ul>\n<li>Resistencia a cortes ANSI A9<\/li>\n<li>Alto contraste en la palma y dorso que proporciona mayor visibilidad.<\/li>\n<li>Palma de 4 capas de tejidos combinados y refuerzo en el pulgar con costuras de aramida, para una mayor resistencia a los ara\u00f1azos mec\u00e1nicos y especialmente a la abrasi\u00f3n.<\/li>\n<li>Fabricado con fibras sint\u00e9ticas compuestas por Poliamida, Poli\u00e9ster, Elastano y Poliuretano extremadamente maleables, confortables y con resistencia mec\u00e1nica.<\/li>\n<li>Material exclusivo de la palma que proporciona un 25% m\u00e1s resistencia a la abrasi\u00f3n que el cuero sint\u00e9tico.<\/li>\n<li>Tratamiento Hidrofugado que repele grasas, polvo y sustancias y facilita su limpieza.<\/li>\n<li>Resistencia al calor por contacto Extremadamente maleable.<\/li>\n<\/ul>\n","protected":false},"excerpt":{"rendered":"<p>Guantes <b>KPN KEV<\/b> aplicable para trabajar en presencia de riesgos mec\u00e1nicos, agentes abrasivos y cortes.<br \/>\nINDICACIONES DE USO:<br \/>\nPerforaci\u00f3n, extracci\u00f3n y refinaci\u00f3n de petr\u00f3leo y gas; fracturamiento hidr\u00e1ulico; Miner\u00eda, demolici\u00f3n, construcci\u00f3n pesada, operaciones de elevaci\u00f3n y gr\u00faas.<\/p>\n<p><a class=\"accion\" href=\"https:\/\/www.kpnsafety.com\/pe\/wp-content\/uploads\/2023\/07\/FT_Guantes-KPN-KEV-ES.pdf\" target=\"_blank\" rel=\"noopener\">Ficha t\u00e9cnica<\/a><\/p>\n<p><a class=\"accion\" href=\"https:\/\/api.whatsapp.com\/send?phone=573147862881\" target=\"_blank\" rel=\"noopener\">Contactar un consultor<\/a><\/p>\n","protected":false},"featured_media":2022,"template":"","meta":[],"product_brand":[],"product_cat":[16,17],"product_tag":[164],"class_list":{"0":"post-1997","1":"product","2":"type-product","3":"status-publish","4":"has-post-thumbnail","6":"product_cat-seguridad-industrial","7":"product_cat-guantes-anti-impacto","8":"product_tag-guantes-kpn-kev","10":"first","11":"instock","12":"featured","13":"shipping-taxable","14":"product-type-simple"},"_links":{"self":[{"href":"https:\/\/www.kpnsafety.com\/ve\/wp-json\/wp\/v2\/product\/1997","targetHints":{"allow":["GET"]}}],"collection":[{"href":"https:\/\/www.kpnsafety.com\/ve\/wp-json\/wp\/v2\/product"}],"about":[{"href":"https:\/\/www.kpnsafety.com\/ve\/wp-json\/wp\/v2\/types\/product"}],"wp:featuredmedia":[{"embeddable":true,"href":"https:\/\/www.kpnsafety.com\/ve\/wp-json\/wp\/v2\/media\/2022"}],"wp:attachment":[{"href":"https:\/\/www.kpnsafety.com\/ve\/wp-json\/wp\/v2\/media?parent=1997"}],"wp:term":[{"taxonomy":"product_brand","embeddable":true,"href":"https:\/\/www.kpnsafety.com\/ve\/wp-json\/wp\/v2\/product_brand?post=1997"},{"taxonomy":"product_cat","embeddable":true,"href":"https:\/\/www.kpnsafety.com\/ve\/wp-json\/wp\/v2\/product_cat?post=1997"},{"taxonomy":"product_tag","embeddable":true,"href":"https:\/\/www.kpnsafety.com\/ve\/wp-json\/wp\/v2\/product_tag?post=1997"}],"curies":[{"name":"wp","href":"https:\/\/api.w.org\/{rel}","templated":true}]}}