{"id":2213,"date":"2023-08-17T12:02:52","date_gmt":"2023-08-17T17:02:52","guid":{"rendered":"https:\/\/www.kpnsafety.com\/pe\/?post_type=product&#038;p=2213"},"modified":"2025-01-23T21:59:22","modified_gmt":"2025-01-24T02:59:22","slug":"pala-para-incendios-forestales","status":"publish","type":"product","link":"https:\/\/www.kpnsafety.com\/ve\/producto\/pala-para-incendios-forestales\/","title":{"rendered":"Pala para incendios forestales"},"content":{"rendered":"<p>La Pala Forestal est\u00e1 constituida por una l\u00e1mina de acero forjado en forma de coraz\u00f3n con sus bordes autoafilables por sus caracter\u00edsticas geom\u00e9tricas. Estas palas estan fabricadas para cumplir con las regulaciones del Servicio Forestal de EEUU, por lo que tienen caracter\u00edsticas especiales de \u00e1ngulo de ataque y curvatura, y dimensiones de la hoja.<\/p>\n<p>La terminaci\u00f3n es en pintura horneada que le brinda protecci\u00f3n y gran durabilidad frente al desgaste y el calor y posee pisada en la hoja para presionar con el pie sin el riesgo de da\u00f1ar la suela del calzado cuando la misma est\u00e1 caliente por el uso en el incendio.<\/p>\n<p>Su cabo de madera con una silueta que facilita el agarre seguro del mismo sin que resbale, hace m\u00e1s f\u00e1cil trabajar en espacios reducidos, disminuyendo la fatiga y las lesiones en manos como ampollas o astillas.<\/p>\n<p><strong>ESPECIFICACIONES T\u00c9CNICAS:<\/strong><\/p>\n<ul>\n<li><strong>Longitud:<\/strong>\u00a01,2 m<\/li>\n<li><strong>Peso:<\/strong>\u00a02,3 Kg<\/li>\n<li><strong>Cabo:<\/strong>\u00a0Madera<\/li>\n<\/ul>\n","protected":false},"excerpt":{"rendered":"<p>Pala para incendios forestales de agarre seguro y f\u00e1cil maniobrabilidad en espacios reducidos.<\/p>\n<p>Herramienta principal en la apertura y ampliaci\u00f3n de l\u00edneas de defensa, el excavado y remoci\u00f3n de vegetaci\u00f3n. Permite limpiar hasta llegar al suelo mineral cortando el combustible y deteniendo la propagaci\u00f3n.<\/p>\n<p><a class=\"accion\" href=\"https:\/\/api.whatsapp.com\/send?phone=573147862881\" target=\"_blank\" rel=\"noopener\">Contactar un consultor<\/a><\/p>\n<p><a class=\"accion\" href=\"https:\/\/www.kpnsafety.com\/ve\/contacto\/\" target=\"_blank\" rel=\"noopener\">Solicitar Presupuesto<\/a><\/p>\n","protected":false},"featured_media":2205,"template":"","meta":[],"product_brand":[],"product_cat":[31,72],"product_tag":[],"class_list":{"0":"post-2213","1":"product","2":"type-product","3":"status-publish","4":"has-post-thumbnail","6":"product_cat-proteccion-contra-incendios","7":"product_cat-herramientas-para-incendios-forestales-proteccion-contra-incendios","9":"first","10":"instock","11":"shipping-taxable","12":"product-type-simple"},"_links":{"self":[{"href":"https:\/\/www.kpnsafety.com\/ve\/wp-json\/wp\/v2\/product\/2213","targetHints":{"allow":["GET"]}}],"collection":[{"href":"https:\/\/www.kpnsafety.com\/ve\/wp-json\/wp\/v2\/product"}],"about":[{"href":"https:\/\/www.kpnsafety.com\/ve\/wp-json\/wp\/v2\/types\/product"}],"wp:featuredmedia":[{"embeddable":true,"href":"https:\/\/www.kpnsafety.com\/ve\/wp-json\/wp\/v2\/media\/2205"}],"wp:attachment":[{"href":"https:\/\/www.kpnsafety.com\/ve\/wp-json\/wp\/v2\/media?parent=2213"}],"wp:term":[{"taxonomy":"product_brand","embeddable":true,"href":"https:\/\/www.kpnsafety.com\/ve\/wp-json\/wp\/v2\/product_brand?post=2213"},{"taxonomy":"product_cat","embeddable":true,"href":"https:\/\/www.kpnsafety.com\/ve\/wp-json\/wp\/v2\/product_cat?post=2213"},{"taxonomy":"product_tag","embeddable":true,"href":"https:\/\/www.kpnsafety.com\/ve\/wp-json\/wp\/v2\/product_tag?post=2213"}],"curies":[{"name":"wp","href":"https:\/\/api.w.org\/{rel}","templated":true}]}}