{"id":2302,"date":"2023-11-16T15:57:54","date_gmt":"2023-11-16T20:57:54","guid":{"rendered":"https:\/\/www.kpnsafety.com\/pe\/?post_type=product&#038;p=2302"},"modified":"2025-01-23T21:40:37","modified_gmt":"2025-01-24T02:40:37","slug":"guantes-para-bomberos","status":"publish","type":"product","link":"https:\/\/www.kpnsafety.com\/ve\/producto\/guantes-para-bomberos\/","title":{"rendered":"Guantes para bomberos"},"content":{"rendered":"<ul class=\"pr-list\">\n<li>Resistente al fuego, calor, corte y las perforaciones.<\/li>\n<li>02.Piel de gamuza de cuero de vaca<\/li>\n<li>03.Palma de cuero negra; Dorso del guante en cuero dorado de 4&#8243;.<\/li>\n<li>04.Pu\u00f1o en doble capa Kevlar\u00ae con parche de cuero en el lado de la palma<\/li>\n<li>05.Permite mantener una destreza manual casi antural; mejora de la capacidad de agarre en condiciones secas y h\u00famedas<\/li>\n<\/ul>\n","protected":false},"excerpt":{"rendered":"<p>Los Guantes para bomberos son ligero y con gran flexibilidad que permite un movimiento m\u00e1s natural de la mano. Sus capas est\u00e1n dise\u00f1adas para permitir la transpiraci\u00f3n en las manos, protegiendo del fuego.<\/p>\n<p><a class=\"accion\" href=\"https:\/\/www.kpnsafety.com\/ve\/contacto\/\" target=\"_blank\" rel=\"noopener\">Solicitar presupuesto<\/a><\/p>\n<p><a class=\"accion\" href=\"https:\/\/api.whatsapp.com\/send?phone=573147862881\" target=\"_blank\" rel=\"noopener\">Contactar un consultor<\/a><\/p>\n","protected":false},"featured_media":2303,"template":"","meta":[],"product_brand":[],"product_cat":[31,59,64],"product_tag":[187],"class_list":{"0":"post-2302","1":"product","2":"type-product","3":"status-publish","4":"has-post-thumbnail","6":"product_cat-proteccion-contra-incendios","7":"product_cat-incendios-forestales","8":"product_cat-incendios-estructurales","9":"product_tag-guantes-para-bomberos","11":"first","12":"instock","13":"shipping-taxable","14":"product-type-simple"},"_links":{"self":[{"href":"https:\/\/www.kpnsafety.com\/ve\/wp-json\/wp\/v2\/product\/2302","targetHints":{"allow":["GET"]}}],"collection":[{"href":"https:\/\/www.kpnsafety.com\/ve\/wp-json\/wp\/v2\/product"}],"about":[{"href":"https:\/\/www.kpnsafety.com\/ve\/wp-json\/wp\/v2\/types\/product"}],"wp:featuredmedia":[{"embeddable":true,"href":"https:\/\/www.kpnsafety.com\/ve\/wp-json\/wp\/v2\/media\/2303"}],"wp:attachment":[{"href":"https:\/\/www.kpnsafety.com\/ve\/wp-json\/wp\/v2\/media?parent=2302"}],"wp:term":[{"taxonomy":"product_brand","embeddable":true,"href":"https:\/\/www.kpnsafety.com\/ve\/wp-json\/wp\/v2\/product_brand?post=2302"},{"taxonomy":"product_cat","embeddable":true,"href":"https:\/\/www.kpnsafety.com\/ve\/wp-json\/wp\/v2\/product_cat?post=2302"},{"taxonomy":"product_tag","embeddable":true,"href":"https:\/\/www.kpnsafety.com\/ve\/wp-json\/wp\/v2\/product_tag?post=2302"}],"curies":[{"name":"wp","href":"https:\/\/api.w.org\/{rel}","templated":true}]}}