{"id":2312,"date":"2023-11-24T16:20:38","date_gmt":"2023-11-24T21:20:38","guid":{"rendered":"https:\/\/www.kpnsafety.com\/pe\/?post_type=product&#038;p=2312"},"modified":"2025-01-23T21:38:55","modified_gmt":"2025-01-24T02:38:55","slug":"guantes-para-bomberos-2","status":"publish","type":"product","link":"https:\/\/www.kpnsafety.com\/ve\/producto\/guantes-para-bomberos-2\/","title":{"rendered":"Guantes para bomberos"},"content":{"rendered":"<p data-sourcepos=\"1:1-1:64\"><strong><em>Caracter\u00edsticas y Beneficios<\/em> &#8211; Certificado Estructural NFPA 1971<\/strong><\/p>\n<ol data-sourcepos=\"2:1-10:67\">\n<li data-sourcepos=\"2:1-2:100\">Cubierta exterior de cuero vacuno Eversoft tratado con refuerzo en la palma, Retardante del fuego<\/li>\n<li data-sourcepos=\"3:1-3:76\">Forro Kovenex\u00ae resistente al calor y las llamas, ofrece m\u00e1xima protecci\u00f3n<\/li>\n<li data-sourcepos=\"4:1-5:33\">Inserto de barrera contra la humedad Pyrotect\u00ae, Resistente al agua y fluidos corporales, com\u00fan\u00a0 \u00a0Productos qu\u00edmicos y sangre<\/li>\n<li data-sourcepos=\"6:1-6:77\">Fibra de Kevlar\u00ae DuPont TM de doble capa para el pu\u00f1o con tirador de cuero<\/li>\n<li data-sourcepos=\"7:1-7:85\">Costuras de fibra DuPont TM Kevlar\u00ae Resistente al calor y al fuego, larga duraci\u00f3n<\/li>\n<li data-sourcepos=\"8:1-8:31\">FlipSin dedosSuper movilidad<\/li>\n<li data-sourcepos=\"9:1-9:71\">Dedos precurvados en 3DReduce la fatiga despu\u00e9s de un uso prolongado<\/li>\n<li data-sourcepos=\"10:1-10:67\">Uni\u00f3n t\u00e9cnica especial, El forro no se quita f\u00e1cilmente al sudar<\/li>\n<\/ol>\n","protected":false},"excerpt":{"rendered":"<p>Los guantes hygloves FR est\u00e1n dise\u00f1ados y fabricados profesionalmente para bomberos. Los materiales son resistentes a los peligros que conllevan las actividades de extinci\u00f3n de incendios, como llamas, calor, vapor, l\u00edquidos peligrosos y objetos afilados.<\/p>\n<p><a class=\"accion\" href=\"https:\/\/api.whatsapp.com\/send?phone=573147862881\" target=\"_blank\" rel=\"noopener\">Contactar un consultor<\/a><\/p>\n<p><a class=\"accion\" href=\"https:\/\/www.kpnsafety.com\/ve\/contacto\/\" target=\"_blank\" rel=\"noopener\">Solicitar Presupuesto<\/a><\/p>\n","protected":false},"featured_media":2313,"template":"","meta":[],"product_brand":[],"product_cat":[183,64,16],"product_tag":[],"class_list":{"0":"post-2312","1":"product","2":"type-product","3":"status-publish","4":"has-post-thumbnail","6":"product_cat-busqueda-y-rescate","7":"product_cat-incendios-estructurales","8":"product_cat-seguridad-industrial","10":"first","11":"instock","12":"shipping-taxable","13":"product-type-simple"},"_links":{"self":[{"href":"https:\/\/www.kpnsafety.com\/ve\/wp-json\/wp\/v2\/product\/2312","targetHints":{"allow":["GET"]}}],"collection":[{"href":"https:\/\/www.kpnsafety.com\/ve\/wp-json\/wp\/v2\/product"}],"about":[{"href":"https:\/\/www.kpnsafety.com\/ve\/wp-json\/wp\/v2\/types\/product"}],"wp:featuredmedia":[{"embeddable":true,"href":"https:\/\/www.kpnsafety.com\/ve\/wp-json\/wp\/v2\/media\/2313"}],"wp:attachment":[{"href":"https:\/\/www.kpnsafety.com\/ve\/wp-json\/wp\/v2\/media?parent=2312"}],"wp:term":[{"taxonomy":"product_brand","embeddable":true,"href":"https:\/\/www.kpnsafety.com\/ve\/wp-json\/wp\/v2\/product_brand?post=2312"},{"taxonomy":"product_cat","embeddable":true,"href":"https:\/\/www.kpnsafety.com\/ve\/wp-json\/wp\/v2\/product_cat?post=2312"},{"taxonomy":"product_tag","embeddable":true,"href":"https:\/\/www.kpnsafety.com\/ve\/wp-json\/wp\/v2\/product_tag?post=2312"}],"curies":[{"name":"wp","href":"https:\/\/api.w.org\/{rel}","templated":true}]}}