{"id":2320,"date":"2024-01-19T09:51:45","date_gmt":"2024-01-19T14:51:45","guid":{"rendered":"https:\/\/www.kpnsafety.com\/pe\/?post_type=product&#038;p=2320"},"modified":"2025-01-23T21:35:20","modified_gmt":"2025-01-24T02:35:20","slug":"guantes-cr5-de-proteccion-contra-riesgos-mecanicos-y-termicos-calor","status":"publish","type":"product","link":"https:\/\/www.kpnsafety.com\/ve\/producto\/guantes-cr5-de-proteccion-contra-riesgos-mecanicos-y-termicos-calor\/","title":{"rendered":"Guantes KPN CR5"},"content":{"rendered":"<h2 data-sourcepos=\"1:1-1:14\">Guantes CR5<\/h2>\n<ul data-sourcepos=\"3:1-10:48\">\n<li data-sourcepos=\"3:1-3:68\"><strong>Resistencia al corte ANSI A9:<\/strong> M\u00e1xima protecci\u00f3n contra cortes.<\/li>\n<li data-sourcepos=\"4:1-4:126\"><strong>Durabilidad superior:<\/strong> Material exclusivo en la palma con un 25% m\u00e1s de resistencia a la abrasi\u00f3n que el cuero sint\u00e9tico.<\/li>\n<li data-sourcepos=\"5:1-5:81\"><strong>Agarre mejorado:<\/strong> Palma punteada de material sint\u00e9tico para un mejor agarre.<\/li>\n<li data-sourcepos=\"6:1-6:146\"><strong>Comodidad y flexibilidad:<\/strong> Fabricados con fibras sint\u00e9ticas (poliamida, poli\u00e9ster, elastano y poliuretano) para mayor maleabilidad y confort.<\/li>\n<li data-sourcepos=\"7:1-7:118\"><strong>Resistencia a l\u00edquidos:<\/strong> Tratamiento repelente al agua, grasa, polvo y otras sustancias que facilita la limpieza.<\/li>\n<li data-sourcepos=\"8:1-8:82\"><strong>Resistencia al calor por contacto:<\/strong> Protecci\u00f3n contra superficies calientes.<\/li>\n<li data-sourcepos=\"9:1-9:62\"><strong>Certificaciones:<\/strong> Cumplen con las normas EN 407 y EN 388.<\/li>\n<li data-sourcepos=\"10:1-10:48\"><strong>Nivel 3:<\/strong> Alto nivel de protecci\u00f3n general.<\/li>\n<\/ul>\n","protected":false},"excerpt":{"rendered":"<p data-sourcepos=\"1:1-1:97\">Los guantes KPN CR5 son ideales para trabajos con riesgo de impactos, agentes abrasivos y cortes.<\/p>\n<p data-sourcepos=\"3:1-3:22\"><strong>USOS RECOMENDADOS:<\/strong><\/p>\n<ul data-sourcepos=\"5:1-10:42\">\n<li data-sourcepos=\"5:1-5:63\"><span class=\"citation-0 interactive-span-selected-v2\">Perforaci\u00f3n, extracci\u00f3n y refinaci\u00f3n de petr\u00f3leo y gas.<\/span><\/li>\n<li data-sourcepos=\"6:1-6:28\"><span class=\"citation-0 interactive-span-selected-v2\">Fracturamiento hidr\u00e1ulico.<\/span><\/li>\n<li data-sourcepos=\"7:1-7:10\"><span class=\"citation-0 interactive-span-selected-v2\">Miner\u00eda.<\/span><\/li>\n<li data-sourcepos=\"8:1-8:13\"><span class=\"citation-0 interactive-span-selected-v2\">Demolici\u00f3n.<\/span><\/li>\n<li data-sourcepos=\"9:1-9:22\"><span class=\"citation-0 interactive-span-selected-v2\">Construcci\u00f3n pesada.<\/span><span class=\"citation-0 citation-end-0 interactive-span-selected-v2\">Operaciones de elevaci\u00f3n y gr\u00faas.<sup class=\"superscript visible highlight\" data-turn-source-index=\"1\">\u00a0<\/sup><\/span><\/li>\n<\/ul>\n<p><a class=\"accion\" href=\"https:\/\/api.whatsapp.com\/send?phone=573147862881\" target=\"_blank\" rel=\"noopener\">Contactar un consultor<\/a><\/p>\n<p><a class=\"accion\" href=\"https:\/\/www.kpnsafety.com\/ve\/contacto\/\" target=\"_blank\" rel=\"noopener\">Solicitar Presupuesto<\/a><\/p>\n","protected":false},"featured_media":2321,"template":"","meta":[],"product_brand":[],"product_cat":[17,16],"product_tag":[196,195,197],"class_list":{"0":"post-2320","1":"product","2":"type-product","3":"status-publish","4":"has-post-thumbnail","6":"product_cat-guantes-anti-impacto","7":"product_cat-seguridad-industrial","8":"product_tag-guante-anti-impacto","9":"product_tag-guante-kpn-cr5","10":"product_tag-guantes-resistentes-al-impacto","12":"first","13":"instock","14":"shipping-taxable","15":"product-type-simple"},"_links":{"self":[{"href":"https:\/\/www.kpnsafety.com\/ve\/wp-json\/wp\/v2\/product\/2320","targetHints":{"allow":["GET"]}}],"collection":[{"href":"https:\/\/www.kpnsafety.com\/ve\/wp-json\/wp\/v2\/product"}],"about":[{"href":"https:\/\/www.kpnsafety.com\/ve\/wp-json\/wp\/v2\/types\/product"}],"wp:featuredmedia":[{"embeddable":true,"href":"https:\/\/www.kpnsafety.com\/ve\/wp-json\/wp\/v2\/media\/2321"}],"wp:attachment":[{"href":"https:\/\/www.kpnsafety.com\/ve\/wp-json\/wp\/v2\/media?parent=2320"}],"wp:term":[{"taxonomy":"product_brand","embeddable":true,"href":"https:\/\/www.kpnsafety.com\/ve\/wp-json\/wp\/v2\/product_brand?post=2320"},{"taxonomy":"product_cat","embeddable":true,"href":"https:\/\/www.kpnsafety.com\/ve\/wp-json\/wp\/v2\/product_cat?post=2320"},{"taxonomy":"product_tag","embeddable":true,"href":"https:\/\/www.kpnsafety.com\/ve\/wp-json\/wp\/v2\/product_tag?post=2320"}],"curies":[{"name":"wp","href":"https:\/\/api.w.org\/{rel}","templated":true}]}}