{"id":2324,"date":"2024-01-22T14:02:21","date_gmt":"2024-01-22T19:02:21","guid":{"rendered":"https:\/\/www.kpnsafety.com\/pe\/?post_type=product&#038;p=2324"},"modified":"2025-01-23T21:32:24","modified_gmt":"2025-01-24T02:32:24","slug":"espumogeno-fluorosintetico-afff-3","status":"publish","type":"product","link":"https:\/\/www.kpnsafety.com\/ve\/producto\/espumogeno-fluorosintetico-afff-3\/","title":{"rendered":"ESPUM\u00d3GENO FLUOROSINT\u00c9TICO AFFF 3%"},"content":{"rendered":"<p data-sourcepos=\"3:1-3:20\"><strong>Poder espumante:<\/strong><\/p>\n<ul data-sourcepos=\"5:1-7:0\">\n<li data-sourcepos=\"5:1-5:144\"><strong>Baja expansi\u00f3n:<\/strong> Crea una espuma muy fluida que no se mezcla con los hidrocarburos, permitiendo su aplicaci\u00f3n directa sobre el combustible.<\/li>\n<li data-sourcepos=\"6:1-7:0\"><strong>Media expansi\u00f3n:<\/strong> Forma una espuma m\u00e1s compacta que evita la reignici\u00f3n del fuego.<\/li>\n<\/ul>\n<p data-sourcepos=\"8:1-8:19\"><strong>Tipos de fuego:<\/strong><\/p>\n<p data-sourcepos=\"10:1-10:102\">BIOFILM 3S se puede aplicar a incendios de hidrocarburos como fuel oil, di\u00e9sel, gasolina, queroseno&#8230;<\/p>\n<p data-sourcepos=\"12:1-12:19\"><strong>Medio ambiente:<\/strong><\/p>\n<p data-sourcepos=\"14:1-14:39\">BIOFILM 3S es f\u00e1cilmente biodegradable.<\/p>\n<p data-sourcepos=\"16:1-16:26\"><strong>Cumple con las normas:<\/strong><\/p>\n<ul data-sourcepos=\"18:1-22:0\">\n<li data-sourcepos=\"18:1-18:35\">EN 1568-1 \/ EN 1568-2 \/ EN 1568-3<\/li>\n<li data-sourcepos=\"19:1-19:15\">ICAO: nivel B<\/li>\n<li data-sourcepos=\"20:1-20:63\">Industria petrolera: certificado Gesip \/ certificado Lastfire<\/li>\n<li data-sourcepos=\"21:1-22:0\">Marina: certificado Bureau Veritas<\/li>\n<\/ul>\n<p data-sourcepos=\"23:1-23:20\"><strong>Caracter\u00edsticas:<\/strong><\/p>\n<ul data-sourcepos=\"25:1-33:40\">\n<li data-sourcepos=\"25:1-25:31\"><strong>Aspecto:<\/strong> L\u00edquido amarillo<\/li>\n<li data-sourcepos=\"26:1-26:41\"><strong>Peso espec\u00edfico a 20\u00b0C:<\/strong> 1.01 \u00b1 0.03<\/li>\n<li data-sourcepos=\"27:1-27:26\"><strong>pH a 20\u00b0C:<\/strong> 8.0 \u00b1 1.0<\/li>\n<li data-sourcepos=\"28:1-28:28\"><strong>Viscosidad:<\/strong> Newtoniana<\/li>\n<li data-sourcepos=\"29:1-29:24\"><strong>Sedimentaci\u00f3n:<\/strong> 0 %<\/li>\n<li data-sourcepos=\"30:1-30:44\"><strong>Tensi\u00f3n superficial al 3%:<\/strong> 17 \u00b1 2 mN\/m<\/li>\n<li data-sourcepos=\"31:1-31:43\"><strong>Tensi\u00f3n interfacial al 3%:<\/strong> 2 \u00b1 1 mN\/m<\/li>\n<li data-sourcepos=\"32:1-32:31\"><strong>Punto de congelaci\u00f3n:<\/strong> 0\u00b0C<\/li>\n<li data-sourcepos=\"33:1-33:40\"><strong>Temperaturas de uso:<\/strong> +2\u00b0C \/ + 50\u00b0C<\/li>\n<\/ul>\n","protected":false},"excerpt":{"rendered":"<p data-sourcepos=\"3:1-3:123\">BIOFILM 3S es un concentrado de espuma fluorosint\u00e9tica AFFF al 3% basado en la nueva generaci\u00f3n de surfactante fluorado C6.<\/p>\n<p data-sourcepos=\"5:1-5:338\">La pel\u00edcula acuosa, llamada AFFF, le da a BIOFILM 3S una velocidad de propagaci\u00f3n de la espuma particularmente alta. La velocidad de extinci\u00f3n de incendios de hidrocarburos es mucho mayor que la de otras espumas convencionales gracias a la formaci\u00f3n de la pel\u00edcula acuosa que impide el contacto entre el combustible y el ox\u00edgeno del aire.<\/p>\n<p data-sourcepos=\"7:1-7:86\">BIOFILM 3S se puede utilizar en premezcla permanente, en rociadores, sistemas fijos&#8230;<\/p>\n<p><a class=\"accion\" href=\"https:\/\/api.whatsapp.com\/send?phone=573147862881\" target=\"_blank\" rel=\"noopener\">Contactar un consultor<\/a><\/p>\n<p><a class=\"accion\" href=\"https:\/\/www.kpnsafety.com\/ve\/contacto\/\" target=\"_blank\" rel=\"noopener\">Solicitar Presupuesto<\/a><\/p>\n","protected":false},"featured_media":2325,"template":"","meta":[],"product_brand":[],"product_cat":[68,31],"product_tag":[199,201,198,200],"class_list":{"0":"post-2324","1":"product","2":"type-product","3":"status-publish","4":"has-post-thumbnail","6":"product_cat-agentes-para-extincion-de-incendios","7":"product_cat-proteccion-contra-incendios","8":"product_tag-agente-para-extincion","9":"product_tag-espuma-para-incendios","10":"product_tag-espumogeno","11":"product_tag-extincion-de-incendios","13":"first","14":"instock","15":"shipping-taxable","16":"product-type-simple"},"_links":{"self":[{"href":"https:\/\/www.kpnsafety.com\/ve\/wp-json\/wp\/v2\/product\/2324","targetHints":{"allow":["GET"]}}],"collection":[{"href":"https:\/\/www.kpnsafety.com\/ve\/wp-json\/wp\/v2\/product"}],"about":[{"href":"https:\/\/www.kpnsafety.com\/ve\/wp-json\/wp\/v2\/types\/product"}],"wp:featuredmedia":[{"embeddable":true,"href":"https:\/\/www.kpnsafety.com\/ve\/wp-json\/wp\/v2\/media\/2325"}],"wp:attachment":[{"href":"https:\/\/www.kpnsafety.com\/ve\/wp-json\/wp\/v2\/media?parent=2324"}],"wp:term":[{"taxonomy":"product_brand","embeddable":true,"href":"https:\/\/www.kpnsafety.com\/ve\/wp-json\/wp\/v2\/product_brand?post=2324"},{"taxonomy":"product_cat","embeddable":true,"href":"https:\/\/www.kpnsafety.com\/ve\/wp-json\/wp\/v2\/product_cat?post=2324"},{"taxonomy":"product_tag","embeddable":true,"href":"https:\/\/www.kpnsafety.com\/ve\/wp-json\/wp\/v2\/product_tag?post=2324"}],"curies":[{"name":"wp","href":"https:\/\/api.w.org\/{rel}","templated":true}]}}