{"id":2327,"date":"2024-01-22T14:20:32","date_gmt":"2024-01-22T19:20:32","guid":{"rendered":"https:\/\/www.kpnsafety.com\/pe\/?post_type=product&#038;p=2327"},"modified":"2025-01-23T21:30:09","modified_gmt":"2025-01-24T02:30:09","slug":"cojines-o-bolsas-de-elevacion-lifting-bags","status":"publish","type":"product","link":"https:\/\/www.kpnsafety.com\/ve\/producto\/cojines-o-bolsas-de-elevacion-lifting-bags\/","title":{"rendered":"Cojines o bolsas de elevaci\u00f3n (LIFTING BAGS)"},"content":{"rendered":"<p><strong>ETIQUETAS DE INFORMACI\u00d3N IMPORTANTE<\/strong><\/p>\n<p>Indicaci\u00f3n clara de advertencias de seguridad, especificaciones t\u00e9cnicas y altura de elevaci\u00f3n. Matriz de datos para el equipo. Gesti\u00f3n en el portal de servicios gratuito de Holmatro.<\/p>\n<p><strong>MARCAS CENTRALES Y PERFIL DE ENCAJE<\/strong><\/p>\n<p>Para ayudar a adjuntar una bolsa m\u00e1s peque\u00f1a a un modelo m\u00e1s grande. El perfil de encaje maximiza el \u00e1rea de contacto y la estabilidad de la inflaci\u00f3n. Elevaci\u00f3n de bolsas.<\/p>\n<p><strong>ALMOHADILLAS DESLIZANTES EST\u00c1NDAR<\/strong><\/p>\n<p>Para una f\u00e1cil inserci\u00f3n.<\/p>\n","protected":false},"excerpt":{"rendered":"<p><strong>Bolsa de elevaci\u00f3n de alta presi\u00f3n, sistema de 12 bar \/ 174 psi.<\/strong><br \/>\nDise\u00f1ada para m\u00e1xima seguridad y control al levantar objetos pesados. Ofrece un 50% m\u00e1s de capacidad de elevaci\u00f3n: obt\u00e9n m\u00e1s potencia de tu bolsa de elevaci\u00f3n o utiliza un modelo m\u00e1s peque\u00f1o y liviano para realizar el trabajo.<\/p>\n<p><strong>Suministrado de serie con:<\/strong><\/p>\n<ul>\n<li>Zapatos deslizantes para una f\u00e1cil colocaci\u00f3n del coj\u00edn de elevaci\u00f3n.<\/li>\n<li>Asa de transporte integrada con indicaci\u00f3n de capacidad.<\/li>\n<li>Tapa flexible integrada en la entrada de aire.<\/li>\n<\/ul>\n<p><a class=\"accion\" href=\"https:\/\/api.whatsapp.com\/send?phone=573147862881\" target=\"_blank\" rel=\"noopener\">Contactar un consultor<\/a><\/p>\n<p><a class=\"accion\" href=\"https:\/\/www.kpnsafety.com\/ve\/contacto\/\" target=\"_blank\" rel=\"noopener\">Solicitar Presupuesto<\/a><\/p>\n","protected":false},"featured_media":2384,"template":"","meta":[],"product_brand":[],"product_cat":[183],"product_tag":[204,203,185,202],"class_list":{"0":"post-2327","1":"product","2":"type-product","3":"status-publish","4":"has-post-thumbnail","6":"product_cat-busqueda-y-rescate","7":"product_tag-bolsas-de-elevacion","8":"product_tag-bolsas-holmatro","9":"product_tag-busqueda-y-rescate","10":"product_tag-cojines-o-bolsas-de-elevacion-lifting-bags","12":"first","13":"instock","14":"shipping-taxable","15":"product-type-simple"},"_links":{"self":[{"href":"https:\/\/www.kpnsafety.com\/ve\/wp-json\/wp\/v2\/product\/2327","targetHints":{"allow":["GET"]}}],"collection":[{"href":"https:\/\/www.kpnsafety.com\/ve\/wp-json\/wp\/v2\/product"}],"about":[{"href":"https:\/\/www.kpnsafety.com\/ve\/wp-json\/wp\/v2\/types\/product"}],"wp:featuredmedia":[{"embeddable":true,"href":"https:\/\/www.kpnsafety.com\/ve\/wp-json\/wp\/v2\/media\/2384"}],"wp:attachment":[{"href":"https:\/\/www.kpnsafety.com\/ve\/wp-json\/wp\/v2\/media?parent=2327"}],"wp:term":[{"taxonomy":"product_brand","embeddable":true,"href":"https:\/\/www.kpnsafety.com\/ve\/wp-json\/wp\/v2\/product_brand?post=2327"},{"taxonomy":"product_cat","embeddable":true,"href":"https:\/\/www.kpnsafety.com\/ve\/wp-json\/wp\/v2\/product_cat?post=2327"},{"taxonomy":"product_tag","embeddable":true,"href":"https:\/\/www.kpnsafety.com\/ve\/wp-json\/wp\/v2\/product_tag?post=2327"}],"curies":[{"name":"wp","href":"https:\/\/api.w.org\/{rel}","templated":true}]}}