{"id":2328,"date":"2024-01-22T14:28:25","date_gmt":"2024-01-22T19:28:25","guid":{"rendered":"https:\/\/www.kpnsafety.com\/pe\/?post_type=product&#038;p=2328"},"modified":"2025-01-23T21:29:45","modified_gmt":"2025-01-24T02:29:45","slug":"camara-de-busqueda-ms1","status":"publish","type":"product","link":"https:\/\/www.kpnsafety.com\/ve\/producto\/camara-de-busqueda-ms1\/","title":{"rendered":"C\u00c1MARA DE B\u00daSQUEDA MS1"},"content":{"rendered":"<div class=\"flex max-w-full flex-col flex-grow\">\n<div class=\"min-h-8 text-message flex w-full flex-col items-end gap-2 whitespace-normal break-words text-start [.text-message+&amp;]:mt-5\" dir=\"auto\" data-message-author-role=\"assistant\" data-message-id=\"ee5faa63-8d60-40df-b2ec-1ebeb2950e3c\" data-message-model-slug=\"gpt-4o-mini\">\n<div class=\"flex w-full flex-col gap-1 empty:hidden first:pt-[3px]\">\n<div class=\"markdown prose w-full break-words dark:prose-invert dark\">\n<p><strong>Ventajas<\/strong><\/p>\n<ul>\n<li><strong>Unidad de control MULTI-APP<\/strong> para conectar alternadamente los perif\u00e9ricos incluidos en el kit o opcionales<\/li>\n<li><strong>1 tipo de perif\u00e9rico<\/strong><\/li>\n<li><strong>Perif\u00e9rico listo para usar<\/strong> para implementaciones r\u00e1pidas<\/li>\n<li><strong>Kit evolutivo<\/strong> que puede completarse en cualquier momento<\/li>\n<li><strong>Interfaz de navegaci\u00f3n intuitiva<\/strong><\/li>\n<li><strong>Kit empaquetado en una mochila<\/strong> para facilitar el transporte en el campo<\/li>\n<li><strong>Kit alojado en una caja a prueba de golpes y agua<\/strong> para transporte y almacenamiento<\/li>\n<\/ul>\n<\/div>\n<\/div>\n<\/div>\n<\/div>\n<div class=\"mb-2 flex gap-3 empty:hidden -ml-2\">\n<div class=\"items-center justify-start rounded-xl p-1 flex\"><\/div>\n<\/div>\n","protected":false},"excerpt":{"rendered":"<p><strong>Kit de b\u00fasqueda USAR compuesto por la unidad MULTI-APP y los siguientes perif\u00e9ricos<\/strong><\/p>\n<ul>\n<li><strong>LEADER CAM MS 1<\/strong> &#8211; c\u00e1mara de color.<br \/>\nDesarrollada con especialistas en b\u00fasqueda de v\u00edctimas, la <strong>LEADER MULTISEARCH<\/strong> (o MS) se utiliza durante operaciones de rescate tras estructuras colapsadas para buscar v\u00edctimas atrapadas bajo escombros en \u00e1reas inaccesibles o en espacios confinados de dif\u00edcil acceso.<\/li>\n<\/ul>\n<p>Integrada en el kit <strong>MULTISEARCH<\/strong> (o MS), la unidad de control <strong>MULTI-APP<\/strong> permite la conexi\u00f3n de 4 perif\u00e9ricos LEADER (CAM, TIC, RD90, SEARCH). Los perif\u00e9ricos integrados en este kit se pueden usar para diferentes aplicaciones de b\u00fasqueda al conectar el perif\u00e9rico adecuado:<\/p>\n<ul>\n<li><strong>CAM<\/strong> para b\u00fasqueda visual de v\u00edctimas.<a class=\"accion\" href=\"https:\/\/api.whatsapp.com\/send?phone=573147862881\" target=\"_blank\" rel=\"noopener\">Contactar un consultor<\/a>\n<p><a class=\"accion\" href=\"https:\/\/www.kpnsafety.com\/ve\/contacto\/\" target=\"_blank\" rel=\"noopener\">Solicitar Presupuesto<\/a><\/li>\n<\/ul>\n","protected":false},"featured_media":2329,"template":"","meta":[],"product_brand":[],"product_cat":[183],"product_tag":[185,206,207,205],"class_list":{"0":"post-2328","1":"product","2":"type-product","3":"status-publish","4":"has-post-thumbnail","6":"product_cat-busqueda-y-rescate","7":"product_tag-busqueda-y-rescate","8":"product_tag-cam-ms1","9":"product_tag-camara-leader","10":"product_tag-camara-para-rescate","12":"first","13":"instock","14":"shipping-taxable","15":"product-type-simple"},"_links":{"self":[{"href":"https:\/\/www.kpnsafety.com\/ve\/wp-json\/wp\/v2\/product\/2328","targetHints":{"allow":["GET"]}}],"collection":[{"href":"https:\/\/www.kpnsafety.com\/ve\/wp-json\/wp\/v2\/product"}],"about":[{"href":"https:\/\/www.kpnsafety.com\/ve\/wp-json\/wp\/v2\/types\/product"}],"wp:featuredmedia":[{"embeddable":true,"href":"https:\/\/www.kpnsafety.com\/ve\/wp-json\/wp\/v2\/media\/2329"}],"wp:attachment":[{"href":"https:\/\/www.kpnsafety.com\/ve\/wp-json\/wp\/v2\/media?parent=2328"}],"wp:term":[{"taxonomy":"product_brand","embeddable":true,"href":"https:\/\/www.kpnsafety.com\/ve\/wp-json\/wp\/v2\/product_brand?post=2328"},{"taxonomy":"product_cat","embeddable":true,"href":"https:\/\/www.kpnsafety.com\/ve\/wp-json\/wp\/v2\/product_cat?post=2328"},{"taxonomy":"product_tag","embeddable":true,"href":"https:\/\/www.kpnsafety.com\/ve\/wp-json\/wp\/v2\/product_tag?post=2328"}],"curies":[{"name":"wp","href":"https:\/\/api.w.org\/{rel}","templated":true}]}}