{"id":2330,"date":"2024-01-22T14:33:40","date_gmt":"2024-01-22T19:33:40","guid":{"rendered":"https:\/\/www.kpnsafety.com\/pe\/?post_type=product&#038;p=2330"},"modified":"2025-01-23T21:28:58","modified_gmt":"2025-01-24T02:28:58","slug":"camara-termica-de-alta-resolucion","status":"publish","type":"product","link":"https:\/\/www.kpnsafety.com\/ve\/producto\/camara-termica-de-alta-resolucion\/","title":{"rendered":"C\u00c1MARA T\u00c9RMICA DE ALTA RESOLUCI\u00d3N"},"content":{"rendered":"<p><strong>Ventajas:<\/strong><\/p>\n<ul>\n<li>Ultra compacto: <strong>165 x 140 x 85 mm<\/strong><\/li>\n<li>Ligero: <strong>910 g<\/strong> con 2 bater\u00edas y correas laterales<\/li>\n<li>Gran pantalla de <strong>3,5&#8243;<\/strong> para ver detalles<\/li>\n<li>Amplio rango de temperatura: <strong>-40\u00b0C a +1150\u00b0C<\/strong><\/li>\n<li>Modo de un solo color<\/li>\n<li>Grabaci\u00f3n de fotos y\/o video (<strong>opcional<\/strong>)<\/li>\n<li>Bater\u00edas garantizadas por <strong>6 a\u00f1os \/ 5000 ciclos<\/strong><\/li>\n<li>Bater\u00edas <strong>LiFePO4<\/strong>: dise\u00f1adas para resistir altas temperaturas<\/li>\n<li>Hasta <strong>8 horas de autonom\u00eda<\/strong> (2 bater\u00edas) con <strong>Eco-Boost-System<\/strong><\/li>\n<li>Lente de germanio para proteger la \u00f3ptica<\/li>\n<li>Opci\u00f3n de <strong>agarre tipo pistola<\/strong><\/li>\n<li>Arranque r\u00e1pido: <strong>&lt; 5 segundos<\/strong><\/li>\n<li>Bot\u00f3n grande, apto para ser usado incluso con guantes<\/li>\n<li>Tambi\u00e9n disponible en <strong>9 Hz<\/strong>, <strong>no clasificado como producto de doble uso<\/strong><\/li>\n<\/ul>\n<p><strong>Funciones:<\/strong><\/p>\n<ul>\n<li><strong>ON\/OFF<\/strong><\/li>\n<li>Congelaci\u00f3n de imagen<\/li>\n<li>Toma de fotos (<strong>opcional<\/strong>)<\/li>\n<li>Grabaci\u00f3n continua de video (<strong>opcional<\/strong>)<\/li>\n<\/ul>\n","protected":false},"excerpt":{"rendered":"<div class=\"flex-shrink-0 flex flex-col relative items-end\">\n<div>\n<div class=\"pt-0\">\n<div class=\"gizmo-bot-avatar flex h-8 w-8 items-center justify-center overflow-hidden rounded-full\">\n<div class=\"relative p-1 rounded-sm flex items-center justify-center bg-token-main-surface-primary text-token-text-primary h-8 w-8\">La <strong>c\u00e1mara t\u00e9rmica de alta resoluci\u00f3n<\/strong> es:<\/div>\n<\/div>\n<\/div>\n<\/div>\n<\/div>\n<div class=\"group\/conversation-turn relative flex w-full min-w-0 flex-col agent-turn\">\n<div class=\"flex-col gap-1 md:gap-3\">\n<div class=\"flex max-w-full flex-col flex-grow\">\n<div class=\"min-h-8 text-message flex w-full flex-col items-end gap-2 whitespace-normal break-words text-start [.text-message+&amp;]:mt-5\" dir=\"auto\" data-message-author-role=\"assistant\" data-message-id=\"b0a3c878-0633-49b8-a7eb-9d0a97bde383\" data-message-model-slug=\"gpt-4o-mini\">\n<div class=\"flex w-full flex-col gap-1 empty:hidden first:pt-[3px]\">\n<div class=\"markdown prose w-full break-words dark:prose-invert dark\">\n<p><strong>Eficiente y sencilla<\/strong> = <strong>1 bot\u00f3n<\/strong> + <strong>pantalla de 3,5&#8243;<\/strong><br \/>\nEspecialmente adecuada para intervenciones. El <strong>LEADER TIC 3.1<\/strong> ha sido dise\u00f1ado pensando en la facilidad de uso. Ideal para intervenciones en incendios, la b\u00fasqueda de personas desaparecidas y \u00e1reas de emergencia.<\/p>\n<\/div>\n<\/div>\n<\/div>\n<\/div>\n<\/div>\n<\/div>\n<p><a class=\"accion\" href=\"https:\/\/api.whatsapp.com\/send?phone=573147862881\" target=\"_blank\" rel=\"noopener\">Contactar un consultor<\/a><\/p>\n<p><a class=\"accion\" href=\"https:\/\/www.kpnsafety.com\/ve\/contacto\/\" target=\"_blank\" rel=\"noopener\">Solicitar Presupuesto<\/a><\/p>\n","protected":false},"featured_media":2331,"template":"","meta":[],"product_brand":[],"product_cat":[183],"product_tag":[185,207,208,209],"class_list":{"0":"post-2330","1":"product","2":"type-product","3":"status-publish","4":"has-post-thumbnail","6":"product_cat-busqueda-y-rescate","7":"product_tag-busqueda-y-rescate","8":"product_tag-camara-leader","9":"product_tag-camara-termica","10":"product_tag-leader","12":"first","13":"instock","14":"shipping-taxable","15":"product-type-simple"},"_links":{"self":[{"href":"https:\/\/www.kpnsafety.com\/ve\/wp-json\/wp\/v2\/product\/2330","targetHints":{"allow":["GET"]}}],"collection":[{"href":"https:\/\/www.kpnsafety.com\/ve\/wp-json\/wp\/v2\/product"}],"about":[{"href":"https:\/\/www.kpnsafety.com\/ve\/wp-json\/wp\/v2\/types\/product"}],"wp:featuredmedia":[{"embeddable":true,"href":"https:\/\/www.kpnsafety.com\/ve\/wp-json\/wp\/v2\/media\/2331"}],"wp:attachment":[{"href":"https:\/\/www.kpnsafety.com\/ve\/wp-json\/wp\/v2\/media?parent=2330"}],"wp:term":[{"taxonomy":"product_brand","embeddable":true,"href":"https:\/\/www.kpnsafety.com\/ve\/wp-json\/wp\/v2\/product_brand?post=2330"},{"taxonomy":"product_cat","embeddable":true,"href":"https:\/\/www.kpnsafety.com\/ve\/wp-json\/wp\/v2\/product_cat?post=2330"},{"taxonomy":"product_tag","embeddable":true,"href":"https:\/\/www.kpnsafety.com\/ve\/wp-json\/wp\/v2\/product_tag?post=2330"}],"curies":[{"name":"wp","href":"https:\/\/api.w.org\/{rel}","templated":true}]}}