{"id":2342,"date":"2024-01-22T17:36:03","date_gmt":"2024-01-22T22:36:03","guid":{"rendered":"https:\/\/www.kpnsafety.com\/pe\/?post_type=product&#038;p=2342"},"modified":"2025-01-23T21:24:18","modified_gmt":"2025-01-24T02:24:18","slug":"sistema-de-seguridad-para-bomberos","status":"publish","type":"product","link":"https:\/\/www.kpnsafety.com\/ve\/producto\/sistema-de-seguridad-para-bomberos\/","title":{"rendered":"SISTEMA DE SEGURIDAD PARA BOMBEROS Equipo SCBA"},"content":{"rendered":"<ul>\n<li><strong>Pantalla inal\u00e1mbrica de advertencia<\/strong> para el estado del PASS y la presi\u00f3n del tanque.<\/li>\n<li><strong>Correas ergon\u00f3micas para los hombros<\/strong> que distribuyen el peso lejos de los m\u00fasculos del cuello.<\/li>\n<li><strong>V\u00e1lvula de respiraci\u00f3n integrada<\/strong> con una <strong>\u00fanica trampilla de aire ambiental<\/strong>.<\/li>\n<li><strong>Almohadilla para la cintura ajustable y rotatoria<\/strong>.<\/li>\n<li><strong>Luces posicionadas alrededor del SCBA<\/strong> para una visibilidad de 360\u00b0.<\/li>\n<\/ul>\n","protected":false},"excerpt":{"rendered":"<div class=\"flex-shrink-0 flex flex-col relative items-end\">\n<div>\n<div class=\"pt-0\">\n<div class=\"gizmo-bot-avatar flex h-8 w-8 items-center justify-center overflow-hidden rounded-full\">\n<div class=\"relative p-1 rounded-sm flex items-center justify-center bg-token-main-surface-primary text-token-text-primary h-8 w-8\">Tu <strong>SCBA<\/strong> es tu seguro de vida. Sobre todo, debe estar dise\u00f1ado para soportar las condiciones m\u00e1s duras, pero cuanto menos tengas que pensar en que est\u00e1 all\u00ed, m\u00e1s libertad tendr\u00e1s para hacer tu trabajo. Con \u00e9l, no solo te sentir\u00e1s menos restringido, sino que tambi\u00e9n ser\u00e1 m\u00e1s f\u00e1cil respirar. El <strong>arn\u00e9s ergon\u00f3mico<\/strong> distribuye perfectamente el peso del tanque de aire, mientras que su <strong>sistema de regulador<\/strong> ofrece tasas de flujo de aire l\u00edderes en la industria junto con la <strong>menor resistencia respiratoria<\/strong> de cualquier SCBA aprobado por la <strong>NFPA<\/strong>.<\/div>\n<\/div>\n<\/div>\n<\/div>\n<\/div>\n<p><a class=\"accion\" href=\"https:\/\/api.whatsapp.com\/send?phone=573147862881\" target=\"_blank\" rel=\"noopener\">Contactar un consultor<\/a><\/p>\n<p><a class=\"accion\" href=\"https:\/\/www.kpnsafety.com\/ve\/contacto\/\" target=\"_blank\" rel=\"noopener\">Solicitar Presupuesto<\/a><\/p>\n","protected":false},"featured_media":2345,"template":"","meta":[],"product_brand":[],"product_cat":[31,75],"product_tag":[],"class_list":{"0":"post-2342","1":"product","2":"type-product","3":"status-publish","4":"has-post-thumbnail","6":"product_cat-proteccion-contra-incendios","7":"product_cat-equipos-de-respiracion-autonoma-scba-proteccion-contra-incendios","9":"first","10":"instock","11":"shipping-taxable","12":"product-type-simple"},"_links":{"self":[{"href":"https:\/\/www.kpnsafety.com\/ve\/wp-json\/wp\/v2\/product\/2342","targetHints":{"allow":["GET"]}}],"collection":[{"href":"https:\/\/www.kpnsafety.com\/ve\/wp-json\/wp\/v2\/product"}],"about":[{"href":"https:\/\/www.kpnsafety.com\/ve\/wp-json\/wp\/v2\/types\/product"}],"wp:featuredmedia":[{"embeddable":true,"href":"https:\/\/www.kpnsafety.com\/ve\/wp-json\/wp\/v2\/media\/2345"}],"wp:attachment":[{"href":"https:\/\/www.kpnsafety.com\/ve\/wp-json\/wp\/v2\/media?parent=2342"}],"wp:term":[{"taxonomy":"product_brand","embeddable":true,"href":"https:\/\/www.kpnsafety.com\/ve\/wp-json\/wp\/v2\/product_brand?post=2342"},{"taxonomy":"product_cat","embeddable":true,"href":"https:\/\/www.kpnsafety.com\/ve\/wp-json\/wp\/v2\/product_cat?post=2342"},{"taxonomy":"product_tag","embeddable":true,"href":"https:\/\/www.kpnsafety.com\/ve\/wp-json\/wp\/v2\/product_tag?post=2342"}],"curies":[{"name":"wp","href":"https:\/\/api.w.org\/{rel}","templated":true}]}}