{"id":2346,"date":"2024-01-22T17:46:22","date_gmt":"2024-01-22T22:46:22","guid":{"rendered":"https:\/\/www.kpnsafety.com\/pe\/?post_type=product&#038;p=2346"},"modified":"2025-01-23T21:23:50","modified_gmt":"2025-01-24T02:23:50","slug":"arnes-scba","status":"publish","type":"product","link":"https:\/\/www.kpnsafety.com\/ve\/producto\/arnes-scba\/","title":{"rendered":"ARN\u00c9S SCBA"},"content":{"rendered":"<ul>\n<li>El arn\u00e9s est\u00e1 dise\u00f1ado con una cantidad m\u00ednima de partes textiles, lo que lo hace menos susceptible a la contaminaci\u00f3n y mucho m\u00e1s f\u00e1cil de limpiar. La pantalla digital puede configurarse para mostrar una o m\u00e1s de las siguientes opciones:\n<ol>\n<li>S\u00edmbolo de presi\u00f3n del cilindro<\/li>\n<li>Presi\u00f3n del cilindro en psi<\/li>\n<li>Tiempo de aire restante basado en la tasa de respiraci\u00f3n actual<\/li>\n<li>Temperatura absorbida<\/li>\n<\/ol>\n<p>Dos botones grandes operan el sistema PASS integrado, y el sensor de movimiento est\u00e1 ubicado en la unidad de visualizaci\u00f3n para un f\u00e1cil reinicio. La computadora del SCBA est\u00e1 protegida en el marco posterior, controla toda la electr\u00f3nica y guarda todos los datos de uso para an\u00e1lisis futuros. Las rampas LED proporcionan una indicaci\u00f3n clara de 360\u00b0 sobre el estado del PASS y la presi\u00f3n del aire en el cilindro.<\/p>\n<p>El <strong>Head-Up Display (HUD)<\/strong> inal\u00e1mbrico proporciona una indicaci\u00f3n continua y sin manos de la presi\u00f3n del cilindro y alarmas de bajo nivel de aire. Tus compa\u00f1eros pueden ver f\u00e1cilmente las indicaciones del HUD gracias a la funci\u00f3n <strong>Buddy Light<\/strong>. Est\u00e1 bien protegido dentro de la m\u00e1scara y se puede colocar y quitar f\u00e1cilmente sin herramientas.<\/p>\n<p>El dise\u00f1o robusto y ergon\u00f3mico del arn\u00e9s maximiza la <strong>comodidad, movilidad y resistencia<\/strong>. La caracter\u00edstica \u00fanica de doble pivote permite que las correas del hombro y el cintur\u00f3n de cintura se muevan de manera independiente, asegurando una distribuci\u00f3n \u00f3ptima del peso durante todas las operaciones de extinci\u00f3n de incendios.<\/p>\n<p>El <strong>segundo etapa integrada<\/strong> en la m\u00e1scara facial proporciona un <strong>amplio campo de visi\u00f3n<\/strong>, mejor sellado gracias a la distribuci\u00f3n \u00f3ptima del peso, claridad en la calidad de la voz y permanece conectada de manera segura y bien protegida en todo momento.<\/p>\n<p><strong>Caracter\u00edsticas adicionales:<\/strong><\/p>\n<ul>\n<li><strong>Silbato de advertencia mec\u00e1nico<\/strong> y <strong>man\u00f3metro anal\u00f3gico de presi\u00f3n.<\/strong><\/li>\n<li>El <strong>dispositivo de acoplamiento del cilindro<\/strong> protege la v\u00e1lvula del cilindro.<\/li>\n<li>Un <strong>protector de goma \u00fanico<\/strong> que recorre los hombros protege contra materiales quemantes.<\/li>\n<li>El ajuste se realiza f\u00e1cilmente desde el interior del arn\u00e9s para adaptarse a diferentes tama\u00f1os corporales.<\/li>\n<li>Las <strong>correas ergon\u00f3micas del hombro<\/strong> distribuyen el peso lejos de los m\u00fasculos del cuello.<\/li>\n<li><strong>Asa robusta para rescate y transporte.<\/strong><\/li>\n<li>El <strong>HUD<\/strong> muestra la presi\u00f3n del cilindro y el estado PASS mediante luces LED de colores.<\/li>\n<\/ul>\n<\/li>\n<\/ul>\n","protected":false},"excerpt":{"rendered":"<p>El <strong>arn\u00e9s SCBA de 9\u00aa generaci\u00f3n<\/strong>, aprobado por <strong>NIOSH<\/strong> y <strong>NFPA<\/strong>, combina los \u00faltimos desarrollos electr\u00f3nicos, un concepto de arn\u00e9s robusto y ergon\u00f3mico con el rendimiento comprobado del regulador de primera etapa, la v\u00e1lvula de respiraci\u00f3n de segunda etapa y la m\u00e1scara facial.<\/p>\n<p>El arn\u00e9s est\u00e1 dise\u00f1ado con una cantidad m\u00ednima de <strong>partes textiles<\/strong>, lo que lo hace <strong>menos susceptible a la contaminaci\u00f3n<\/strong> y <strong>mucho m\u00e1s f\u00e1cil de limpiar<\/strong>.<\/p>\n<p><a class=\"accion\" href=\"https:\/\/api.whatsapp.com\/send?phone=573147862881\" target=\"_blank\" rel=\"noopener\">Contactar un consultor<\/a><\/p>\n<p><a class=\"accion\" href=\"https:\/\/www.kpnsafety.com\/ve\/contacto\/\" target=\"_blank\" rel=\"noopener\">Solicitar Presupuesto<\/a><\/p>\n","protected":false},"featured_media":2347,"template":"","meta":[],"product_brand":[],"product_cat":[75,31],"product_tag":[214,225],"class_list":{"0":"post-2346","1":"product","2":"type-product","3":"status-publish","4":"has-post-thumbnail","6":"product_cat-equipos-de-respiracion-autonoma-scba-proteccion-contra-incendios","7":"product_cat-proteccion-contra-incendios","8":"product_tag-arnes-incurve","9":"product_tag-arnes-scba","11":"first","12":"instock","13":"shipping-taxable","14":"product-type-simple"},"_links":{"self":[{"href":"https:\/\/www.kpnsafety.com\/ve\/wp-json\/wp\/v2\/product\/2346","targetHints":{"allow":["GET"]}}],"collection":[{"href":"https:\/\/www.kpnsafety.com\/ve\/wp-json\/wp\/v2\/product"}],"about":[{"href":"https:\/\/www.kpnsafety.com\/ve\/wp-json\/wp\/v2\/types\/product"}],"wp:featuredmedia":[{"embeddable":true,"href":"https:\/\/www.kpnsafety.com\/ve\/wp-json\/wp\/v2\/media\/2347"}],"wp:attachment":[{"href":"https:\/\/www.kpnsafety.com\/ve\/wp-json\/wp\/v2\/media?parent=2346"}],"wp:term":[{"taxonomy":"product_brand","embeddable":true,"href":"https:\/\/www.kpnsafety.com\/ve\/wp-json\/wp\/v2\/product_brand?post=2346"},{"taxonomy":"product_cat","embeddable":true,"href":"https:\/\/www.kpnsafety.com\/ve\/wp-json\/wp\/v2\/product_cat?post=2346"},{"taxonomy":"product_tag","embeddable":true,"href":"https:\/\/www.kpnsafety.com\/ve\/wp-json\/wp\/v2\/product_tag?post=2346"}],"curies":[{"name":"wp","href":"https:\/\/api.w.org\/{rel}","templated":true}]}}